{"id":1228,"date":"2020-11-16T13:52:03","date_gmt":"2020-11-16T13:52:03","guid":{"rendered":"https:\/\/invasionberlin.com\/festival\/?page_id=1228"},"modified":"2025-07-16T14:43:55","modified_gmt":"2025-07-16T12:43:55","slug":"uber-uns","status":"publish","type":"page","link":"https:\/\/invasionberlin.com\/festival\/de\/uber-uns\/","title":{"rendered":"\u00dcber uns"},"content":{"rendered":"<p>[et_pb_section fb_built=&#8220;1&#8243; admin_label=&#8220;Header&#8220; _builder_version=&#8220;4.16&#8243; use_background_color_gradient=&#8220;on&#8220; background_color_gradient_stops=&#8220;rgba(0,0,0,0.5) 0%|#000000 100%&#8220; background_color_gradient_overlays_image=&#8220;on&#8220; background_color_gradient_start=&#8220;rgba(0,0,0,0.5)&#8220; background_color_gradient_end=&#8220;#000000&#8243; background_image=&#8220;https:\/\/invasionberlin.com\/festival\/wp-content\/uploads\/2020\/10\/movie-02.jpg&#8220; custom_padding=&#8220;0px||0px||true|false&#8220; locked=&#8220;off&#8220; global_colors_info=&#8220;{}&#8220;][et_pb_row _builder_version=&#8220;4.16&#8243; custom_padding=&#8220;30px||30px||true|false&#8220; global_colors_info=&#8220;{}&#8220;][et_pb_column type=&#8220;4_4&#8243; _builder_version=&#8220;4.16&#8243; global_colors_info=&#8220;{}&#8220;][et_pb_text _builder_version=&#8220;4.16&#8243; text_text_color=&#8220;rgba(255,255,255,0.5)&#8220; text_font_size=&#8220;16px&#8220; text_line_height=&#8220;1.8em&#8220; header_font=&#8220;Montserrat|300||on|||||&#8220; header_font_size=&#8220;48px&#8220; header_line_height=&#8220;1.2em&#8220; header_3_font=&#8220;Montserrat|700||on|||||&#8220; header_3_text_color=&#8220;rgba(255,255,255,0.5)&#8220; header_3_font_size=&#8220;16px&#8220; header_3_letter_spacing=&#8220;2px&#8220; header_3_line_height=&#8220;1.4em&#8220; background_layout=&#8220;dark&#8220; header_3_font_size_tablet=&#8220;14px&#8220; header_3_font_size_phone=&#8220;&#8220; header_3_font_size_last_edited=&#8220;on|phone&#8220; text_text_align=&#8220;left&#8220; locked=&#8220;off&#8220; global_colors_info=&#8220;{}&#8220;]<\/p>\n<h1><b>\u00dcBER <\/b>UNS<\/h1>\n<p>[\/et_pb_text][\/et_pb_column][\/et_pb_row][\/et_pb_section][et_pb_section fb_built=&#8220;1&#8243; admin_label=&#8220;CTA&#8220; _builder_version=&#8220;4.16&#8243; background_color=&#8220;#000000&#8243; custom_padding=&#8220;0px||0px||true|false&#8220; locked=&#8220;off&#8220; global_colors_info=&#8220;{}&#8220;][et_pb_row _builder_version=&#8220;4.16&#8243; width=&#8220;100%&#8220; custom_padding=&#8220;0px||0px||true|false&#8220; global_colors_info=&#8220;{}&#8220;][et_pb_column type=&#8220;4_4&#8243; _builder_version=&#8220;4.16&#8243; global_colors_info=&#8220;{}&#8220;][et_pb_text _builder_version=&#8220;4.21.0&#8243; text_text_color=&#8220;#ffffff&#8220; text_font_size=&#8220;16px&#8220; text_line_height=&#8220;1.8em&#8220; header_3_font=&#8220;Montserrat|700||on|||||&#8220; header_3_text_color=&#8220;#f9002b&#8220; header_3_font_size=&#8220;16px&#8220; header_3_letter_spacing=&#8220;2px&#8220; header_3_line_height=&#8220;1.4em&#8220; text_orientation=&#8220;center&#8220; background_layout=&#8220;dark&#8220; module_alignment=&#8220;center&#8220; text_font_size_tablet=&#8220;15px&#8220; text_font_size_phone=&#8220;14px&#8220; text_font_size_last_edited=&#8220;on|phone&#8220; header_3_font_size_tablet=&#8220;14px&#8220; header_3_font_size_phone=&#8220;&#8220; header_3_font_size_last_edited=&#8220;on|phone&#8220; global_colors_info=&#8220;{}&#8220;]<\/p>\n<p style=\"text-align: left;\"><strong>INVASION<\/strong>, das argentinische Filmfestival wurde 2014 im Rahmen des 20j\u00e4hrigen Jubil\u00e4ums der St\u00e4dtepartnerschaft zwischen Berlin und Buenos Aires gegr\u00fcndet und hat sich seitdem zu dem Festival f\u00fcr das facettenreiche und \u00e4u\u00dferst vitale argentinsche Kino in Berlin etabliert. Erkl\u00e4rtes Ziel ist es, die Vielfalt dieser s\u00fcdamerikanischen Filmlandschaft zu pr\u00e4sentieren und als Forum f\u00fcr Filme aus Argentinien zu agieren.<\/p>\n<p><\/p>\n<p style=\"text-align: left;\">In jenem ersten Jahr beschlossen wir, ins traditionsreiche Kino Babylon Mitte \u201ceinzufallen\u201d. \u00dcber einen Monat waren zehn Filme von Filmemachern und Regisseurinnen zu sehen, die mit dem Werk argentinischer Vertreter aus anderen Kunst- und Kulturformen in Beziehung gesetzt wurden. Begleitend zum Filmprogramm fanden Konzerte, Performances, Ausstellungen, Lesungen und kulinarische Verk\u00f6stigungen statt.<\/p>\n<p><\/p>\n<p style=\"text-align: left;\">In den darauffolgenden Jahren haben wir unseren Status als Referenzpunkt f\u00fcr gro\u00dfartiges argentinisches Kino festigen k\u00f6nnen, indem wir innovative Werke in Originalsprache nach Berlin gebracht haben, die trotz gro\u00dfer Erfolge auf den internationalen Festivals nur selten in den deutschen Kinos zu erleben sind.<\/p>\n<p><\/p>\n<p style=\"text-align: left;\">2017 haben wir uns regional erweitert und Invasion auch in andere St\u00e4dte Deutschlands gebracht. So hat uns die Reise an das Filmmuseum M\u00fcnchen, das Caligari Kino in Wiesbaden, die Kinemathek in Karlsruhe und das Orfeo Erben Kino in Frankfurt gef\u00fchrt. Unsere Perspektive f\u00fchrt aber nicht nur von S\u00fcdamerika nach Europa, sondern strahlt auch zur\u00fcck. Als Teil des kulturellen Austausches zwischen Berlin und Buenos Aires organisieren wir ebenfalls Werkschauen mit deutschen Filmen in Argentinien. 2016 haben wir die erste Retrospektive der Filme Angela Schanelecs in der Sala Lugones in Buenos Aires veranstaltet, und in 2019 haben wir in Zusammenarbeit mit dem Filmfestival Mar del Plata, dem Goethe-Institut, der Cinemateca Argentina Stiftung und der Sala Lugones 3 Berliner Filmemacher: Heise, Schanelec, Hartmann programmiert.<\/p>\n<p><\/p>\n<p style=\"text-align: left;\">Zu unserem 10-j\u00e4hrigen Jubil\u00e4um blicken wir zur\u00fcck und stellen fest, dass wir insgesamt bereits 76 Spielfilme und 18 Kurzfilme gezeigt haben, unter anderem von Hugo Santiago, Santiago Mitre, Mar\u00eda Alch\u00e9, Benjam\u00edn Naishtat, Nestor Frenkel, Sof\u00eda Mora, Jos\u00e9 Celestino Campusano, Teddy Williams, Agustina Comedi, Constanza Novick, Mart\u00edn Shanly, Manuel Abramovich, Mat\u00edas Pi\u00f1eiro, Melisa Libenthal, Gast\u00f3n Solnicki, Romina Paula, Santiago Loza, Nele Wohlatz, Lisandro Alonso, Mart\u00edn Farina, Ana Katz, Ezequiel Radusky und Clarisa Navas. Wir feiern sie und hoffen, dass die Liste noch weiter w\u00e4chst.<\/p>\n<p>[\/et_pb_text][\/et_pb_column][\/et_pb_row][\/et_pb_section][et_pb_section fb_built=&#8220;1&#8243; admin_label=&#8220;Why Choose Us&#8220; _builder_version=&#8220;4.16&#8243; background_color=&#8220;#000000&#8243; custom_padding=&#8220;0px||0px||true|false&#8220; global_colors_info=&#8220;{}&#8220;][et_pb_row _builder_version=&#8220;4.16&#8243; custom_padding=&#8220;30px||30px||true|false&#8220; global_colors_info=&#8220;{}&#8220;][et_pb_column type=&#8220;4_4&#8243; _builder_version=&#8220;4.16&#8243; global_colors_info=&#8220;{}&#8220;][et_pb_text _builder_version=&#8220;4.16&#8243; text_text_color=&#8220;rgba(255,255,255,0.5)&#8220; text_font_size=&#8220;16px&#8220; text_line_height=&#8220;1.8em&#8220; header_font=&#8220;Montserrat|||on|||||&#8220; header_font_size=&#8220;48px&#8220; header_2_font=&#8220;Montserrat|||on|||||&#8220; header_2_font_size=&#8220;38px&#8220; header_2_line_height=&#8220;1.2em&#8220; header_3_font=&#8220;Montserrat|700||on|||||&#8220; header_3_text_color=&#8220;#f9002b&#8220; header_3_font_size=&#8220;16px&#8220; header_3_letter_spacing=&#8220;2px&#8220; header_3_line_height=&#8220;1.4em&#8220; background_layout=&#8220;dark&#8220; max_width=&#8220;1080px&#8220; module_alignment=&#8220;left&#8220; header_2_font_size_tablet=&#8220;40px&#8220; header_2_font_size_phone=&#8220;30px&#8220; header_2_font_size_last_edited=&#8220;off|desktop&#8220; header_3_font_size_tablet=&#8220;14px&#8220; header_3_font_size_phone=&#8220;&#8220; header_3_font_size_last_edited=&#8220;on|phone&#8220; global_colors_info=&#8220;{}&#8220;]<\/p>\n<h1>WIR MACHEN <strong>INVASION<\/strong><\/h1>\n<p>[\/et_pb_text][\/et_pb_column][\/et_pb_row][et_pb_row _builder_version=&#8220;4.16&#8243; custom_padding=&#8220;0px||0px||true|false&#8220; global_colors_info=&#8220;{}&#8220;][et_pb_column type=&#8220;4_4&#8243; _builder_version=&#8220;4.16&#8243; custom_padding_tablet=&#8220;&#8220; custom_padding_phone=&#8220;&#8220; custom_padding_last_edited=&#8220;on|phone&#8220; border_color_all=&#8220;rgba(255,255,255,0.1)&#8220; global_colors_info=&#8220;{}&#8220;][et_pb_team_member name=&#8220;Julieta Zarankin&#8220; image_url=&#8220;https:\/\/invasionberlin.com\/festival\/wp-content\/uploads\/2021\/04\/julieta-web-1.jpg&#8220; _builder_version=&#8220;4.27.4&#8243; _module_preset=&#8220;default&#8220; header_font=&#8220;Montserrat|700|||||||&#8220; header_font_size=&#8220;20px&#8220; text_orientation=&#8220;justified&#8220; background_layout=&#8220;dark&#8220; hover_enabled=&#8220;0&#8243; global_colors_info=&#8220;{}&#8220; sticky_enabled=&#8220;0&#8243;]<\/p>\n<p>Julieta wurde in Buenos Aires geboren und lebt seit 2009 dauerhaft in Berlin. Nach dem Abschluss ihres Studiums an der Fakult\u00e4t f\u00fcr Philosophie und Literatur der Universidad de Buenos Aires arbeitete sie in verschiedenen Bereichen der Filmpromotion, -distribution und -produktion \u2013 unter anderem bei Festivals wie BAFICI und Mar del Plata, bei Produktionsfirmen wie Black Forest Films und Sommerhaus Filmproduktion, sowie bei Verleihern wie Santa Cine und dem Wolf Kino, wo sie Teil des Gr\u00fcndungsteams war. Im Jahr 2021 wurde sie Teil des Berlinale Co-Production Market Teams, wo sie weiterhin arbeitet. 2014 gr\u00fcndete sie INVASION, das erste argentinische Film- und Kulturfestival in Berlin, das sie seither leitet. Sie kuratiert gemeinsam mit Dorothee Wenner die argentinische Sektion von Box Office Around the World im Humboldt Forum.<\/p>\n<p><\/p>\n<p>&nbsp;<\/p>\n<p>[\/et_pb_team_member][et_pb_team_member name=&#8220;Mart\u00edn Sac\u00e1n&#8220; image_url=&#8220;https:\/\/invasionberlin.com\/festival\/wp-content\/uploads\/2021\/04\/martin-web-1.jpg&#8220; _builder_version=&#8220;4.16&#8243; _module_preset=&#8220;default&#8220; header_font=&#8220;Montserrat|700|||||||&#8220; header_font_size=&#8220;20px&#8220; text_orientation=&#8220;justified&#8220; background_layout=&#8220;dark&#8220; global_colors_info=&#8220;{}&#8220;]<\/p>\n<p>Martin wurde 1984 in Buenos Aires, Argentinien, geboren. Er studierte Kommunikationswissenschaften an der Universit\u00e4t von Buenos Aires und Journalismus an der TEA. Er arbeitete als Journalist f\u00fcr verschiedene Print- und Online-Medien in Lateinamerika und Europa. Seit 2019 lebt er in Berlin und ist f\u00fcr den Pressebereich von INVASION zust\u00e4ndig.<\/p>\n<p><\/p>\n<p>&nbsp;<\/p>\n<p>[\/et_pb_team_member][et_pb_team_member name=&#8220;Jana Daedelow&#8220; image_url=&#8220;https:\/\/invasionberlin.com\/festival\/wp-content\/uploads\/2021\/04\/lucia-web-1.jpg&#8220; _builder_version=&#8220;4.27.4&#8243; _module_preset=&#8220;default&#8220; header_font=&#8220;Montserrat|700|||||||&#8220; header_font_size=&#8220;20px&#8220; text_orientation=&#8220;justified&#8220; background_layout=&#8220;dark&#8220; hover_enabled=&#8220;0&#8243; global_colors_info=&#8220;{}&#8220; sticky_enabled=&#8220;0&#8243;]<\/p>\n<p>Jana arbeitet seit mehr als 25 Jahren in der Film und TV Industrie. Bei der Berlinale hat sie in verschiedenen Programm- und G\u00e4ste-orientierten Positionen gearbeitet, davon die meiste Zeit f\u00fcr Berlinale Talents. Sie hat ebenfalls in Buenos Aires, Argentinien, gelebt, wo sie f\u00fcr das BAFICI und das German Film Festival gearbeitet hat. Sie war wiederholt f\u00fcr wichtige europ\u00e4ische Film-Organisationen wie European Film Promotion (EFP) und European Film Academy (EFA) t\u00e4tig. Sie war ebenfalls an der Produktion vielz\u00e4hliger Filme und Serien beteiligt sowie als Art Department Coordinator. Seit 2020 ist sie in ihrer aktuellen Position als Koordinatorin des Berlinale Series Market, in der sie auch als Teil des Auswahlkomittees von Berlinale Series Market Selects fungiert.<\/p>\n<p><\/p>\n<p>&nbsp;<\/p>\n<p>[\/et_pb_team_member][et_pb_team_member name=&#8220;Luc\u00eda Tebaldi&#8220; image_url=&#8220;https:\/\/invasionberlin.com\/festival\/wp-content\/uploads\/2021\/04\/lucia-t-web.jpg&#8220; _builder_version=&#8220;4.27.4&#8243; _module_preset=&#8220;default&#8220; header_font=&#8220;Montserrat|700|||||||&#8220; header_font_size=&#8220;20px&#8220; text_orientation=&#8220;justified&#8220; background_layout=&#8220;dark&#8220; hover_enabled=&#8220;0&#8243; global_colors_info=&#8220;{}&#8220; sticky_enabled=&#8220;0&#8243;]<\/p>\n<p>Luc\u00eda wurde in 1978 Argentinien geboren. Sie hat einen Abschluss in Kunst an der Fakult\u00e4t f\u00fcr Philosophie und Literatur der Universit\u00e4t von Buenos Aires. Immer interessiert an der Filmsprache, schloss sie sich 2006 der k\u00fcnstlerischen Produktion des Buenos Aires International Independent Film Festival an und setzt ihre Arbeit im Bereich Filmvertrieb bei FiGa Films und Cinetren, verantwortlich f\u00fcr den Vertrieb, fort. Sie ist die Gr\u00fcnderin von SANTA Cine, einer auf Autorenkino spezialisierten Vertriebsfirma mit Sitz in Buenos Aires. Sie hat in den letzten drei Jahren mehr als 40 argentinische Filmtitel vorgestellt.<\/p>\n<p><\/p>\n<p>&nbsp;<\/p>\n<p>[\/et_pb_team_member][\/et_pb_column][\/et_pb_row][\/et_pb_section]<\/p>\n","protected":false},"excerpt":{"rendered":"<p>\u00dcBER UNSINVASION, das argentinische Filmfestival wurde 2014 im Rahmen des 20j\u00e4hrigen Jubil\u00e4ums der St\u00e4dtepartnerschaft zwischen Berlin und Buenos Aires gegr\u00fcndet und hat sich seitdem zu dem Festival f\u00fcr das facettenreiche und \u00e4u\u00dferst vitale argentinsche Kino in Berlin etabliert. Erkl\u00e4rtes Ziel ist es, die Vielfalt dieser s\u00fcdamerikanischen Filmlandschaft zu pr\u00e4sentieren und als Forum f\u00fcr Filme aus [&hellip;]<\/p>\n","protected":false},"author":1,"featured_media":0,"parent":0,"menu_order":0,"comment_status":"closed","ping_status":"closed","template":"","meta":{"_et_pb_use_builder":"on","_et_pb_old_content":"","_et_gb_content_width":"","footnotes":""},"class_list":["post-1228","page","type-page","status-publish","hentry"],"_links":{"self":[{"href":"https:\/\/invasionberlin.com\/festival\/de\/wp-json\/wp\/v2\/pages\/1228","targetHints":{"allow":["GET"]}}],"collection":[{"href":"https:\/\/invasionberlin.com\/festival\/de\/wp-json\/wp\/v2\/pages"}],"about":[{"href":"https:\/\/invasionberlin.com\/festival\/de\/wp-json\/wp\/v2\/types\/page"}],"author":[{"embeddable":true,"href":"https:\/\/invasionberlin.com\/festival\/de\/wp-json\/wp\/v2\/users\/1"}],"replies":[{"embeddable":true,"href":"https:\/\/invasionberlin.com\/festival\/de\/wp-json\/wp\/v2\/comments?post=1228"}],"version-history":[{"count":40,"href":"https:\/\/invasionberlin.com\/festival\/de\/wp-json\/wp\/v2\/pages\/1228\/revisions"}],"predecessor-version":[{"id":4955,"href":"https:\/\/invasionberlin.com\/festival\/de\/wp-json\/wp\/v2\/pages\/1228\/revisions\/4955"}],"wp:attachment":[{"href":"https:\/\/invasionberlin.com\/festival\/de\/wp-json\/wp\/v2\/media?parent=1228"}],"curies":[{"name":"wp","href":"https:\/\/api.w.org\/{rel}","templated":true}]}}