{"id":1264,"date":"2020-11-16T14:31:59","date_gmt":"2020-11-16T14:31:59","guid":{"rendered":"https:\/\/invasionberlin.com\/festival\/?page_id=1264"},"modified":"2020-11-18T18:39:37","modified_gmt":"2020-11-18T18:39:37","slug":"ausgabe-2014","status":"publish","type":"page","link":"https:\/\/invasionberlin.com\/festival\/de\/ausgabe-2014\/","title":{"rendered":"Ausgabe 2014"},"content":{"rendered":"<p>[et_pb_section fb_built=&#8220;1&#8243; custom_padding_last_edited=&#8220;off|phone&#8220; admin_label=&#8220;Header&#8220; _builder_version=&#8220;4.6.6&#8243; use_background_color_gradient=&#8220;on&#8220; background_color_gradient_start=&#8220;rgba(0,0,0,0.5)&#8220; background_color_gradient_end=&#8220;rgba(0,0,0,0.64)&#8220; background_color_gradient_overlays_image=&#8220;on&#8220; background_image=&#8220;https:\/\/invasionberlin.com\/festival\/wp-content\/uploads\/2020\/11\/invasion2014-banner.jpg&#8220; parallax=&#8220;on&#8220; custom_padding=&#8220;80px||80px||true|false&#8220; locked=&#8220;off&#8220;][et_pb_row _builder_version=&#8220;4.0.6&#8243;][et_pb_column type=&#8220;4_4&#8243; _builder_version=&#8220;4.0.6&#8243; custom_padding_tablet=&#8220;30px||30px||true|false&#8220; custom_padding_last_edited=&#8220;off|desktop&#8220;][et_pb_text _builder_version=&#8220;4.6.6&#8243; text_text_color=&#8220;rgba(255,255,255,0.5)&#8220; text_font_size=&#8220;16px&#8220; text_line_height=&#8220;1.8em&#8220; header_font=&#8220;Montserrat|700||on|||||&#8220; header_text_align=&#8220;center&#8220; header_font_size=&#8220;40px&#8220; header_2_font=&#8220;Montserrat||||||||&#8220; header_2_text_align=&#8220;center&#8220; header_3_font=&#8220;Montserrat|700||on|||||&#8220; header_3_text_color=&#8220;rgba(255,255,255,0.5)&#8220; header_3_font_size=&#8220;16px&#8220; header_3_letter_spacing=&#8220;2px&#8220; header_3_line_height=&#8220;1.4em&#8220; background_layout=&#8220;dark&#8220; header_3_font_size_tablet=&#8220;14px&#8220; header_3_font_size_phone=&#8220;&#8220; header_3_font_size_last_edited=&#8220;on|phone&#8220; text_text_align=&#8220;left&#8220; locked=&#8220;off&#8220;]<\/p>\n<h1>Invasion Berlin 2014<\/h1>\n<h2><strong>Buenos Aires &#8211; Berlin<\/strong><\/h2>\n<p>[\/et_pb_text][\/et_pb_column][\/et_pb_row][\/et_pb_section][et_pb_section fb_built=&#8220;1&#8243; admin_label=&#8220;Info&#8220; _builder_version=&#8220;4.0.6&#8243; background_color=&#8220;#000000&#8243; custom_padding=&#8220;35px||15px|||&#8220;][et_pb_row _builder_version=&#8220;4.0.6&#8243; locked=&#8220;off&#8220;][et_pb_column type=&#8220;4_4&#8243; _builder_version=&#8220;4.0.6&#8243;][et_pb_toggle title=&#8220;Im September 2014 besuchte die argentinische Kultur, Hand in Hand mit dem Kino, die deutsche Hauptstadt. Aus der Projektion von 10 Filmen fanden an mehreren Punkten der Stadt verschiedene kulturelle Aktivit\u00e4ten statt.&#8220; open_toggle_text_color=&#8220;#ffffff&#8220; use_icon_font_size=&#8220;on&#8220; icon_font_size=&#8220;26px&#8220; _builder_version=&#8220;4.7.1&#8243; _module_preset=&#8220;default&#8220; title_text_color=&#8220;#ffffff&#8220; title_font=&#8220;Montserrat|700|||||||&#8220; closed_title_font=&#8220;Montserrat|700|||||||&#8220; body_text_align=&#8220;justify&#8220; body_text_color=&#8220;#ffffff&#8220; background_color=&#8220;#000000&#8243; hover_enabled=&#8220;0&#8243; sticky_enabled=&#8220;0&#8243;]<\/p>\n<p>W\u00e4hrend eines Monats kreuzten sich verschiedene k\u00fcnstlerische Disziplinen, st\u00e4rkten und erzeugten vielf\u00e4ltige und unerwartete Verbindungen, die ein aktuelles und dynamisches Panorama der zeitgen\u00f6ssischen argentinischen Kultur pr\u00e4sentierten.<\/p>\n<p>Durch die Werke von mehr als 40 K\u00fcnstlern hatten die Bewohner Berlins die M\u00f6glichkeit, die Vielfalt und den Reichtum der aktuellen kulturellen Ausdrucksformen in verschiedenen Szenarien zu erschlie\u00dfen, was wiederum einen Rundgang durch Berlin implizierte. Das emblematische Kino Babylon in Mitte, verschiedene etablierte Galerien und neue Kunstr\u00e4ume in Kreuzberg, Sch\u00f6neberg, Friedrichshain und Neuk\u00f6lln, die Buchhandlung La Rayuela sowie die Restaurants Sudaka bei Chakall und Gloria Bar waren die B\u00fchnen dieses Festivals.<\/p>\n<p>[\/et_pb_toggle][\/et_pb_column][\/et_pb_row][et_pb_row column_structure=&#8220;1_3,2_3&#8243; _builder_version=&#8220;4.6.6&#8243;][et_pb_column type=&#8220;1_3&#8243; _builder_version=&#8220;4.0.6&#8243;][et_pb_image src=&#8220;https:\/\/invasionberlin.com\/festival\/wp-content\/uploads\/2020\/11\/invasion-fotograma01.jpg&#8220; title_text=&#8220;invasion-fotograma01&#8243; _builder_version=&#8220;4.6.6&#8243; locked=&#8220;off&#8220;][\/et_pb_image][\/et_pb_column][et_pb_column type=&#8220;2_3&#8243; _builder_version=&#8220;4.6.6&#8243; custom_padding=&#8220;50px||||false|false&#8220;][et_pb_text _builder_version=&#8220;4.6.6&#8243; text_text_color=&#8220;rgba(255,255,255,0.7)&#8220; header_2_font=&#8220;Montserrat|700|||||||&#8220; header_3_font=&#8220;Montserrat|600|||||||&#8220; header_3_font_size=&#8220;18px&#8220; background_layout=&#8220;dark&#8220; custom_padding=&#8220;||||false|false&#8220;]<\/p>\n<h2 class=\"x-feature-box-title\">Invasi\u00f3n<\/h2>\n<p><span>Hugo Santiago, 1969, Arg., 123 min.<\/span>, OmeU<\/p>\n<p>[\/et_pb_text][\/et_pb_column][\/et_pb_row][et_pb_row column_structure=&#8220;1_3,2_3&#8243; _builder_version=&#8220;4.6.6&#8243;][et_pb_column type=&#8220;1_3&#8243; _builder_version=&#8220;4.0.6&#8243;][et_pb_image src=&#8220;https:\/\/invasionberlin.com\/festival\/wp-content\/uploads\/2020\/11\/viola-fotograma01.jpg&#8220; title_text=&#8220;viola-fotograma01&#8243; _builder_version=&#8220;4.6.6&#8243; locked=&#8220;off&#8220;][\/et_pb_image][\/et_pb_column][et_pb_column type=&#8220;2_3&#8243; _builder_version=&#8220;4.6.6&#8243; custom_padding=&#8220;50px||||false|false&#8220;][et_pb_text _builder_version=&#8220;4.6.6&#8243; text_text_color=&#8220;rgba(255,255,255,0.7)&#8220; header_2_font=&#8220;Montserrat|700|||||||&#8220; header_3_font=&#8220;Montserrat|600|||||||&#8220; header_3_font_size=&#8220;18px&#8220; background_layout=&#8220;dark&#8220; custom_padding=&#8220;||||false|false&#8220;]<\/p>\n<h2 class=\"x-feature-box-title\">Viola<\/h2>\n<p>Mat\u00edas Pi\u00f1eiro, 2012, Arg., 65 min, OmeU<\/p>\n<div id=\"gtx-trans\" style=\"position: absolute; left: 135px; top: 4.9125px;\">\n<div class=\"gtx-trans-icon\"><\/div>\n<\/div>\n<p>[\/et_pb_text][\/et_pb_column][\/et_pb_row][et_pb_row column_structure=&#8220;1_3,2_3&#8243; _builder_version=&#8220;4.6.6&#8243;][et_pb_column type=&#8220;1_3&#8243; _builder_version=&#8220;4.0.6&#8243;][et_pb_image src=&#8220;https:\/\/invasionberlin.com\/festival\/wp-content\/uploads\/2020\/11\/elcaminodelvino-fotograma01.jpg&#8220; title_text=&#8220;elcaminodelvino-fotograma01&#8243; _builder_version=&#8220;4.6.6&#8243; locked=&#8220;off&#8220;][\/et_pb_image][\/et_pb_column][et_pb_column type=&#8220;2_3&#8243; _builder_version=&#8220;4.6.6&#8243; custom_padding=&#8220;50px||||false|false&#8220;][et_pb_text _builder_version=&#8220;4.6.6&#8243; text_text_color=&#8220;rgba(255,255,255,0.7)&#8220; header_2_font=&#8220;Montserrat|700|||||||&#8220; header_3_font=&#8220;Montserrat|600|||||||&#8220; header_3_font_size=&#8220;18px&#8220; background_layout=&#8220;dark&#8220; custom_padding=&#8220;||||false|false&#8220;]<\/p>\n<h2 class=\"x-feature-box-title\">El camino del vino<\/h2>\n<p>Nicol\u00e1s Carreras, 2012, Arg., OmeU<\/p>\n<div id=\"gtx-trans\" style=\"position: absolute; left: 135px; top: 4.9125px;\">\n<div class=\"gtx-trans-icon\"><\/div>\n<\/div>\n<p>[\/et_pb_text][\/et_pb_column][\/et_pb_row][et_pb_row column_structure=&#8220;1_3,2_3&#8243; _builder_version=&#8220;4.6.6&#8243;][et_pb_column type=&#8220;1_3&#8243; _builder_version=&#8220;4.0.6&#8243;][et_pb_image src=&#8220;https:\/\/invasionberlin.com\/festival\/wp-content\/uploads\/2020\/11\/martinblaszkoiii-fotograma01.jpg&#8220; title_text=&#8220;martinblaszkoiii-fotograma01&#8243; _builder_version=&#8220;4.6.6&#8243; locked=&#8220;off&#8220;][\/et_pb_image][\/et_pb_column][et_pb_column type=&#8220;2_3&#8243; _builder_version=&#8220;4.6.6&#8243; custom_padding=&#8220;50px||||false|false&#8220;][et_pb_text _builder_version=&#8220;4.6.6&#8243; text_text_color=&#8220;rgba(255,255,255,0.7)&#8220; header_2_font=&#8220;Montserrat|700|||||||&#8220; header_3_font=&#8220;Montserrat|600|||||||&#8220; header_3_font_size=&#8220;18px&#8220; background_layout=&#8220;dark&#8220; custom_padding=&#8220;||||false|false&#8220;]<\/p>\n<h2 class=\"x-feature-box-title\">Mart\u00edn Blazko III<\/h2>\n<p>Ignacio Masllorens, 2011, Arg., 70 min, OmeU<\/p>\n<div id=\"gtx-trans\" style=\"position: absolute; left: 135px; top: 4.9125px;\">\n<div class=\"gtx-trans-icon\"><\/div>\n<\/div>\n<p>[\/et_pb_text][\/et_pb_column][\/et_pb_row][et_pb_row column_structure=&#8220;1_3,2_3&#8243; _builder_version=&#8220;4.6.6&#8243;][et_pb_column type=&#8220;1_3&#8243; _builder_version=&#8220;4.0.6&#8243;][et_pb_image src=&#8220;https:\/\/invasionberlin.com\/festival\/wp-content\/uploads\/2020\/11\/m-fotograma01.jpg&#8220; title_text=&#8220;m-fotograma01&#8243; _builder_version=&#8220;4.6.6&#8243; locked=&#8220;off&#8220;][\/et_pb_image][\/et_pb_column][et_pb_column type=&#8220;2_3&#8243; _builder_version=&#8220;4.6.6&#8243; custom_padding=&#8220;50px||||false|false&#8220;][et_pb_text _builder_version=&#8220;4.6.6&#8243; text_text_color=&#8220;rgba(255,255,255,0.7)&#8220; header_2_font=&#8220;Montserrat|700|||||||&#8220; header_3_font=&#8220;Montserrat|600|||||||&#8220; header_3_font_size=&#8220;18px&#8220; background_layout=&#8220;dark&#8220; custom_padding=&#8220;||||false|false&#8220;]<\/p>\n<h2 class=\"x-feature-box-title\">M<\/h2>\n<p>Nicol\u00e1s Pridivera, 2007, Arg., 150 min, OmeU<\/p>\n<div id=\"gtx-trans\" style=\"position: absolute; left: 135px; top: 4.9125px;\">\n<div class=\"gtx-trans-icon\"><\/div>\n<\/div>\n<p>[\/et_pb_text][\/et_pb_column][\/et_pb_row][et_pb_row column_structure=&#8220;1_3,2_3&#8243; _builder_version=&#8220;4.6.6&#8243;][et_pb_column type=&#8220;1_3&#8243; _builder_version=&#8220;4.0.6&#8243;][et_pb_image src=&#8220;https:\/\/invasionberlin.com\/festival\/wp-content\/uploads\/2020\/11\/cafedelosmaestros-fotograma01.jpg&#8220; title_text=&#8220;cafedelosmaestros-fotograma01&#8243; _builder_version=&#8220;4.6.6&#8243; locked=&#8220;off&#8220;][\/et_pb_image][\/et_pb_column][et_pb_column type=&#8220;2_3&#8243; _builder_version=&#8220;4.6.6&#8243; custom_padding=&#8220;50px||||false|false&#8220;][et_pb_text _builder_version=&#8220;4.6.6&#8243; text_text_color=&#8220;rgba(255,255,255,0.7)&#8220; header_2_font=&#8220;Montserrat|700|||||||&#8220; header_3_font=&#8220;Montserrat|600|||||||&#8220; header_3_font_size=&#8220;18px&#8220; background_layout=&#8220;dark&#8220; custom_padding=&#8220;||||false|false&#8220;]<\/p>\n<h2 class=\"x-feature-box-title\">Caf\u00e9 de los Maestros<\/h2>\n<p>Miguel Kohan, 2008, Arg., 90 min, OmeU<\/p>\n<div id=\"gtx-trans\" style=\"position: absolute; left: 135px; top: 4.9125px;\">\n<div class=\"gtx-trans-icon\"><\/div>\n<\/div>\n<p>[\/et_pb_text][\/et_pb_column][\/et_pb_row][et_pb_row column_structure=&#8220;1_3,2_3&#8243; _builder_version=&#8220;4.6.6&#8243;][et_pb_column type=&#8220;1_3&#8243; _builder_version=&#8220;4.0.6&#8243;][et_pb_image src=&#8220;https:\/\/invasionberlin.com\/festival\/wp-content\/uploads\/2020\/11\/los-posibles-fotograma01.jpg&#8220; title_text=&#8220;los-posibles-fotograma01&#8243; _builder_version=&#8220;4.6.6&#8243; locked=&#8220;off&#8220;][\/et_pb_image][\/et_pb_column][et_pb_column type=&#8220;2_3&#8243; _builder_version=&#8220;4.6.6&#8243; custom_padding=&#8220;50px||||false|false&#8220;][et_pb_text _builder_version=&#8220;4.6.6&#8243; text_text_color=&#8220;rgba(255,255,255,0.7)&#8220; header_2_font=&#8220;Montserrat|700|||||||&#8220; header_3_font=&#8220;Montserrat|600|||||||&#8220; header_3_font_size=&#8220;18px&#8220; background_layout=&#8220;dark&#8220; custom_padding=&#8220;||||false|false&#8220;]<\/p>\n<h2 class=\"x-feature-box-title\">Los posibles<\/h2>\n<p><span>Santiago Mitre y Juan Onofri Barbato, 2013, Arg, 55 min, OmeU<\/span><\/p>\n<div id=\"gtx-trans\" style=\"position: absolute; left: 135px; top: 4.9125px;\">\n<div class=\"gtx-trans-icon\"><\/div>\n<\/div>\n<p>[\/et_pb_text][\/et_pb_column][\/et_pb_row][et_pb_row column_structure=&#8220;1_3,2_3&#8243; _builder_version=&#8220;4.6.6&#8243;][et_pb_column type=&#8220;1_3&#8243; _builder_version=&#8220;4.0.6&#8243;][et_pb_image src=&#8220;https:\/\/invasionberlin.com\/festival\/wp-content\/uploads\/2020\/11\/civilizacion-fotograma01.jpg&#8220; title_text=&#8220;civilizacion-fotograma01&#8243; _builder_version=&#8220;4.6.6&#8243; locked=&#8220;off&#8220;][\/et_pb_image][\/et_pb_column][et_pb_column type=&#8220;2_3&#8243; _builder_version=&#8220;4.6.6&#8243; custom_padding=&#8220;50px||||false|false&#8220;][et_pb_text _builder_version=&#8220;4.6.6&#8243; text_text_color=&#8220;rgba(255,255,255,0.7)&#8220; header_2_font=&#8220;Montserrat|700|||||||&#8220; header_3_font=&#8220;Montserrat|600|||||||&#8220; header_3_font_size=&#8220;18px&#8220; background_layout=&#8220;dark&#8220; custom_padding=&#8220;||||false|false&#8220;]<\/p>\n<h2 class=\"x-feature-box-title\">Civilizaci\u00f3n<\/h2>\n<p>Rub\u00e9n Guzm\u00e1n, 2012, Arg., 55 min, OmeU<\/p>\n<div id=\"gtx-trans\" style=\"position: absolute; left: 135px; top: 4.9125px;\">\n<div class=\"gtx-trans-icon\"><\/div>\n<\/div>\n<p>[\/et_pb_text][\/et_pb_column][\/et_pb_row][et_pb_row column_structure=&#8220;1_3,2_3&#8243; _builder_version=&#8220;4.6.6&#8243;][et_pb_column type=&#8220;1_3&#8243; _builder_version=&#8220;4.0.6&#8243;][et_pb_image src=&#8220;https:\/\/invasionberlin.com\/festival\/wp-content\/uploads\/2020\/11\/elartista-fotograma01.jpg&#8220; title_text=&#8220;elartista-fotograma01&#8243; _builder_version=&#8220;4.6.6&#8243; locked=&#8220;off&#8220;][\/et_pb_image][\/et_pb_column][et_pb_column type=&#8220;2_3&#8243; _builder_version=&#8220;4.6.6&#8243; custom_padding=&#8220;50px||||false|false&#8220;][et_pb_text _builder_version=&#8220;4.6.6&#8243; text_text_color=&#8220;rgba(255,255,255,0.7)&#8220; header_2_font=&#8220;Montserrat|700|||||||&#8220; header_3_font=&#8220;Montserrat|600|||||||&#8220; header_3_font_size=&#8220;18px&#8220; background_layout=&#8220;dark&#8220; custom_padding=&#8220;||||false|false&#8220;]<\/p>\n<h2 class=\"x-feature-box-title\">El artista<\/h2>\n<p>Mariano Cohn y Gast\u00f3n Duprat, 2008, Arg., 110 min, OmeU<\/p>\n<div id=\"gtx-trans\" style=\"position: absolute; left: 135px; top: 4.9125px;\">\n<div class=\"gtx-trans-icon\"><\/div>\n<\/div>\n<p>[\/et_pb_text][\/et_pb_column][\/et_pb_row][et_pb_row column_structure=&#8220;1_3,2_3&#8243; _builder_version=&#8220;4.6.6&#8243;][et_pb_column type=&#8220;1_3&#8243; _builder_version=&#8220;4.0.6&#8243;][et_pb_image src=&#8220;https:\/\/invasionberlin.com\/festival\/wp-content\/uploads\/2020\/11\/suden-fotograma01.jpg&#8220; title_text=&#8220;suden-fotograma01&#8243; _builder_version=&#8220;4.6.6&#8243; locked=&#8220;off&#8220;][\/et_pb_image][\/et_pb_column][et_pb_column type=&#8220;2_3&#8243; _builder_version=&#8220;4.6.6&#8243; custom_padding=&#8220;50px||||false|false&#8220;][et_pb_text _builder_version=&#8220;4.6.6&#8243; text_text_color=&#8220;rgba(255,255,255,0.7)&#8220; header_2_font=&#8220;Montserrat|700|||||||&#8220; header_3_font=&#8220;Montserrat|600|||||||&#8220; header_3_font_size=&#8220;18px&#8220; background_layout=&#8220;dark&#8220; custom_padding=&#8220;||||false|false&#8220;]<\/p>\n<h2 class=\"x-feature-box-title\">S\u00fcden<\/h2>\n<p>Gast\u00f3n Solnicki, 2008, Arg., 67 min, OmeU<\/p>\n<div id=\"gtx-trans\" style=\"position: absolute; left: 135px; top: 4.9125px;\">\n<div class=\"gtx-trans-icon\"><\/div>\n<\/div>\n<p>[\/et_pb_text][\/et_pb_column][\/et_pb_row][\/et_pb_section][et_pb_section fb_built=&#8220;1&#8243; admin_label=&#8220;Footer&#8220; _builder_version=&#8220;4.0.6&#8243; use_background_color_gradient=&#8220;on&#8220; background_color_gradient_start=&#8220;#000000&#8243; background_color_gradient_end=&#8220;rgba(0,0,0,0)&#8220; background_color_gradient_end_position=&#8220;50%&#8220; background_color_gradient_overlays_image=&#8220;on&#8220; background_image=&#8220;https:\/\/invasionberlin.com\/festival\/wp-content\/uploads\/2020\/10\/theater-01.jpg&#8220; custom_padding=&#8220;23px||32px|||&#8220; locked=&#8220;off&#8220;][et_pb_row _builder_version=&#8220;3.29.1&#8243; custom_padding=&#8220;19px|||||&#8220;][et_pb_column type=&#8220;4_4&#8243; _builder_version=&#8220;3.29.1&#8243;][et_pb_text _builder_version=&#8220;4.6.6&#8243; header_2_font=&#8220;Montserrat|300|||||||&#8220; header_2_font_size=&#8220;40px&#8220; header_2_line_height=&#8220;1.2em&#8220; header_3_font=&#8220;Montserrat|700||on|||||&#8220; header_3_text_color=&#8220;#f9002b&#8220; header_3_font_size=&#8220;16px&#8220; header_3_letter_spacing=&#8220;2px&#8220; header_3_line_height=&#8220;1.4em&#8220; header_4_font=&#8220;Montserrat||||||||&#8220; background_layout=&#8220;dark&#8220; header_2_font_size_tablet=&#8220;30px&#8220; header_2_font_size_phone=&#8220;20px&#8220; header_2_font_size_last_edited=&#8220;on|phone&#8220; header_3_font_size_tablet=&#8220;14px&#8220; header_3_font_size_phone=&#8220;&#8220; header_3_font_size_last_edited=&#8220;on|phone&#8220; locked=&#8220;off&#8220;]<\/p>\n<h4><b>Invasion Berlin es posible gracias al apoyo de<\/b><\/h4>\n<p>[\/et_pb_text][\/et_pb_column][\/et_pb_row][et_pb_row make_equal=&#8220;on&#8220; _builder_version=&#8220;4.6.6&#8243; background_color=&#8220;#ffffff&#8220; custom_padding=&#8220;16px||0px|||&#8220; border_radii=&#8220;off|20px|20px||&#8220; locked=&#8220;off&#8220;][et_pb_column type=&#8220;4_4&#8243; _builder_version=&#8220;3.27.3&#8243;][et_pb_image src=&#8220;https:\/\/invasionberlin.com\/festival\/wp-content\/uploads\/2020\/10\/logo-berlin.jpg&#8220; title_text=&#8220;logo-berlin&#8220; align=&#8220;center&#8220; _builder_version=&#8220;4.6.6&#8243; _module_preset=&#8220;default&#8220; background_enable_color=&#8220;off&#8220; width=&#8220;250px&#8220;][\/et_pb_image][\/et_pb_column][\/et_pb_row][et_pb_row make_equal=&#8220;on&#8220; _builder_version=&#8220;4.6.6&#8243; background_color=&#8220;#ffffff&#8220; module_alignment=&#8220;center&#8220; custom_padding=&#8220;16px||0px|||&#8220; border_radii=&#8220;off|||10px|10px&#8220; locked=&#8220;off&#8220;][et_pb_column type=&#8220;4_4&#8243; _builder_version=&#8220;4.6.6&#8243; custom_css_main_element=&#8220;margin: auto;\t&#8222;][et_pb_text _builder_version=&#8220;4.6.6&#8243; _module_preset=&#8220;default&#8220; custom_margin=&#8220;|20px||20px|false|true&#8220; border_color_all=&#8220;#ffffff&#8220; custom_css_after__hover_enabled=&#8220;off|desktop&#8220;]<\/p>\n<table border=\"1\" cellpadding=\"10\" cellspacing=\"0\" style=\"border-color: #ffffff; margin-left: auto; margin-right: auto;\">\n<tbody>\n<tr>\n<td><img decoding=\"async\" src=\"https:\/\/invasionberlin.com\/festival\/wp-content\/uploads\/2020\/10\/embajada-argentina-1.jpg\" width=\"200\" \/><\/td>\n<td><img decoding=\"async\" src=\"https:\/\/invasionberlin.com\/festival\/wp-content\/uploads\/2020\/10\/logo-consulado-300x87.png\" width=\"320\" \/><\/td>\n<td><img loading=\"lazy\" decoding=\"async\" src=\"https:\/\/invasionberlin.com\/festival\/wp-content\/uploads\/2020\/10\/instituto-cervantes-berlin-2.jpg\" width=\"150\" height=\"180\" alt=\"\" \/><\/td>\n<td><img loading=\"lazy\" decoding=\"async\" src=\"https:\/\/invasionberlin.com\/festival\/wp-content\/uploads\/2020\/10\/logo-harald.jpg\" width=\"195\" height=\"96\" alt=\"\" \/><\/td>\n<td><img loading=\"lazy\" decoding=\"async\" src=\"https:\/\/invasionberlin.com\/festival\/wp-content\/uploads\/2020\/10\/gloria-berlin-restaurante-2.jpg\" width=\"150\" height=\"180\" alt=\"\" \/><\/td>\n<td><img loading=\"lazy\" decoding=\"async\" src=\"https:\/\/invasionberlin.com\/festival\/wp-content\/uploads\/2020\/10\/logo_wolf_kino-01-286x300.png\" width=\"119\" height=\"125\" alt=\"\" \/><\/td>\n<\/tr>\n<\/tbody>\n<\/table>\n<table border=\"0\" cellpadding=\"10\" cellspacing=\"0\" style=\"border-color: #ffffff; margin-left: auto; margin-right: auto;\">\n<tbody>\n<tr>\n<td><img loading=\"lazy\" decoding=\"async\" src=\"https:\/\/invasionberlin.com\/festival\/wp-content\/uploads\/2020\/10\/logo-latinale-300x300.png\" width=\"146\" height=\"146\" alt=\"\" class=\"wp-image-295 alignnone size-medium\" srcset=\"https:\/\/invasionberlin.com\/festival\/wp-content\/uploads\/2020\/10\/logo-latinale.png 300w, https:\/\/invasionberlin.com\/festival\/wp-content\/uploads\/2020\/10\/logo-latinale-150x150.png 150w, https:\/\/invasionberlin.com\/festival\/wp-content\/uploads\/2020\/10\/logo-latinale-100x100.png 100w\" sizes=\"(max-width: 146px) 100vw, 146px\" \/><\/td>\n<td><img loading=\"lazy\" decoding=\"async\" src=\"https:\/\/invasionberlin.com\/festival\/wp-content\/uploads\/2020\/10\/planemo-logo.png\" width=\"148\" height=\"74\" alt=\"\" class=\"wp-image-296 alignnone size-full\" \/><\/td>\n<td><img loading=\"lazy\" decoding=\"async\" src=\"https:\/\/invasionberlin.com\/festival\/wp-content\/uploads\/2020\/10\/Caligari_Logo-300x294.jpg\" width=\"93\" height=\"92\" alt=\"\" class=\"wp-image-290 alignnone size-medium\" \/><\/td>\n<td><img loading=\"lazy\" decoding=\"async\" src=\"https:\/\/invasionberlin.com\/festival\/wp-content\/uploads\/2020\/10\/Logo_Kulturamt_4c-300x202.jpeg\" width=\"147\" height=\"99\" alt=\"\" class=\"wp-image-293 alignnone size-medium\" \/><\/td>\n<td><img loading=\"lazy\" decoding=\"async\" src=\"https:\/\/invasionberlin.com\/festival\/wp-content\/uploads\/2020\/10\/logofilmmuseum-300x241.jpg\" width=\"96\" height=\"77\" alt=\"\" class=\"wp-image-294 alignnone size-medium\" \/><\/td>\n<td><img loading=\"lazy\" decoding=\"async\" src=\"https:\/\/invasionberlin.com\/festival\/wp-content\/uploads\/2020\/10\/kinemathek-s-web-300x59.png\" width=\"156\" height=\"31\" alt=\"\" class=\"wp-image-292 alignnone size-medium\" \/><\/td>\n<td><img loading=\"lazy\" decoding=\"async\" src=\"https:\/\/invasionberlin.com\/festival\/wp-content\/uploads\/2020\/10\/image.png\" width=\"110\" height=\"110\" alt=\"\" class=\"wp-image-291 alignnone size-full\" srcset=\"https:\/\/invasionberlin.com\/festival\/wp-content\/uploads\/2020\/10\/image.png 110w, https:\/\/invasionberlin.com\/festival\/wp-content\/uploads\/2020\/10\/image-100x100.png 100w\" sizes=\"(max-width: 110px) 100vw, 110px\" \/><\/td>\n<\/tr>\n<\/tbody>\n<\/table>\n<p>&nbsp;[\/et_pb_text][\/et_pb_column][\/et_pb_row][\/et_pb_section][et_pb_section fb_built=&#8220;1&#8243; custom_padding_last_edited=&#8220;off|phone&#8220; admin_label=&#8220;Header&#8220; _builder_version=&#8220;4.6.6&#8243; use_background_color_gradient=&#8220;on&#8220; background_color_gradient_start=&#8220;rgba(0,0,0,0.5)&#8220; background_color_gradient_end=&#8220;rgba(0,0,0,0.64)&#8220; background_color_gradient_overlays_image=&#8220;on&#8220; background_image=&#8220;https:\/\/invasionberlin.com\/festival\/wp-content\/uploads\/2020\/11\/invasion2014-banner.jpg&#8220; parallax=&#8220;on&#8220; parallax_method=&#8220;off&#8220; custom_padding=&#8220;60px||60px||true|false&#8220; locked=&#8220;off&#8220;][\/et_pb_section]<\/p>\n","protected":false},"excerpt":{"rendered":"<p>Invasion Berlin 2014 Buenos Aires &#8211; BerlinW\u00e4hrend eines Monats kreuzten sich verschiedene k\u00fcnstlerische Disziplinen, st\u00e4rkten und erzeugten vielf\u00e4ltige und unerwartete Verbindungen, die ein aktuelles und dynamisches Panorama der zeitgen\u00f6ssischen argentinischen Kultur pr\u00e4sentierten. Durch die Werke von mehr als 40 K\u00fcnstlern hatten die Bewohner Berlins die M\u00f6glichkeit, die Vielfalt und den Reichtum der aktuellen kulturellen Ausdrucksformen [&hellip;]<\/p>\n","protected":false},"author":1,"featured_media":0,"parent":0,"menu_order":0,"comment_status":"closed","ping_status":"closed","template":"","meta":{"_et_pb_use_builder":"on","_et_pb_old_content":"<!-- wp:woocommerce\/product-new \/-->\n\n<!-- wp:media-text {\"isStackedOnMobile\":false,\"className\":\"alignwide has-media-on-the-right\"} -->\n<div class=\"wp-block-media-text alignwide has-media-on-the-right\"><figure class=\"wp-block-media-text__media\"><\/figure><div class=\"wp-block-media-text__content\"><!-- wp:paragraph {\"placeholder\":\"Contenido\u2026\",\"fontSize\":\"large\"} -->\n<p class=\"has-large-font-size\"><\/p>\n<!-- \/wp:paragraph --><\/div><\/div>\n<!-- \/wp:media-text -->\n\n<!-- wp:media-text {\"isStackedOnMobile\":false,\"className\":\"alignwide\"} -->\n<div class=\"wp-block-media-text alignwide\"><figure class=\"wp-block-media-text__media\"><\/figure><div class=\"wp-block-media-text__content\"><!-- wp:paragraph {\"placeholder\":\"Contenido\u2026\",\"fontSize\":\"large\"} -->\n<p class=\"has-large-font-size\"><\/p>\n<!-- \/wp:paragraph --><\/div><\/div>\n<!-- \/wp:media-text -->\n\n<!-- wp:media-text {\"isStackedOnMobile\":false,\"className\":\"alignwide has-media-on-the-right\"} -->\n<div class=\"wp-block-media-text alignwide has-media-on-the-right\"><figure class=\"wp-block-media-text__media\"><\/figure><div class=\"wp-block-media-text__content\"><!-- wp:paragraph {\"placeholder\":\"Contenido\u2026\",\"fontSize\":\"large\"} -->\n<p class=\"has-large-font-size\"><\/p>\n<!-- \/wp:paragraph --><\/div><\/div>\n<!-- \/wp:media-text -->\n\n<!-- wp:woocommerce\/featured-product \/-->","_et_gb_content_width":"","footnotes":""},"class_list":["post-1264","page","type-page","status-publish","hentry"],"_links":{"self":[{"href":"https:\/\/invasionberlin.com\/festival\/de\/wp-json\/wp\/v2\/pages\/1264","targetHints":{"allow":["GET"]}}],"collection":[{"href":"https:\/\/invasionberlin.com\/festival\/de\/wp-json\/wp\/v2\/pages"}],"about":[{"href":"https:\/\/invasionberlin.com\/festival\/de\/wp-json\/wp\/v2\/types\/page"}],"author":[{"embeddable":true,"href":"https:\/\/invasionberlin.com\/festival\/de\/wp-json\/wp\/v2\/users\/1"}],"replies":[{"embeddable":true,"href":"https:\/\/invasionberlin.com\/festival\/de\/wp-json\/wp\/v2\/comments?post=1264"}],"version-history":[{"count":3,"href":"https:\/\/invasionberlin.com\/festival\/de\/wp-json\/wp\/v2\/pages\/1264\/revisions"}],"predecessor-version":[{"id":1758,"href":"https:\/\/invasionberlin.com\/festival\/de\/wp-json\/wp\/v2\/pages\/1264\/revisions\/1758"}],"wp:attachment":[{"href":"https:\/\/invasionberlin.com\/festival\/de\/wp-json\/wp\/v2\/media?parent=1264"}],"curies":[{"name":"wp","href":"https:\/\/api.w.org\/{rel}","templated":true}]}}