{"id":1517,"date":"2020-11-17T09:26:34","date_gmt":"2020-11-17T09:26:34","guid":{"rendered":"https:\/\/invasionberlin.com\/festival\/?page_id=1517"},"modified":"2021-04-12T10:04:56","modified_gmt":"2021-04-12T10:04:56","slug":"wie-kann-ich-die-filme-auf-meinem-gerat-schauen","status":"publish","type":"page","link":"https:\/\/invasionberlin.com\/festival\/de\/wie-kann-ich-die-filme-auf-meinem-gerat-schauen\/","title":{"rendered":"Wie kann ich die Filme auf meinem Ger\u00e4t schauen?"},"content":{"rendered":"<p>[et_pb_section fb_built=&#8220;1&#8243; custom_padding_last_edited=&#8220;off|phone&#8220; admin_label=&#8220;Header&#8220; _builder_version=&#8220;4.7.0&#8243; use_background_color_gradient=&#8220;on&#8220; background_color_gradient_start=&#8220;rgba(0,0,0,0.5)&#8220; background_color_gradient_end=&#8220;rgba(0,0,0,0.64)&#8220; background_color_gradient_overlays_image=&#8220;on&#8220; background_image=&#8220;https:\/\/invasionberlin.com\/festival\/wp-content\/uploads\/2020\/11\/fondo-2020-superior.jpg&#8220; parallax=&#8220;on&#8220; custom_padding=&#8220;50px||50px||true|false&#8220; locked=&#8220;off&#8220;][et_pb_row _builder_version=&#8220;4.0.6&#8243;][et_pb_column type=&#8220;4_4&#8243; _builder_version=&#8220;4.0.6&#8243; custom_padding_tablet=&#8220;30px||30px||true|false&#8220; custom_padding_last_edited=&#8220;off|desktop&#8220;][et_pb_text _builder_version=&#8220;4.7.0&#8243; _dynamic_attributes=&#8220;content&#8220; text_font=&#8220;Montserrat|600||on|||||&#8220; text_text_color=&#8220;#ffffff&#8220; text_font_size=&#8220;28px&#8220; text_line_height=&#8220;1.8em&#8220; header_font=&#8220;Montserrat|700||on|||||&#8220; header_text_align=&#8220;center&#8220; header_font_size=&#8220;40px&#8220; header_2_font=&#8220;Montserrat||||||||&#8220; header_2_text_align=&#8220;center&#8220; header_3_font=&#8220;Montserrat|700||on|||||&#8220; header_3_text_color=&#8220;rgba(255,255,255,0.5)&#8220; header_3_font_size=&#8220;16px&#8220; header_3_letter_spacing=&#8220;2px&#8220; header_3_line_height=&#8220;1.4em&#8220; background_layout=&#8220;dark&#8220; header_3_font_size_tablet=&#8220;14px&#8220; header_3_font_size_phone=&#8220;&#8220; header_3_font_size_last_edited=&#8220;on|phone&#8220; text_text_align=&#8220;left&#8220; locked=&#8220;off&#8220;]@ET-DC@eyJkeW5hbWljIjp0cnVlLCJjb250ZW50IjoicG9zdF90aXRsZSIsInNldHRpbmdzIjp7ImJlZm9yZSI6IiIsImFmdGVyIjoiIn19@[\/et_pb_text][\/et_pb_column][\/et_pb_row][\/et_pb_section][et_pb_section fb_built=&#8220;1&#8243; admin_label=&#8220;Info&#8220; _builder_version=&#8220;4.0.6&#8243; background_color=&#8220;#000000&#8243; custom_padding=&#8220;35px||15px|||&#8220;][et_pb_row _builder_version=&#8220;4.0.6&#8243;][et_pb_column type=&#8220;4_4&#8243; _builder_version=&#8220;4.0.6&#8243;][et_pb_text _builder_version=&#8220;4.9.3&#8243; text_text_color=&#8220;#ffffff&#8220; text_line_height=&#8220;1.8em&#8220; background_layout=&#8220;dark&#8220; hover_enabled=&#8220;0&#8243; sticky_enabled=&#8220;0&#8243;]<\/p>\n<p style=\"text-align: justify;\">F\u00fcr die Projektion der Festivalfilme nutzen wir die Plattform <strong>Vimeo On Demand<\/strong>. Wir haben uns f\u00fcr Vimeo entschieden, weil es ein anerkanntes Unternehmen im Bereich von Video On Demand ist, seine Server sicher sind und die an sie \u00fcbertragenen Information gem\u00e4\u00df den Richtlinien zum Schutz privater Daten behandelt werden.<\/p>\n<p style=\"text-align: justify;\">Das Ansichtsformat hei\u00dft \u201eRent\u201c, d.h., die verschiedenen Filme sind f\u00fcr einen bestimmten Zeitraum (die Dauer des Festivals oder der Filmreihe) verf\u00fcgbar.<\/p>\n<p style=\"text-align: justify;\">Der Ticketverkauf erfolgt \u00fcber <strong>Vimeo<\/strong>, das eine sichere Transaktionsplattform bietet, um die Filme, die nicht kostenfrei anzuschauen sind, entweder direkt per <strong>Kreditkarte<\/strong> oder per <strong>PayPal<\/strong> zu bezahlen.<\/p>\n<p style=\"text-align: justify;\">F\u00fcr die Nutzung von <strong>Vimeo<\/strong> muss man sich anmelden. Ganz einfach geht dies mit Ihrem <strong>Facebook<\/strong>-, <strong>Googlemail<\/strong>&#8211; oder <strong>Apple-Konto<\/strong> oder mit Ihrem Namen und Ihrer E-Mail-Adresse.<\/p>\n<p style=\"text-align: justify;\">Sie k\u00f6nnen die Datenschutzerkl\u00e4rung von<b>\u00a0Vimeo<\/b>\u00a0unter diesem Link\u00a0<a href=\"https:\/\/vimeo.com\/privacy\">https:\/\/vimeo.com\/privacy<\/a>\u00a0nachlesen.<\/p>\n<p style=\"text-align: justify;\"><b>Invasion Berlin<\/b> speichert keine Daten ohne Ihre Genehmigung.<\/p>\n<p>[\/et_pb_text][et_pb_text _builder_version=&#8220;4.7.0&#8243; _module_preset=&#8220;default&#8220; text_text_color=&#8220;#ffffff&#8220; header_3_font=&#8220;Montserrat|600|||||||&#8220; header_3_text_color=&#8220;#ffffff&#8220; custom_margin=&#8220;||8px|||&#8220;]<\/p>\n<h3>Kompatible Ger\u00e4te<\/h3>\n<p>Vimeo unterst\u00fctzt eine gro\u00dfe Anzahl von Ger\u00e4ten, die es Ihnen erm\u00f6glichen, die Festivalfilme bequem von zu Hause aus anzuschauen. Wenn Sie Zweifel an der Kompatibilit\u00e4t Ihres Ger\u00e4ts haben, k\u00f6nnen Sie auf die folgenden Anleitungen zugreifen.<\/p>\n<ul>\n<li>Intelligente Fernseher und Plattformen, die mit\u00a0<b>Vimeo On Demand<\/b> kompatibel sind \u2013 (Anleitungen auf Englisch) klicken Sie <a href=\"https:\/\/vimeo.zendesk.com\/hc\/en-us\/articles\/235696528-Watching-your-On-Demand-videos\" target=\"_blank\" rel=\"noopener noreferrer\">hier<\/a><\/li>\n<li>Abspielen von Vimeo On Demand-Filmen auf Ihrem Smartphone mit Chromecast oder AirPlay \u2013 (Anleitungen auf Englisch) klicken Sie <a href=\"https:\/\/help.vimeo.com\/hc\/en-us\/articles\/360049772851\" target=\"_blank\" rel=\"noopener noreferrer\">hier<\/a><\/li>\n<\/ul>\n<p>&nbsp;<\/p>\n<p>[\/et_pb_text][\/et_pb_column][\/et_pb_row][\/et_pb_section][et_pb_section fb_built=&#8220;1&#8243; custom_padding_last_edited=&#8220;off|phone&#8220; admin_label=&#8220;Header&#8220; _builder_version=&#8220;4.6.6&#8243; use_background_color_gradient=&#8220;on&#8220; background_color_gradient_start=&#8220;rgba(0,0,0,0.5)&#8220; background_color_gradient_end=&#8220;rgba(0,0,0,0.64)&#8220; background_color_gradient_overlays_image=&#8220;on&#8220; background_image=&#8220;https:\/\/invasionberlin.com\/festival\/wp-content\/uploads\/2020\/11\/fondo-2020-inferior.jpg&#8220; parallax=&#8220;on&#8220; min_height=&#8220;300px&#8220; custom_padding=&#8220;80px||80px||true|false&#8220; locked=&#8220;off&#8220;][\/et_pb_section]<\/p>\n","protected":false},"excerpt":{"rendered":"<p>F\u00fcr die Projektion der Festivalfilme nutzen wir die Plattform Vimeo On Demand. Wir haben uns f\u00fcr Vimeo entschieden, weil es ein anerkanntes Unternehmen im Bereich von Video On Demand ist, seine Server sicher sind und die an sie \u00fcbertragenen Information gem\u00e4\u00df den Richtlinien zum Schutz privater Daten behandelt werden. Das Ansichtsformat hei\u00dft \u201eRent\u201c, d.h., die [&hellip;]<\/p>\n","protected":false},"author":1,"featured_media":0,"parent":0,"menu_order":0,"comment_status":"closed","ping_status":"closed","template":"","meta":{"_et_pb_use_builder":"on","_et_pb_old_content":"","_et_gb_content_width":"","footnotes":""},"class_list":["post-1517","page","type-page","status-publish","hentry"],"_links":{"self":[{"href":"https:\/\/invasionberlin.com\/festival\/de\/wp-json\/wp\/v2\/pages\/1517","targetHints":{"allow":["GET"]}}],"collection":[{"href":"https:\/\/invasionberlin.com\/festival\/de\/wp-json\/wp\/v2\/pages"}],"about":[{"href":"https:\/\/invasionberlin.com\/festival\/de\/wp-json\/wp\/v2\/types\/page"}],"author":[{"embeddable":true,"href":"https:\/\/invasionberlin.com\/festival\/de\/wp-json\/wp\/v2\/users\/1"}],"replies":[{"embeddable":true,"href":"https:\/\/invasionberlin.com\/festival\/de\/wp-json\/wp\/v2\/comments?post=1517"}],"version-history":[{"count":7,"href":"https:\/\/invasionberlin.com\/festival\/de\/wp-json\/wp\/v2\/pages\/1517\/revisions"}],"predecessor-version":[{"id":2660,"href":"https:\/\/invasionberlin.com\/festival\/de\/wp-json\/wp\/v2\/pages\/1517\/revisions\/2660"}],"wp:attachment":[{"href":"https:\/\/invasionberlin.com\/festival\/de\/wp-json\/wp\/v2\/media?parent=1517"}],"curies":[{"name":"wp","href":"https:\/\/api.w.org\/{rel}","templated":true}]}}