{"id":4793,"date":"2025-05-30T13:02:14","date_gmt":"2025-05-30T11:02:14","guid":{"rendered":"https:\/\/invasionberlin.com\/festival\/?page_id=4793"},"modified":"2025-08-15T09:41:50","modified_gmt":"2025-08-15T07:41:50","slug":"ausgabe-2025","status":"publish","type":"page","link":"https:\/\/invasionberlin.com\/festival\/de\/","title":{"rendered":"Edicion 2025"},"content":{"rendered":"<p>[et_pb_section fb_built=&#8220;1&#8243; admin_label=&#8220;Calls to Action&#8220; _builder_version=&#8220;4.21.0&#8243; background_color=&#8220;#000000&#8243; width=&#8220;100%&#8220; custom_padding=&#8220;0px||11px||false|false&#8220; global_colors_info=&#8220;{}&#8220;][et_pb_row _builder_version=&#8220;4.16&#8243; width=&#8220;90%&#8220; max_width=&#8220;none&#8220; global_colors_info=&#8220;{}&#8220;][et_pb_column type=&#8220;4_4&#8243; _builder_version=&#8220;4.16&#8243; global_colors_info=&#8220;{}&#8220;][et_pb_text _builder_version=&#8220;4.27.4&#8243; text_text_color=&#8220;rgba(255,255,255,0.5)&#8220; text_font_size=&#8220;16px&#8220; text_line_height=&#8220;1.8em&#8220; header_2_font=&#8220;Montserrat|300|||||||&#8220; header_2_font_size=&#8220;70px&#8220; header_2_line_height=&#8220;1.2em&#8220; header_3_font=&#8220;Montserrat|700||on|||||&#8220; header_3_text_color=&#8220;#f9002b&#8220; header_3_font_size=&#8220;16px&#8220; header_3_letter_spacing=&#8220;2px&#8220; header_3_line_height=&#8220;1.4em&#8220; background_layout=&#8220;dark&#8220; header_2_font_size_tablet=&#8220;40px&#8220; header_2_font_size_phone=&#8220;30px&#8220; header_2_font_size_last_edited=&#8220;on|phone&#8220; header_3_font_size_tablet=&#8220;14px&#8220; header_3_font_size_phone=&#8220;&#8220; header_3_font_size_last_edited=&#8220;on|phone&#8220; text_text_align=&#8220;left&#8220; locked=&#8220;off&#8220; global_colors_info=&#8220;{}&#8220;]<\/p>\n<h3>AUSGABE 2025<\/h3>\n<p><\/p>\n<h2><strong>Programm<\/strong><\/h2>\n<p><\/p>\n<div id=\"gtx-trans\" style=\"position: absolute; left: 41px; top: 42.625px;\">\n<div class=\"gtx-trans-icon\">\u00a0<\/div>\n<p><\/div>\n<p>[\/et_pb_text][et_pb_text _builder_version=&#8220;4.27.4&#8243; _module_preset=&#8220;default&#8220; text_text_color=&#8220;#FFFFFF&#8220; text_font_size=&#8220;17px&#8220; header_text_color=&#8220;#ff7f7f&#8220; header_font_size=&#8220;25px&#8220; header_line_height=&#8220;1.4em&#8220; hover_enabled=&#8220;0&#8243; text_font_size_tablet=&#8220;17px&#8220; text_font_size_phone=&#8220;17px&#8220; text_font_size_last_edited=&#8220;on|phone&#8220; header_font_size_tablet=&#8220;25px&#8220; header_font_size_phone=&#8220;18px&#8220; header_font_size_last_edited=&#8220;on|desktop&#8220; global_colors_info=&#8220;{}&#8220; sticky_enabled=&#8220;0&#8243;]<\/p>\n<h1><strong>INVASION kehrt diesen Sommer zur\u00fcck ins Open-Air-Kino des Humboldt Forums!<\/strong><\/h1>\n<p><\/p>\n<ul>\n<li><strong>Freitag, 15. August 2025, 20:00 Uhr<\/strong><\/li>\n<li><strong>KILL THE JOCKEY von Luis Ortega, pr\u00e4sentiert von FABIAN CASAS (auf Spanisch &amp; Englisch)<\/strong><\/li>\n<li><strong><span style=\"color: #ff99cc;\"><a style=\"color: #ff99cc;\" href=\"https:\/\/www.humboldtforum.org\/de\/programm\/termin\/film-video\/kill-the-jockey-149040\/\">Tickets<\/a><\/span>\u00a0erh\u00e4ltlich \u00fcber die Website des Humboldt Forums<\/strong><\/li>\n<\/ul>\n<p>[\/et_pb_text][\/et_pb_column][\/et_pb_row][et_pb_row use_custom_gutter=&#8220;on&#8220; gutter_width=&#8220;2&#8243; _builder_version=&#8220;4.21.0&#8243; width=&#8220;90%&#8220; width_tablet=&#8220;80%&#8220; width_phone=&#8220;&#8220; width_last_edited=&#8220;on|tablet&#8220; max_width=&#8220;none&#8220; overflow-x=&#8220;hidden&#8220; overflow-y=&#8220;hidden&#8220; custom_padding=&#8220;5%||5%||true|false&#8220; locked=&#8220;off&#8220; global_colors_info=&#8220;{}&#8220;][et_pb_column type=&#8220;4_4&#8243; module_class=&#8220;pa-inline-buttons&#8220; _builder_version=&#8220;4.21.0&#8243; overflow-x=&#8220;hidden&#8220; overflow-y=&#8220;hidden&#8220; global_colors_info=&#8220;{}&#8220;][et_pb_image src=&#8220;https:\/\/invasionberlin.com\/festival\/wp-content\/uploads\/2025\/07\/poster-the-jockey.jpg&#8220; alt=&#8220;Argentinisches Filmfestival 2024 | Puan&#8220; title_text=&#8220;Poster Kill the Jockey&#8220; align=&#8220;center&#8220; _builder_version=&#8220;4.27.4&#8243; _module_preset=&#8220;default&#8220; width=&#8220;500px&#8220; module_alignment=&#8220;center&#8220; overflow-x=&#8220;hidden&#8220; overflow-y=&#8220;hidden&#8220; custom_margin=&#8220;0px|0px|0px|0px|false|false&#8220; custom_padding=&#8220;0px|0px|0px|0px|true|false&#8220; global_colors_info=&#8220;{}&#8220;][\/et_pb_image][et_pb_button button_url=&#8220;@ET-DC@eyJkeW5hbWljIjp0cnVlLCJjb250ZW50IjoicG9zdF9saW5rX3VybF9wb3N0Iiwic2V0dGluZ3MiOnsicG9zdF9pZCI6IjQ4NzQifX0=@&#8220; button_text=&#8220;MEHR INFOS&#8220; _builder_version=&#8220;4.27.4&#8243; _dynamic_attributes=&#8220;button_url&#8220; custom_button=&#8220;on&#8220; button_text_size=&#8220;10px&#8220; button_text_color=&#8220;#ffffff&#8220; button_bg_color=&#8220;rgba(0,0,0,0)&#8220; button_border_width=&#8220;1px&#8220; button_border_color=&#8220;#f9002b&#8220; button_letter_spacing=&#8220;1px&#8220; button_font=&#8220;Montserrat|600||on|||||&#8220; button_use_icon=&#8220;off&#8220; custom_margin=&#8220;5px|10px|5px|10px|true|true&#8220; custom_padding=&#8220;8px|15px|8px|15px|true|true&#8220; hover_enabled=&#8220;0&#8243; custom_css_main_element=&#8220;width: 46%;||float: left;||margin: 2%;&#8220; locked=&#8220;off&#8220; global_colors_info=&#8220;{}&#8220; button_bg_color__hover=&#8220;#6e42ff&#8220; button_bg_color__hover_enabled=&#8220;on|hover&#8220; button_bg_enable_color__hover=&#8220;on&#8220; button_text_color__hover_enabled=&#8220;on|desktop&#8220; button_text_color__hover=&#8220;#ffffff&#8220; button_border_color__hover=&#8220;rgba(0,0,0,0)&#8220; button_border_color__hover_enabled=&#8220;on|desktop&#8220; sticky_enabled=&#8220;0&#8243;][\/et_pb_button][et_pb_button button_url=&#8220;https:\/\/www.humboldtforum.org\/de\/programm\/termin\/film-video\/kill-the-jockey-149040\/&#8220; url_new_window=&#8220;on&#8220; button_text=&#8220;TICKETS&#8220; disabled_on=&#8220;off|off|off&#8220; _builder_version=&#8220;4.27.4&#8243; custom_button=&#8220;on&#8220; button_text_size=&#8220;10px&#8220; button_text_color=&#8220;#ffffff&#8220; button_bg_color=&#8220;rgba(0,0,0,0)&#8220; button_border_width=&#8220;1px&#8220; button_border_color=&#8220;#f9002b&#8220; button_letter_spacing=&#8220;1px&#8220; button_font=&#8220;Montserrat|600||on|||||&#8220; button_use_icon=&#8220;off&#8220; custom_margin=&#8220;5px|10px|5px|10px|true|true&#8220; custom_padding=&#8220;8px|15px|8px|15px|true|true&#8220; hover_enabled=&#8220;0&#8243; custom_css_main_element=&#8220;width: 46%;||float: left;||margin: 2%;&#8220; locked=&#8220;off&#8220; global_colors_info=&#8220;{}&#8220; button_bg_color__hover=&#8220;#6e42ff&#8220; button_bg_color__hover_enabled=&#8220;on|hover&#8220; button_bg_enable_color__hover=&#8220;on&#8220; button_text_color__hover_enabled=&#8220;on|desktop&#8220; button_text_color__hover=&#8220;#ffffff&#8220; button_border_color__hover=&#8220;rgba(0,0,0,0)&#8220; button_border_color__hover_enabled=&#8220;on|desktop&#8220; sticky_enabled=&#8220;0&#8243;][\/et_pb_button][\/et_pb_column][\/et_pb_row][\/et_pb_section][et_pb_section fb_built=&#8220;1&#8243; admin_label=&#8220;Footer&#8220; _builder_version=&#8220;4.16&#8243; background_color_gradient_direction=&#8220;90deg&#8220; background_image=&#8220;https:\/\/invasionberlin.com\/festival\/wp-content\/uploads\/2020\/10\/movie-01.jpg&#8220; custom_padding=&#8220;23px||32px|||&#8220; background_color_tablet=&#8220;#000000&#8243; background_last_edited=&#8220;on|phone&#8220; background_enable_color_tablet=&#8220;on&#8220; background_color_gradient_stops_tablet=&#8220;#2b87da 50%|#29c4a9 100%&#8220; background_color_gradient_stops_phone=&#8220;#2b87da 90%|#29c4a9 90%&#8220; background_color_gradient_start_position_tablet=&#8220;50%&#8220; background_color_gradient_start_position_phone=&#8220;90%&#8220; background_color_gradient_end_position_phone=&#8220;0%&#8220; background_enable_image_tablet=&#8220;off&#8220; locked=&#8220;off&#8220; global_colors_info=&#8220;{}&#8220;][\/et_pb_section]<\/p>\n","protected":false},"excerpt":{"rendered":"<p>EL JOCKEY<br \/>\nLuis Ortega \u2013 2024 &#8211; Argentina, M\u00e9xico, Espa\u00f1a, Dinamarca, EEUU \u2013 96 Min. Espa\u00f1ol con subt\u00edtulos en ingl\u00e9s (OmeU)<\/p>\n","protected":false},"author":3,"featured_media":0,"parent":0,"menu_order":0,"comment_status":"closed","ping_status":"closed","template":"","meta":{"_et_pb_use_builder":"on","_et_pb_old_content":"","_et_gb_content_width":"","footnotes":""},"class_list":["post-4793","page","type-page","status-publish","hentry"],"_links":{"self":[{"href":"https:\/\/invasionberlin.com\/festival\/de\/wp-json\/wp\/v2\/pages\/4793","targetHints":{"allow":["GET"]}}],"collection":[{"href":"https:\/\/invasionberlin.com\/festival\/de\/wp-json\/wp\/v2\/pages"}],"about":[{"href":"https:\/\/invasionberlin.com\/festival\/de\/wp-json\/wp\/v2\/types\/page"}],"author":[{"embeddable":true,"href":"https:\/\/invasionberlin.com\/festival\/de\/wp-json\/wp\/v2\/users\/3"}],"replies":[{"embeddable":true,"href":"https:\/\/invasionberlin.com\/festival\/de\/wp-json\/wp\/v2\/comments?post=4793"}],"version-history":[{"count":15,"href":"https:\/\/invasionberlin.com\/festival\/de\/wp-json\/wp\/v2\/pages\/4793\/revisions"}],"predecessor-version":[{"id":5049,"href":"https:\/\/invasionberlin.com\/festival\/de\/wp-json\/wp\/v2\/pages\/4793\/revisions\/5049"}],"wp:attachment":[{"href":"https:\/\/invasionberlin.com\/festival\/de\/wp-json\/wp\/v2\/media?parent=4793"}],"curies":[{"name":"wp","href":"https:\/\/api.w.org\/{rel}","templated":true}]}}