{"id":4918,"date":"2025-05-30T12:56:31","date_gmt":"2025-05-30T10:56:31","guid":{"rendered":"https:\/\/invasionberlin.com\/festival\/edicion-2024\/"},"modified":"2025-07-17T15:11:20","modified_gmt":"2025-07-17T13:11:20","slug":"ausgabe-2024","status":"publish","type":"page","link":"https:\/\/invasionberlin.com\/festival\/de\/ausgabe-2024\/","title":{"rendered":"Ausgabe 2024"},"content":{"rendered":"<p>[et_pb_section fb_built=&#8220;1&#8243; admin_label=&#8220;Calls to Action&#8220; _builder_version=&#8220;4.21.0&#8243; background_color=&#8220;#000000&#8243; width=&#8220;100%&#8220; custom_padding=&#8220;0px||11px||false|false&#8220; global_colors_info=&#8220;{}&#8220;][et_pb_row _builder_version=&#8220;4.16&#8243; width=&#8220;90%&#8220; max_width=&#8220;none&#8220; global_colors_info=&#8220;{}&#8220;][et_pb_column type=&#8220;4_4&#8243; _builder_version=&#8220;4.16&#8243; global_colors_info=&#8220;{}&#8220;][et_pb_text _builder_version=&#8220;4.21.0&#8243; text_text_color=&#8220;rgba(255,255,255,0.5)&#8220; text_font_size=&#8220;16px&#8220; text_line_height=&#8220;1.8em&#8220; header_2_font=&#8220;Montserrat|300|||||||&#8220; header_2_font_size=&#8220;70px&#8220; header_2_line_height=&#8220;1.2em&#8220; header_3_font=&#8220;Montserrat|700||on|||||&#8220; header_3_text_color=&#8220;#f9002b&#8220; header_3_font_size=&#8220;16px&#8220; header_3_letter_spacing=&#8220;2px&#8220; header_3_line_height=&#8220;1.4em&#8220; background_layout=&#8220;dark&#8220; header_2_font_size_tablet=&#8220;40px&#8220; header_2_font_size_phone=&#8220;30px&#8220; header_2_font_size_last_edited=&#8220;on|phone&#8220; header_3_font_size_tablet=&#8220;14px&#8220; header_3_font_size_phone=&#8220;&#8220; header_3_font_size_last_edited=&#8220;on|phone&#8220; text_text_align=&#8220;left&#8220; locked=&#8220;off&#8220; global_colors_info=&#8220;{}&#8220;]<\/p>\n<h3>AUSGABE 2024<\/h3>\n<p><\/p>\n<h2><strong>Programm<\/strong><\/h2>\n<p><\/p>\n<div id=\"gtx-trans\" style=\"position: absolute; left: 41px; top: 42.625px;\">\n<div class=\"gtx-trans-icon\">\u00a0<\/div>\n<p><\/div>\n<p>[\/et_pb_text][et_pb_text _builder_version=&#8220;4.21.0&#8243; _module_preset=&#8220;default&#8220; text_text_color=&#8220;#FFFFFF&#8220; text_font_size=&#8220;17px&#8220; header_text_color=&#8220;#ff7f7f&#8220; header_font_size=&#8220;25px&#8220; header_line_height=&#8220;1.4em&#8220; text_font_size_tablet=&#8220;17px&#8220; text_font_size_phone=&#8220;17px&#8220; text_font_size_last_edited=&#8220;on|phone&#8220; header_font_size_tablet=&#8220;25px&#8220; header_font_size_phone=&#8220;18px&#8220; header_font_size_last_edited=&#8220;on|desktop&#8220; global_colors_info=&#8220;{}&#8220;]<\/p>\n<h1><strong>INVASION kehrt diesen Sommer ins Freiluftkino im Humboldt Forum zur\u00fcck!<\/strong><\/h1>\n<p><\/p>\n<ul>\n<li><strong>Freitag 30. August 2024, 19:30hs<\/strong><\/li>\n<li><strong>PUAN pr\u00e4sentiert von Alan Pauls<\/strong><\/li>\n<li><strong><span style=\"color: #ff99cc;\"><a style=\"color: #ff99cc;\" href=\"https:\/\/www.humboldtforum.org\/en\/programm\/termin\/film-video-en\/puan-133493\/\">Tickets erh\u00e4ltich<\/a><\/span> \u00fcber die Website des Humboldt Forums<\/strong><\/li>\n<\/ul>\n<p>[\/et_pb_text][\/et_pb_column][\/et_pb_row][et_pb_row use_custom_gutter=&#8220;on&#8220; gutter_width=&#8220;2&#8243; _builder_version=&#8220;4.21.0&#8243; width=&#8220;90%&#8220; width_tablet=&#8220;80%&#8220; width_phone=&#8220;&#8220; width_last_edited=&#8220;on|tablet&#8220; max_width=&#8220;none&#8220; overflow-x=&#8220;hidden&#8220; overflow-y=&#8220;hidden&#8220; custom_padding=&#8220;5%||5%||true|false&#8220; locked=&#8220;off&#8220; global_colors_info=&#8220;{}&#8220;][et_pb_column type=&#8220;4_4&#8243; module_class=&#8220;pa-inline-buttons&#8220; _builder_version=&#8220;4.21.0&#8243; overflow-x=&#8220;hidden&#8220; overflow-y=&#8220;hidden&#8220; global_colors_info=&#8220;{}&#8220;][et_pb_image src=&#8220;https:\/\/invasionberlin.com\/festival\/wp-content\/uploads\/2024\/07\/POSTER-SIN-FECHA-scaled.jpg&#8220; alt=&#8220;Argentinisches Filmfestival 2024 | Puan&#8220; title_text=&#8220;Argentinisches Filmfestival 2024 | Puan&#8220; align=&#8220;center&#8220; _builder_version=&#8220;4.21.0&#8243; _module_preset=&#8220;default&#8220; width=&#8220;500px&#8220; module_alignment=&#8220;center&#8220; overflow-x=&#8220;hidden&#8220; overflow-y=&#8220;hidden&#8220; custom_margin=&#8220;0px|0px|0px|0px|false|false&#8220; custom_padding=&#8220;0px|0px|0px|0px|true|false&#8220; global_colors_info=&#8220;{}&#8220;][\/et_pb_image][et_pb_button button_url=&#8220;@ET-DC@eyJkeW5hbWljIjp0cnVlLCJjb250ZW50IjoicG9zdF9saW5rX3VybF9wb3N0Iiwic2V0dGluZ3MiOnsicG9zdF9pZCI6IjQ2NjMifX0=@&#8220; button_text=&#8220;Alle Infos&#8220; _builder_version=&#8220;4.21.0&#8243; _dynamic_attributes=&#8220;button_url&#8220; custom_button=&#8220;on&#8220; button_text_size=&#8220;10px&#8220; button_text_color=&#8220;#ffffff&#8220; button_bg_color=&#8220;rgba(0,0,0,0)&#8220; button_border_width=&#8220;1px&#8220; button_border_color=&#8220;#f9002b&#8220; button_letter_spacing=&#8220;1px&#8220; button_font=&#8220;Montserrat|600||on|||||&#8220; button_use_icon=&#8220;off&#8220; custom_margin=&#8220;5px|10px|5px|10px|true|true&#8220; custom_padding=&#8220;8px|15px|8px|15px|true|true&#8220; custom_css_main_element=&#8220;width: 46%;||float: left;||margin: 2%;&#8220; locked=&#8220;off&#8220; global_colors_info=&#8220;{}&#8220; button_bg_color__hover=&#8220;#6e42ff&#8220; button_bg_color__hover_enabled=&#8220;on|hover&#8220; button_bg_enable_color__hover=&#8220;on&#8220; button_text_color__hover_enabled=&#8220;on|desktop&#8220; button_text_color__hover=&#8220;#ffffff&#8220; button_border_color__hover=&#8220;rgba(0,0,0,0)&#8220; button_border_color__hover_enabled=&#8220;on|desktop&#8220;][\/et_pb_button][et_pb_button button_url=&#8220;https:\/\/www.humboldtforum.org\/en\/programm\/termin\/film-video-en\/puan-133493\/&#8220; url_new_window=&#8220;on&#8220; button_text=&#8220;Tickets kaufen&#8220; disabled_on=&#8220;off|off|off&#8220; _builder_version=&#8220;4.21.0&#8243; custom_button=&#8220;on&#8220; button_text_size=&#8220;10px&#8220; button_text_color=&#8220;#ffffff&#8220; button_bg_color=&#8220;rgba(0,0,0,0)&#8220; button_border_width=&#8220;1px&#8220; button_border_color=&#8220;#f9002b&#8220; button_letter_spacing=&#8220;1px&#8220; button_font=&#8220;Montserrat|600||on|||||&#8220; button_use_icon=&#8220;off&#8220; custom_margin=&#8220;5px|10px|5px|10px|true|true&#8220; custom_padding=&#8220;8px|15px|8px|15px|true|true&#8220; custom_css_main_element=&#8220;width: 46%;||float: left;||margin: 2%;&#8220; locked=&#8220;off&#8220; global_colors_info=&#8220;{}&#8220; button_bg_color__hover=&#8220;#6e42ff&#8220; button_bg_color__hover_enabled=&#8220;on|hover&#8220; button_bg_enable_color__hover=&#8220;on&#8220; button_text_color__hover_enabled=&#8220;on|desktop&#8220; button_text_color__hover=&#8220;#ffffff&#8220; button_border_color__hover=&#8220;rgba(0,0,0,0)&#8220; button_border_color__hover_enabled=&#8220;on|desktop&#8220;][\/et_pb_button][\/et_pb_column][\/et_pb_row][\/et_pb_section][et_pb_section fb_built=&#8220;1&#8243; admin_label=&#8220;Footer&#8220; _builder_version=&#8220;4.16&#8243; background_color_gradient_direction=&#8220;90deg&#8220; background_image=&#8220;https:\/\/invasionberlin.com\/festival\/wp-content\/uploads\/2020\/10\/movie-01.jpg&#8220; custom_padding=&#8220;23px||32px|||&#8220; background_color_tablet=&#8220;#000000&#8243; background_last_edited=&#8220;on|phone&#8220; background_enable_color_tablet=&#8220;on&#8220; background_color_gradient_stops_tablet=&#8220;#2b87da 50%|#29c4a9 100%&#8220; background_color_gradient_stops_phone=&#8220;#2b87da 90%|#29c4a9 90%&#8220; background_color_gradient_start_position_tablet=&#8220;50%&#8220; background_color_gradient_start_position_phone=&#8220;90%&#8220; background_color_gradient_end_position_phone=&#8220;0%&#8220; background_enable_image_tablet=&#8220;off&#8220; locked=&#8220;off&#8220; global_colors_info=&#8220;{}&#8220;][et_pb_row _builder_version=&#8220;4.16&#8243; custom_padding=&#8220;19px|||||&#8220; global_colors_info=&#8220;{}&#8220;][et_pb_column type=&#8220;4_4&#8243; _builder_version=&#8220;4.16&#8243; global_colors_info=&#8220;{}&#8220;][et_pb_text _builder_version=&#8220;4.16&#8243; header_2_font=&#8220;Montserrat|300|||||||&#8220; header_2_font_size=&#8220;40px&#8220; header_2_line_height=&#8220;1.2em&#8220; header_3_font=&#8220;Montserrat|700||on|||||&#8220; header_3_text_color=&#8220;#f9002b&#8220; header_3_font_size=&#8220;16px&#8220; header_3_letter_spacing=&#8220;2px&#8220; header_3_line_height=&#8220;1.4em&#8220; header_4_font=&#8220;Montserrat||||||||&#8220; background_layout=&#8220;dark&#8220; header_2_font_size_tablet=&#8220;30px&#8220; header_2_font_size_phone=&#8220;20px&#8220; header_2_font_size_last_edited=&#8220;on|phone&#8220; header_3_font_size_tablet=&#8220;14px&#8220; header_3_font_size_phone=&#8220;&#8220; header_3_font_size_last_edited=&#8220;on|phone&#8220; locked=&#8220;off&#8220; global_colors_info=&#8220;{}&#8220;]<\/p>\n<h4><b>Invasion Berlin ist m\u00f6glich dank der Unterst\u00fctzung von<\/b><\/h4>\n<p>[\/et_pb_text][\/et_pb_column][\/et_pb_row][et_pb_row column_structure=&#8220;1_2,1_2&#8243; make_equal=&#8220;on&#8220; _builder_version=&#8220;4.17.6&#8243; background_color=&#8220;#ffffff&#8220; module_alignment=&#8220;center&#8220; min_height=&#8220;40px&#8220; custom_margin_tablet=&#8220;&#8220; custom_margin_phone=&#8220;&#8220; custom_margin_last_edited=&#8220;on|phone&#8220; custom_padding=&#8220;0px|10px|0px|10px|true|false&#8220; border_radii=&#8220;off|10px|10px||&#8220; locked=&#8220;off&#8220; global_colors_info=&#8220;{}&#8220; custom_margin__hover_enabled=&#8220;off|desktop&#8220;][et_pb_column type=&#8220;1_2&#8243; _builder_version=&#8220;4.16&#8243; custom_css_main_element=&#8220;margin: auto;\t&#8220; global_colors_info=&#8220;{}&#8220;][\/et_pb_column][et_pb_column type=&#8220;1_2&#8243; _builder_version=&#8220;4.16&#8243; custom_css_main_element=&#8220;margin: auto;\t&#8220; global_colors_info=&#8220;{}&#8220;][\/et_pb_column][\/et_pb_row][et_pb_row column_structure=&#8220;1_3,1_3,1_3&#8243; make_equal=&#8220;on&#8220; _builder_version=&#8220;4.21.0&#8243; background_color=&#8220;#ffffff&#8220; module_alignment=&#8220;center&#8220; custom_padding=&#8220;0px|10px|30px|10px|false|true&#8220; locked=&#8220;off&#8220; global_colors_info=&#8220;{}&#8220;][et_pb_column type=&#8220;1_3&#8243; _builder_version=&#8220;4.16&#8243; custom_css_main_element=&#8220;margin: auto;\t&#8220; global_colors_info=&#8220;{}&#8220;][et_pb_image src=&#8220;https:\/\/invasionberlin.com\/festival\/wp-content\/uploads\/2020\/10\/instituto-cervantes-berlin-2.jpg&#8220; title_text=&#8220;Instituto Cervantes&#8220; url=&#8220;https:\/\/berlin.cervantes.es\/de\/default.shtm&#8220; url_new_window=&#8220;on&#8220; align=&#8220;center&#8220; _builder_version=&#8220;4.21.0&#8243; _module_preset=&#8220;default&#8220; width=&#8220;120px&#8220; max_height=&#8220;140px&#8220; global_colors_info=&#8220;{}&#8220;][\/et_pb_image][\/et_pb_column][et_pb_column type=&#8220;1_3&#8243; _builder_version=&#8220;4.16&#8243; custom_css_main_element=&#8220;margin: auto;\t&#8220; global_colors_info=&#8220;{}&#8220;][et_pb_image src=&#8220;https:\/\/invasionberlin.com\/festival\/wp-content\/uploads\/2020\/10\/logo-latinale.png&#8220; title_text=&#8220;Latinale&#8220; url=&#8220;https:\/\/www.latinale.org\/&#8220; url_new_window=&#8220;on&#8220; align=&#8220;center&#8220; _builder_version=&#8220;4.21.0&#8243; _module_preset=&#8220;default&#8220; width=&#8220;150px&#8220; global_colors_info=&#8220;{}&#8220;][\/et_pb_image][\/et_pb_column][et_pb_column type=&#8220;1_3&#8243; _builder_version=&#8220;4.16&#8243; custom_css_main_element=&#8220;margin: auto;\t&#8220; global_colors_info=&#8220;{}&#8220;][et_pb_image src=&#8220;https:\/\/invasionberlin.com\/festival\/wp-content\/uploads\/2023\/05\/logo-HumboldtForum.png&#8220; title_text=&#8220;Humboldt Forum&#8220; url=&#8220;https:\/\/www.humboldtforum.org\/&#8220; url_new_window=&#8220;on&#8220; align=&#8220;center&#8220; _builder_version=&#8220;4.21.0&#8243; _module_preset=&#8220;default&#8220; width=&#8220;200px&#8220; global_colors_info=&#8220;{}&#8220;][\/et_pb_image][\/et_pb_column][\/et_pb_row][et_pb_row column_structure=&#8220;1_3,1_3,1_3&#8243; make_equal=&#8220;on&#8220; _builder_version=&#8220;4.21.0&#8243; background_color=&#8220;#ffffff&#8220; module_alignment=&#8220;center&#8220; custom_padding=&#8220;0px|10px|30px|10px|false|true&#8220; locked=&#8220;off&#8220; global_colors_info=&#8220;{}&#8220;][et_pb_column type=&#8220;1_3&#8243; _builder_version=&#8220;4.16&#8243; custom_css_main_element=&#8220;margin: auto;\t&#8220; global_colors_info=&#8220;{}&#8220;][et_pb_image src=&#8220;https:\/\/invasionberlin.com\/festival\/wp-content\/uploads\/2024\/07\/dialectaschriftzug-vertikal.png&#8220; alt=&#8220;\u00dcbersetzungsb\u00fcro Dialecta&#8220; title_text=&#8220;\u00dcbersetzungsb\u00fcro Dialecta&#8220; url=&#8220;https:\/\/www.latinale.org\/&#8220; url_new_window=&#8220;on&#8220; align=&#8220;center&#8220; _builder_version=&#8220;4.21.0&#8243; _module_preset=&#8220;default&#8220; width=&#8220;28%&#8220; global_colors_info=&#8220;{}&#8220;][\/et_pb_image][\/et_pb_column][et_pb_column type=&#8220;1_3&#8243; _builder_version=&#8220;4.16&#8243; custom_css_main_element=&#8220;margin: auto;\t&#8220; global_colors_info=&#8220;{}&#8220;][et_pb_image src=&#8220;https:\/\/invasionberlin.com\/festival\/wp-content\/uploads\/2023\/05\/logo-grandfilm.jpg&#8220; title_text=&#8220;Grandfilm&#8220; url=&#8220;https:\/\/grandfilm.de\/&#8220; url_new_window=&#8220;on&#8220; align=&#8220;center&#8220; _builder_version=&#8220;4.21.0&#8243; _module_preset=&#8220;default&#8220; width=&#8220;200px&#8220; global_colors_info=&#8220;{}&#8220;][\/et_pb_image][\/et_pb_column][et_pb_column type=&#8220;1_3&#8243; _builder_version=&#8220;4.16&#8243; custom_css_main_element=&#8220;margin: auto;\t&#8220; global_colors_info=&#8220;{}&#8220;][et_pb_image src=&#8220;https:\/\/invasionberlin.com\/festival\/wp-content\/uploads\/2022\/08\/yorck-kino-logo.jpg&#8220; title_text=&#8220;Yorck Kino&#8220; url=&#8220;https:\/\/www.yorck.de\/&#8220; url_new_window=&#8220;on&#8220; align=&#8220;center&#8220; _builder_version=&#8220;4.21.0&#8243; _module_preset=&#8220;default&#8220; width=&#8220;250px&#8220; global_colors_info=&#8220;{}&#8220;][\/et_pb_image][\/et_pb_column][\/et_pb_row][et_pb_row column_structure=&#8220;1_3,1_3,1_3&#8243; make_equal=&#8220;on&#8220; _builder_version=&#8220;4.16&#8243; background_color=&#8220;#ffffff&#8220; module_alignment=&#8220;center&#8220; custom_padding=&#8220;0px|10px|0px|10px|true|true&#8220; locked=&#8220;off&#8220; global_colors_info=&#8220;{}&#8220;][et_pb_column type=&#8220;1_3&#8243; _builder_version=&#8220;4.16&#8243; custom_css_main_element=&#8220;margin: auto;\t&#8220; global_colors_info=&#8220;{}&#8220;][\/et_pb_column][et_pb_column type=&#8220;1_3&#8243; _builder_version=&#8220;4.16&#8243; custom_css_main_element=&#8220;margin: auto;\t&#8220; global_colors_info=&#8220;{}&#8220;][\/et_pb_column][et_pb_column type=&#8220;1_3&#8243; _builder_version=&#8220;4.16&#8243; custom_css_main_element=&#8220;margin: auto;\t&#8220; global_colors_info=&#8220;{}&#8220;][\/et_pb_column][\/et_pb_row][et_pb_row column_structure=&#8220;1_2,1_2&#8243; make_equal=&#8220;on&#8220; _builder_version=&#8220;4.17.6&#8243; background_color=&#8220;#ffffff&#8220; module_alignment=&#8220;center&#8220; custom_padding=&#8220;10px|10px|30px|10px|false|true&#8220; border_radii=&#8220;off|||10px|10px&#8220; locked=&#8220;off&#8220; global_colors_info=&#8220;{}&#8220;][et_pb_column type=&#8220;1_2&#8243; _builder_version=&#8220;4.16&#8243; custom_css_main_element=&#8220;margin: auto;\t&#8220; global_colors_info=&#8220;{}&#8220;][et_pb_image src=&#8220;https:\/\/invasionberlin.com\/festival\/wp-content\/uploads\/2020\/11\/logo-radio-cosmo-baja.png&#8220; alt=&#8220;Radio Cosmo&#8220; title_text=&#8220;Radio Cosmo&#8220; url=&#8220;https:\/\/www1.wdr.de\/radio\/cosmo\/programm\/sendungen\/estacionsur\/index.html&#8220; url_new_window=&#8220;on&#8220; align=&#8220;center&#8220; _builder_version=&#8220;4.17.6&#8243; _module_preset=&#8220;default&#8220; width=&#8220;40%&#8220; module_alignment=&#8220;center&#8220; global_colors_info=&#8220;{}&#8220;][\/et_pb_image][\/et_pb_column][et_pb_column type=&#8220;1_2&#8243; _builder_version=&#8220;4.16&#8243; custom_css_main_element=&#8220;margin: auto;\t&#8220; global_colors_info=&#8220;{}&#8220;][et_pb_image src=&#8220;https:\/\/invasionberlin.com\/festival\/wp-content\/uploads\/2021\/11\/logo-desbandada.jpg&#8220; alt=&#8220;Revista cultural. Una mirada cr\u00edtica desde Berl\u00edn&#8220; title_text=&#8220;Revista cultural. Una mirada cr\u00edtica desde Berl\u00edn&#8220; url=&#8220;https:\/\/revistadesbandada.com\/&#8220; url_new_window=&#8220;on&#8220; align=&#8220;center&#8220; _builder_version=&#8220;4.17.6&#8243; _module_preset=&#8220;default&#8220; width=&#8220;40%&#8220; locked=&#8220;off&#8220; global_colors_info=&#8220;{}&#8220;][\/et_pb_image][\/et_pb_column][\/et_pb_row][\/et_pb_section]<\/p>\n","protected":false},"excerpt":{"rendered":"<p>AUSGABE 2024Programm \u00a0INVASION kehrt diesen Sommer ins Freiluftkino im Humboldt Forum zur\u00fcck! Freitag 30. August 2024, 19:30hs PUAN pr\u00e4sentiert von Alan Pauls Tickets erh\u00e4ltich \u00fcber die Website des Humboldt Forums Invasion Berlin ist m\u00f6glich dank der Unterst\u00fctzung von<\/p>\n","protected":false},"author":3,"featured_media":0,"parent":0,"menu_order":0,"comment_status":"closed","ping_status":"closed","template":"","meta":{"_et_pb_use_builder":"on","_et_pb_old_content":"","_et_gb_content_width":"","footnotes":""},"class_list":["post-4918","page","type-page","status-publish","hentry"],"_links":{"self":[{"href":"https:\/\/invasionberlin.com\/festival\/de\/wp-json\/wp\/v2\/pages\/4918","targetHints":{"allow":["GET"]}}],"collection":[{"href":"https:\/\/invasionberlin.com\/festival\/de\/wp-json\/wp\/v2\/pages"}],"about":[{"href":"https:\/\/invasionberlin.com\/festival\/de\/wp-json\/wp\/v2\/types\/page"}],"author":[{"embeddable":true,"href":"https:\/\/invasionberlin.com\/festival\/de\/wp-json\/wp\/v2\/users\/3"}],"replies":[{"embeddable":true,"href":"https:\/\/invasionberlin.com\/festival\/de\/wp-json\/wp\/v2\/comments?post=4918"}],"version-history":[{"count":9,"href":"https:\/\/invasionberlin.com\/festival\/de\/wp-json\/wp\/v2\/pages\/4918\/revisions"}],"predecessor-version":[{"id":4935,"href":"https:\/\/invasionberlin.com\/festival\/de\/wp-json\/wp\/v2\/pages\/4918\/revisions\/4935"}],"wp:attachment":[{"href":"https:\/\/invasionberlin.com\/festival\/de\/wp-json\/wp\/v2\/media?parent=4918"}],"curies":[{"name":"wp","href":"https:\/\/api.w.org\/{rel}","templated":true}]}}