{"id":4866,"date":"2025-05-30T13:02:12","date_gmt":"2025-05-30T11:02:12","guid":{"rendered":"https:\/\/invasionberlin.com\/festival\/edicion-2025\/"},"modified":"2025-08-15T09:40:36","modified_gmt":"2025-08-15T07:40:36","slug":"2025-edition","status":"publish","type":"page","link":"https:\/\/invasionberlin.com\/festival\/en\/","title":{"rendered":"2025 Edition"},"content":{"rendered":"<p>[et_pb_section fb_built=&#8221;1&#8243; admin_label=&#8221;Calls to Action&#8221; _builder_version=&#8221;4.21.0&#8243; background_color=&#8221;#000000&#8243; width=&#8221;100%&#8221; custom_padding=&#8221;0px||11px||false|false&#8221; global_colors_info=&#8221;{}&#8221;][et_pb_row _builder_version=&#8221;4.16&#8243; width=&#8221;90%&#8221; max_width=&#8221;none&#8221; global_colors_info=&#8221;{}&#8221;][et_pb_column type=&#8221;4_4&#8243; _builder_version=&#8221;4.16&#8243; global_colors_info=&#8221;{}&#8221;][et_pb_text _builder_version=&#8221;4.27.4&#8243; text_text_color=&#8221;rgba(255,255,255,0.5)&#8221; text_font_size=&#8221;16px&#8221; text_line_height=&#8221;1.8em&#8221; header_2_font=&#8221;Montserrat|300|||||||&#8221; header_2_font_size=&#8221;70px&#8221; header_2_line_height=&#8221;1.2em&#8221; header_3_font=&#8221;Montserrat|700||on|||||&#8221; header_3_text_color=&#8221;#f9002b&#8221; header_3_font_size=&#8221;16px&#8221; header_3_letter_spacing=&#8221;2px&#8221; header_3_line_height=&#8221;1.4em&#8221; background_layout=&#8221;dark&#8221; header_2_font_size_tablet=&#8221;40px&#8221; header_2_font_size_phone=&#8221;30px&#8221; header_2_font_size_last_edited=&#8221;on|phone&#8221; header_3_font_size_tablet=&#8221;14px&#8221; header_3_font_size_phone=&#8221;&#8221; header_3_font_size_last_edited=&#8221;on|phone&#8221; text_text_align=&#8221;left&#8221; locked=&#8221;off&#8221; global_colors_info=&#8221;{}&#8221;]<\/p>\n<h3>2025 EDITION<\/h3>\n<p><\/p>\n<h2><strong>Programme<\/strong><\/h2>\n<p><\/p>\n<div id=\"gtx-trans\" style=\"position: absolute; left: 41px; top: 42.625px;\">\n<div class=\"gtx-trans-icon\">\u00a0<\/div>\n<p><\/div>\n<p>[\/et_pb_text][et_pb_text _builder_version=&#8221;4.27.4&#8243; _module_preset=&#8221;default&#8221; text_text_color=&#8221;#FFFFFF&#8221; text_font_size=&#8221;17px&#8221; header_text_color=&#8221;#ff7f7f&#8221; header_font_size=&#8221;25px&#8221; header_line_height=&#8221;1.4em&#8221; hover_enabled=&#8221;0&#8243; text_font_size_tablet=&#8221;17px&#8221; text_font_size_phone=&#8221;17px&#8221; text_font_size_last_edited=&#8221;on|phone&#8221; header_font_size_tablet=&#8221;25px&#8221; header_font_size_phone=&#8221;18px&#8221; header_font_size_last_edited=&#8221;on|desktop&#8221; global_colors_info=&#8221;{}&#8221; sticky_enabled=&#8221;0&#8243;]<\/p>\n<h1><strong>INVASION returns this summer to the Humboldt Forum open-air cinema!<\/strong><\/h1>\n<p><\/p>\n<ul>\n<li><strong>Friday, August 15 2025, 8pm<\/strong><\/li>\n<li><strong>KILL THE JOCKEY, by Luis Ortega, presented by FABIAN CASAS (in Spanish &amp; English)<\/strong><\/li>\n<li><strong><span style=\"color: #ff99cc;\"><a style=\"color: #ff99cc;\" href=\"https:\/\/www.humboldtforum.org\/en\/programm\/termin\/film-video-en\/kill-the-jockey-149044\/\">Tickets available<\/a><\/span> on the Humboldt Forum website<\/strong><\/li>\n<\/ul>\n<p>[\/et_pb_text][\/et_pb_column][\/et_pb_row][et_pb_row use_custom_gutter=&#8221;on&#8221; gutter_width=&#8221;2&#8243; _builder_version=&#8221;4.21.0&#8243; width=&#8221;90%&#8221; width_tablet=&#8221;80%&#8221; width_phone=&#8221;&#8221; width_last_edited=&#8221;on|tablet&#8221; max_width=&#8221;none&#8221; overflow-x=&#8221;hidden&#8221; overflow-y=&#8221;hidden&#8221; custom_padding=&#8221;5%||5%||true|false&#8221; locked=&#8221;off&#8221; global_colors_info=&#8221;{}&#8221;][et_pb_column type=&#8221;4_4&#8243; module_class=&#8221;pa-inline-buttons&#8221; _builder_version=&#8221;4.21.0&#8243; overflow-x=&#8221;hidden&#8221; overflow-y=&#8221;hidden&#8221; global_colors_info=&#8221;{}&#8221;][et_pb_image src=&#8221;https:\/\/invasionberlin.com\/festival\/wp-content\/uploads\/2025\/07\/poster-the-jockey.jpg&#8221; alt=&#8221;Argentinisches Filmfestival 2024 | Puan&#8221; title_text=&#8221;Poster Kill the Jockey&#8221; align=&#8221;center&#8221; _builder_version=&#8221;4.27.4&#8243; _module_preset=&#8221;default&#8221; width=&#8221;500px&#8221; module_alignment=&#8221;center&#8221; overflow-x=&#8221;hidden&#8221; overflow-y=&#8221;hidden&#8221; custom_margin=&#8221;0px|0px|0px|0px|false|false&#8221; custom_padding=&#8221;0px|0px|0px|0px|true|false&#8221; global_colors_info=&#8221;{}&#8221;][\/et_pb_image][et_pb_button button_url=&#8221;@ET-DC@eyJkeW5hbWljIjp0cnVlLCJjb250ZW50IjoicG9zdF9saW5rX3VybF9wb3N0Iiwic2V0dGluZ3MiOnsicG9zdF9pZCI6IjQ4NzQifX0=@&#8221; button_text=&#8221;MORE INFORMATION&#8221; _builder_version=&#8221;4.27.4&#8243; _dynamic_attributes=&#8221;button_url&#8221; custom_button=&#8221;on&#8221; button_text_size=&#8221;10px&#8221; button_text_color=&#8221;#ffffff&#8221; button_bg_color=&#8221;rgba(0,0,0,0)&#8221; button_border_width=&#8221;1px&#8221; button_border_color=&#8221;#f9002b&#8221; button_letter_spacing=&#8221;1px&#8221; button_font=&#8221;Montserrat|600||on|||||&#8221; button_use_icon=&#8221;off&#8221; custom_margin=&#8221;5px|10px|5px|10px|true|true&#8221; custom_padding=&#8221;8px|15px|8px|15px|true|true&#8221; hover_enabled=&#8221;0&#8243; custom_css_main_element=&#8221;width: 46%;||float: left;||margin: 2%;&#8221; locked=&#8221;off&#8221; global_colors_info=&#8221;{}&#8221; button_bg_color__hover=&#8221;#6e42ff&#8221; button_bg_color__hover_enabled=&#8221;on|hover&#8221; button_bg_enable_color__hover=&#8221;on&#8221; button_text_color__hover_enabled=&#8221;on|desktop&#8221; button_text_color__hover=&#8221;#ffffff&#8221; button_border_color__hover=&#8221;rgba(0,0,0,0)&#8221; button_border_color__hover_enabled=&#8221;on|desktop&#8221; sticky_enabled=&#8221;0&#8243;][\/et_pb_button][et_pb_button button_url=&#8221;https:\/\/www.humboldtforum.org\/en\/programm\/termin\/film-video-en\/kill-the-jockey-149044\/&#8221; url_new_window=&#8221;on&#8221; button_text=&#8221;TICKETS&#8221; disabled_on=&#8221;off|off|off&#8221; _builder_version=&#8221;4.27.4&#8243; custom_button=&#8221;on&#8221; button_text_size=&#8221;10px&#8221; button_text_color=&#8221;#ffffff&#8221; button_bg_color=&#8221;rgba(0,0,0,0)&#8221; button_border_width=&#8221;1px&#8221; button_border_color=&#8221;#f9002b&#8221; button_letter_spacing=&#8221;1px&#8221; button_font=&#8221;Montserrat|600||on|||||&#8221; button_use_icon=&#8221;off&#8221; custom_margin=&#8221;5px|10px|5px|10px|true|true&#8221; custom_padding=&#8221;8px|15px|8px|15px|true|true&#8221; hover_enabled=&#8221;0&#8243; custom_css_main_element=&#8221;width: 46%;||float: left;||margin: 2%;&#8221; locked=&#8221;off&#8221; global_colors_info=&#8221;{}&#8221; button_bg_color__hover=&#8221;#6e42ff&#8221; button_bg_color__hover_enabled=&#8221;on|hover&#8221; button_bg_enable_color__hover=&#8221;on&#8221; button_text_color__hover_enabled=&#8221;on|desktop&#8221; button_text_color__hover=&#8221;#ffffff&#8221; button_border_color__hover=&#8221;rgba(0,0,0,0)&#8221; button_border_color__hover_enabled=&#8221;on|desktop&#8221; sticky_enabled=&#8221;0&#8243;][\/et_pb_button][\/et_pb_column][\/et_pb_row][\/et_pb_section][et_pb_section fb_built=&#8221;1&#8243; admin_label=&#8221;Footer&#8221; _builder_version=&#8221;4.16&#8243; background_color_gradient_direction=&#8221;90deg&#8221; background_image=&#8221;https:\/\/invasionberlin.com\/festival\/wp-content\/uploads\/2020\/10\/movie-01.jpg&#8221; custom_padding=&#8221;23px||32px|||&#8221; background_color_tablet=&#8221;#000000&#8243; background_last_edited=&#8221;on|phone&#8221; background_enable_color_tablet=&#8221;on&#8221; background_color_gradient_stops_tablet=&#8221;#2b87da 50%|#29c4a9 100%&#8221; background_color_gradient_stops_phone=&#8221;#2b87da 90%|#29c4a9 90%&#8221; background_color_gradient_start_position_tablet=&#8221;50%&#8221; background_color_gradient_start_position_phone=&#8221;90%&#8221; background_color_gradient_end_position_phone=&#8221;0%&#8221; background_enable_image_tablet=&#8221;off&#8221; locked=&#8221;off&#8221; global_colors_info=&#8221;{}&#8221;][\/et_pb_section]<\/p>\n","protected":false},"excerpt":{"rendered":"<p>EL JOCKEY<br \/>\nLuis Ortega \u2013 2024 &#8211; Argentina, M\u00e9xico, Espa\u00f1a, Dinamarca, EEUU \u2013 96 Min. Espa\u00f1ol con subt\u00edtulos en ingl\u00e9s (OmeU)<\/p>\n","protected":false},"author":3,"featured_media":0,"parent":0,"menu_order":0,"comment_status":"closed","ping_status":"closed","template":"","meta":{"_et_pb_use_builder":"on","_et_pb_old_content":"","_et_gb_content_width":"","footnotes":""},"class_list":["post-4866","page","type-page","status-publish","hentry"],"_links":{"self":[{"href":"https:\/\/invasionberlin.com\/festival\/en\/wp-json\/wp\/v2\/pages\/4866","targetHints":{"allow":["GET"]}}],"collection":[{"href":"https:\/\/invasionberlin.com\/festival\/en\/wp-json\/wp\/v2\/pages"}],"about":[{"href":"https:\/\/invasionberlin.com\/festival\/en\/wp-json\/wp\/v2\/types\/page"}],"author":[{"embeddable":true,"href":"https:\/\/invasionberlin.com\/festival\/en\/wp-json\/wp\/v2\/users\/3"}],"replies":[{"embeddable":true,"href":"https:\/\/invasionberlin.com\/festival\/en\/wp-json\/wp\/v2\/comments?post=4866"}],"version-history":[{"count":20,"href":"https:\/\/invasionberlin.com\/festival\/en\/wp-json\/wp\/v2\/pages\/4866\/revisions"}],"predecessor-version":[{"id":5046,"href":"https:\/\/invasionberlin.com\/festival\/en\/wp-json\/wp\/v2\/pages\/4866\/revisions\/5046"}],"wp:attachment":[{"href":"https:\/\/invasionberlin.com\/festival\/en\/wp-json\/wp\/v2\/media?parent=4866"}],"curies":[{"name":"wp","href":"https:\/\/api.w.org\/{rel}","templated":true}]}}