{"id":178,"date":"2020-10-14T14:47:20","date_gmt":"2020-10-14T14:47:20","guid":{"rendered":"https:\/\/invasionberlin.com\/festival\/?page_id=178"},"modified":"2021-04-12T09:44:48","modified_gmt":"2021-04-12T09:44:48","slug":"como-ver-las-peliculas-on-line","status":"publish","type":"page","link":"https:\/\/invasionberlin.com\/festival\/como-ver-las-peliculas-on-line\/","title":{"rendered":"Como ver las peliculas On Line"},"content":{"rendered":"<p>[et_pb_section fb_built=\u00bb1&#8243; custom_padding_last_edited=\u00bboff|phone\u00bb admin_label=\u00bbHeader\u00bb _builder_version=\u00bb4.7.0&#8243; use_background_color_gradient=\u00bbon\u00bb background_color_gradient_start=\u00bbrgba(0,0,0,0.5)\u00bb background_color_gradient_end=\u00bbrgba(0,0,0,0.64)\u00bb background_color_gradient_overlays_image=\u00bbon\u00bb background_image=\u00bbhttps:\/\/invasionberlin.com\/festival\/wp-content\/uploads\/2020\/11\/fondo-2020-superior.jpg\u00bb parallax=\u00bbon\u00bb custom_padding=\u00bb50px||50px||true|false\u00bb locked=\u00bboff\u00bb][et_pb_row _builder_version=\u00bb4.0.6&#8243;][et_pb_column type=\u00bb4_4&#8243; _builder_version=\u00bb4.0.6&#8243; custom_padding_tablet=\u00bb30px||30px||true|false\u00bb custom_padding_last_edited=\u00bboff|desktop\u00bb][et_pb_text _builder_version=\u00bb4.7.0&#8243; _dynamic_attributes=\u00bbcontent\u00bb text_font=\u00bbMontserrat|600||on|||||\u00bb text_text_color=\u00bb#ffffff\u00bb text_font_size=\u00bb28px\u00bb text_line_height=\u00bb1.8em\u00bb header_font=\u00bbMontserrat|700||on|||||\u00bb header_text_align=\u00bbcenter\u00bb header_font_size=\u00bb40px\u00bb header_2_font=\u00bbMontserrat||||||||\u00bb header_2_text_align=\u00bbcenter\u00bb header_3_font=\u00bbMontserrat|700||on|||||\u00bb header_3_text_color=\u00bbrgba(255,255,255,0.5)\u00bb header_3_font_size=\u00bb16px\u00bb header_3_letter_spacing=\u00bb2px\u00bb header_3_line_height=\u00bb1.4em\u00bb background_layout=\u00bbdark\u00bb header_3_font_size_tablet=\u00bb14px\u00bb header_3_font_size_phone=\u00bb\u00bb header_3_font_size_last_edited=\u00bbon|phone\u00bb text_text_align=\u00bbleft\u00bb locked=\u00bboff\u00bb]@ET-DC@eyJkeW5hbWljIjp0cnVlLCJjb250ZW50IjoicG9zdF90aXRsZSIsInNldHRpbmdzIjp7ImJlZm9yZSI6IiIsImFmdGVyIjoiIn19@[\/et_pb_text][\/et_pb_column][\/et_pb_row][\/et_pb_section][et_pb_section fb_built=\u00bb1&#8243; admin_label=\u00bbInfo\u00bb _builder_version=\u00bb4.0.6&#8243; background_color=\u00bb#000000&#8243; custom_padding=\u00bb35px||15px|||\u00bb][et_pb_row _builder_version=\u00bb4.0.6&#8243;][et_pb_column type=\u00bb4_4&#8243; _builder_version=\u00bb4.0.6&#8243;][et_pb_text _builder_version=\u00bb4.9.3&#8243; text_text_color=\u00bb#ffffff\u00bb text_line_height=\u00bb1.8em\u00bb background_layout=\u00bbdark\u00bb hover_enabled=\u00bb0&#8243; sticky_enabled=\u00bb0&#8243;]<\/p>\n<p style=\"text-align: justify;\">Utilizamos la plataforma <strong>Vimeo On Demand <\/strong>para la exhibici\u00f3n de las peliculas del festival. Decidimos utilizar Vimeo porque es una empresa reconocida en el mundo del <strong>Video On Demand<\/strong>, sus servidores son seguros y la informaci\u00f3n que a ellos se transmite respeta las politicas de resguardo de informaci\u00f3n privada.<\/p>\n<p style=\"text-align: justify;\">El formato de visualizaci\u00f3n es llamado <strong>Alquiler (\u00abRent\u00bb)<\/strong>, esto quiere decir que podes ver las diferentes pel\u00edculas por un periodo limitado<strong> (la duraci\u00f3n del festival o el ciclo de pel\u00edculas)<\/strong>.<\/p>\n<p style=\"text-align: justify;\">La transacci\u00f3n comercial se realiza a trav\u00e9s de <strong>Vimeo<\/strong>, quien provee la plataforma segura para realizar el cobro de las peliculas con costo de visualizaci\u00f3n. Es posible abonar con Tarjeta de Cr\u00e9dito directamente o a trav\u00e9s de la plataforma <strong>Paypal<\/strong>.<\/p>\n<p style=\"text-align: justify;\"><strong>Vimeo<\/strong> requiere tu registraci\u00f3n para su utilizaci\u00f3n. Pod\u00e9s acceder a <strong>Vimeo<\/strong> f\u00e1cilmente con tu cuenta de <strong>Facebook<\/strong>, <strong>Gmail<\/strong>, <strong>Apple<\/strong> o con tu nombre y correo electr\u00f3nico.<\/p>\n<p style=\"text-align: justify;\">Puedes leer las pol\u00edticas de privacidad de <strong>Vimeo<\/strong> en este link <a href=\"https:\/\/vimeo.com\/privacy\" target=\"_blank\" rel=\"noopener noreferrer\">https:\/\/vimeo.com\/privacy<\/a><\/p>\n<p style=\"text-align: justify;\"><strong>Invasion Berlin<\/strong> no guarda ning\u00fan dato sin tu autorizaci\u00f3n.<\/p>\n<p>[\/et_pb_text][et_pb_text _builder_version=\u00bb4.7.0&#8243; _module_preset=\u00bbdefault\u00bb text_text_color=\u00bb#ffffff\u00bb header_3_font=\u00bbMontserrat|600|||||||\u00bb header_3_text_color=\u00bb#ffffff\u00bb custom_margin=\u00bb||8px|||\u00bb]<\/p>\n<h3>Dispositivos compatibles<\/h3>\n<p>Vimeo soporta una gran cantidad de dispositivos que permiten ver las peliculas del Festival en la comodidad de tu casa. Si tenes dudas de la compatibilidad de tu dispositivo podes acceder a los siguientes instructivos.<\/p>\n<ul>\n<li>Televisiones inteligentes y plataformas compatibles con\u00a0<strong>Vimeo On Demand<\/strong> &#8211; (instrucciones en ingl\u00e9s) haga click <a href=\"https:\/\/vimeo.zendesk.com\/hc\/en-us\/articles\/235696528-Watching-your-On-Demand-videos\" target=\"_blank\" rel=\"noopener noreferrer\">aqu\u00ed<\/a><\/li>\n<li>Reproducir las peliculas de <strong>Vimeo On Demand<\/strong> desde tu Smartphone con Chromecast o AirPlay &#8211; (instrucciones en ingl\u00e9s) haga click <a href=\"https:\/\/help.vimeo.com\/hc\/en-us\/articles\/360049772851\" target=\"_blank\" rel=\"noopener noreferrer\">aqu\u00ed<\/a><\/li>\n<\/ul>\n<p>&nbsp;<\/p>\n<p>[\/et_pb_text][\/et_pb_column][\/et_pb_row][\/et_pb_section][et_pb_section fb_built=\u00bb1&#8243; custom_padding_last_edited=\u00bboff|phone\u00bb admin_label=\u00bbHeader\u00bb _builder_version=\u00bb4.6.6&#8243; use_background_color_gradient=\u00bbon\u00bb background_color_gradient_start=\u00bbrgba(0,0,0,0.5)\u00bb background_color_gradient_end=\u00bbrgba(0,0,0,0.64)\u00bb background_color_gradient_overlays_image=\u00bbon\u00bb background_image=\u00bbhttps:\/\/invasionberlin.com\/festival\/wp-content\/uploads\/2020\/11\/fondo-2020-inferior.jpg\u00bb parallax=\u00bbon\u00bb min_height=\u00bb300px\u00bb custom_padding=\u00bb80px||80px||true|false\u00bb locked=\u00bboff\u00bb][\/et_pb_section]<\/p>\n","protected":false},"excerpt":{"rendered":"<p>Utilizamos la plataforma Vimeo On Demand para la exhibici\u00f3n de las peliculas del festival. Decidimos utilizar Vimeo porque es una empresa reconocida en el mundo del Video On Demand, sus servidores son seguros y la informaci\u00f3n que a ellos se transmite respeta las politicas de resguardo de informaci\u00f3n privada. El formato de visualizaci\u00f3n es llamado [&hellip;]<\/p>\n","protected":false},"author":1,"featured_media":0,"parent":0,"menu_order":0,"comment_status":"closed","ping_status":"closed","template":"","meta":{"_et_pb_use_builder":"on","_et_pb_old_content":"<!-- wp:divi\/placeholder \/-->","_et_gb_content_width":"","footnotes":""},"class_list":["post-178","page","type-page","status-publish","hentry"],"_links":{"self":[{"href":"https:\/\/invasionberlin.com\/festival\/wp-json\/wp\/v2\/pages\/178","targetHints":{"allow":["GET"]}}],"collection":[{"href":"https:\/\/invasionberlin.com\/festival\/wp-json\/wp\/v2\/pages"}],"about":[{"href":"https:\/\/invasionberlin.com\/festival\/wp-json\/wp\/v2\/types\/page"}],"author":[{"embeddable":true,"href":"https:\/\/invasionberlin.com\/festival\/wp-json\/wp\/v2\/users\/1"}],"replies":[{"embeddable":true,"href":"https:\/\/invasionberlin.com\/festival\/wp-json\/wp\/v2\/comments?post=178"}],"version-history":[{"count":23,"href":"https:\/\/invasionberlin.com\/festival\/wp-json\/wp\/v2\/pages\/178\/revisions"}],"predecessor-version":[{"id":2650,"href":"https:\/\/invasionberlin.com\/festival\/wp-json\/wp\/v2\/pages\/178\/revisions\/2650"}],"wp:attachment":[{"href":"https:\/\/invasionberlin.com\/festival\/wp-json\/wp\/v2\/media?parent=178"}],"curies":[{"name":"wp","href":"https:\/\/api.w.org\/{rel}","templated":true}]}}