{"id":41,"date":"2020-10-13T16:43:31","date_gmt":"2020-10-13T16:43:31","guid":{"rendered":"https:\/\/invasionberlin.com\/festival\/?page_id=41"},"modified":"2020-11-18T17:18:16","modified_gmt":"2020-11-18T17:18:16","slug":"edicion-2019","status":"publish","type":"page","link":"https:\/\/invasionberlin.com\/festival\/edicion-2019\/","title":{"rendered":"Edici\u00f3n 2019"},"content":{"rendered":"<p>[et_pb_section fb_built=\u00bb1&#8243; custom_padding_last_edited=\u00bboff|phone\u00bb admin_label=\u00bbHeader\u00bb _builder_version=\u00bb4.6.6&#8243; use_background_color_gradient=\u00bbon\u00bb background_color_gradient_start=\u00bbrgba(0,0,0,0.5)\u00bb background_color_gradient_end=\u00bbrgba(0,0,0,0.64)\u00bb background_color_gradient_overlays_image=\u00bbon\u00bb background_image=\u00bbhttps:\/\/invasionberlin.com\/festival\/wp-content\/uploads\/2020\/10\/2019-fondo-titulo.jpg\u00bb parallax=\u00bbon\u00bb custom_padding=\u00bb80px||80px||true|false\u00bb locked=\u00bboff\u00bb][et_pb_row _builder_version=\u00bb4.0.6&#8243;][et_pb_column type=\u00bb4_4&#8243; _builder_version=\u00bb4.0.6&#8243; custom_padding_tablet=\u00bb30px||30px||true|false\u00bb custom_padding_last_edited=\u00bboff|desktop\u00bb][et_pb_text _builder_version=\u00bb4.6.6&#8243; text_text_color=\u00bbrgba(255,255,255,0.5)\u00bb text_font_size=\u00bb16px\u00bb text_line_height=\u00bb1.8em\u00bb header_font=\u00bbMontserrat|700||on|||||\u00bb header_text_align=\u00bbcenter\u00bb header_font_size=\u00bb40px\u00bb header_2_font=\u00bbMontserrat||||||||\u00bb header_2_text_align=\u00bbcenter\u00bb header_3_font=\u00bbMontserrat|700||on|||||\u00bb header_3_text_color=\u00bbrgba(255,255,255,0.5)\u00bb header_3_font_size=\u00bb16px\u00bb header_3_letter_spacing=\u00bb2px\u00bb header_3_line_height=\u00bb1.4em\u00bb background_layout=\u00bbdark\u00bb header_3_font_size_tablet=\u00bb14px\u00bb header_3_font_size_phone=\u00bb\u00bb header_3_font_size_last_edited=\u00bbon|phone\u00bb text_text_align=\u00bbleft\u00bb locked=\u00bboff\u00bb]<\/p>\n<h1>Invasion Berlin 2019<\/h1>\n<h2>Berlin &#8211; Buenos Aires &#8211; Frankfurt<\/h2>\n<div id=\"gtx-trans\" style=\"position: absolute; left: -21px; top: 75.875px;\">\n<div class=\"gtx-trans-icon\"><\/div>\n<\/div>\n<p>[\/et_pb_text][\/et_pb_column][\/et_pb_row][\/et_pb_section][et_pb_section fb_built=\u00bb1&#8243; admin_label=\u00bbInfo\u00bb _builder_version=\u00bb4.0.6&#8243; background_color=\u00bb#000000&#8243; custom_padding=\u00bb35px||15px|||\u00bb][et_pb_row _builder_version=\u00bb4.0.6&#8243; locked=\u00bboff\u00bb][et_pb_column type=\u00bb4_4&#8243; _builder_version=\u00bb4.0.6&#8243;][et_pb_toggle title=\u00bbAcerca de la edici\u00f3n 2019&#8243; open_toggle_text_color=\u00bb#ffffff\u00bb use_icon_font_size=\u00bbon\u00bb icon_font_size=\u00bb26px\u00bb _builder_version=\u00bb4.7.0&#8243; _module_preset=\u00bbdefault\u00bb title_text_color=\u00bb#ffffff\u00bb title_font=\u00bbMontserrat|700|||||||\u00bb closed_title_font=\u00bbMontserrat|700|||||||\u00bb body_text_align=\u00bbjustify\u00bb body_text_color=\u00bb#ffffff\u00bb background_color=\u00bb#000000&#8243;]<\/p>\n<p style=\"text-align: justify;\">La selecci\u00f3n de este a\u00f1o incluye lo m\u00e1s arriesgado de la producci\u00f3n argentina de los dos \u00faltimos a\u00f1os. Cineastas que toman riesgos al ponerse al frente del cuadro como forma de atravesar la encrucijada de un momento hist\u00f3rico incierto de sus vidas, como Romina Paula en De nuevo otra vez. Aparecen con sus c\u00e1maras haciendo cine de las aspiraciones y miserias propias, como Iair Said en Flora no es un canto a la vida; volviendo al archivo para revisar el misterio de un pasado familiar, como en El silencio es un cuerpo que cae: rodeando, indagando el propio origen. Apuestas \u00edntimas y valientes por hacer de la c\u00e1mara un instrumento de acceso al autoconocimiento. La puesta en escena como forma de exorcizar pruebas, ex\u00e1menes, momentos traum\u00e1ticos, como en Las Facultades. Las herramientas del cine como forma de volver a procesar, de digerir , de observar. Y hacer de esa observaci\u00f3n una pel\u00edcula del rodaje de una pel\u00edcula, como A\u00f1os luz. Un m\u00e9todo de acercamiento a la historia propia, personal, pero tambi\u00e9n a una cierta identidad argentina &#8211; si es que la hubiese &#8211; , como en M\u00e9todo Livingston. Estos cineastas hacen sus pel\u00edculas como una forma de organizar y montar lo que del mundo los les toca, les hace marca. El cine tambi\u00e9n como una forma po\u00e9tica, \u00edntima, pol\u00edtica, de sanar.<\/p>\n<p>[\/et_pb_toggle][et_pb_toggle title=\u00bbBuenos Aires &#8211; Sala Lugones\u00bb open_toggle_text_color=\u00bb#ffffff\u00bb use_icon_font_size=\u00bbon\u00bb icon_font_size=\u00bb26px\u00bb _builder_version=\u00bb4.7.1&#8243; _module_preset=\u00bbdefault\u00bb title_text_color=\u00bb#ffffff\u00bb title_font=\u00bbMontserrat|700|||||||\u00bb closed_title_font=\u00bbMontserrat|700|||||||\u00bb body_text_align=\u00bbjustify\u00bb body_text_color=\u00bb#ffffff\u00bb background_color=\u00bb#000000&#8243; hover_enabled=\u00bb0&#8243; sticky_enabled=\u00bb0&#8243;]<\/p>\n<p class=\"p1\">INVASION, el Ministerio de Cultura, a trav\u00e9s del Complejo Teatral de Buenos Aires, y la Fundaci\u00f3n Cinemateca Argentina, con el auspicio y la colaboraci\u00f3n del Goethe-Institut Buenos Aires,\u00a0 y el Festival Internacional de Cine de Mar del Plata, han organizado un ciclo denominado <b><i>Tres cineastas berlineses: Heise, Schanelec, Hartmann, <\/i><\/b>que se llevar\u00e1 a cabo del jueves 21 al domingo 24 de noviembre, en la Sala Leopoldo Lugones del Teatro San Mart\u00edn (Avda. Corrientes 1530). El ciclo est\u00e1 integrado por cuatro largometrajes recientes y totalmente in\u00e9ditos en Buenos Aires realizados por tres de las figuras m\u00e1s relevantes de la escena cinematogr\u00e1fica alemana contempor\u00e1nea: Angela Schanelec, Anna Sofie Hartmann y Thomas Heise. Tres de esos t\u00edtulos han sido exhibidos en la reciente edici\u00f3n del Festival Internacional de Cine de Mar del Plata. El ciclo se realiza en el marco del 25\u00b0 aniversario del tratado de hermanamiento de las ciudades de Berl\u00edn y Buenos Aires.<\/p>\n<p class=\"p1\"><b>Thomas Heise\u00a0<\/b>naci\u00f3 en 1955 en Berl\u00edn Oriental. En 1975 comenz\u00f3 a trabajar como asistente de direcci\u00f3n en el estudio DEFA. Estudi\u00f3 en la Academia de Cine y Televisi\u00f3n de Potsdam-Babelsberg. Es profesor de Arte y Cine en la Academia de Bellas Artes de Viena. Su primera pel\u00edcula fue el corto documental\u00a0\u00bfPara qu\u00e9 una pel\u00edcula sobre estas personas?\u00a0(1980). Present\u00f3 sus pel\u00edculas en Buenos Aires en 2008 y en 2010 film\u00f3\u00a0Sistema solar\u00a0en la comunidad coya de Tinkunaku, Salta. Entre sus obras m\u00e1s reconocidas pueden citarse los documentales\u00a0(Negros) Con suerte\u00a0(2006),\u00a0Material\u00a0(2009),\u00a0Gegenwart\u00a0(2012) y\u00a0Patria\u00a0(2002).<\/p>\n<p class=\"p2\"><b><\/b><\/p>\n<p class=\"p1\"><b>Angela Schanelec\u00a0<\/b>naci\u00f3 en el sur de Alemania en 1962. Es actriz, guionista y cineasta. Estudi\u00f3 actuaci\u00f3n en Fr\u00e1ncfort del Meno y direcci\u00f3n en la Academia Alemana de Cine y Televisi\u00f3n de Berl\u00edn. Es profesora de Cine Narrativo en la Universidad de Bellas Artes de Hamburgo. Visit\u00f3 Buenos Aires en el marco del ciclo Encuentro con Angela Schanelec organizado por la Sala Lugones, el Goethe-Institut y el Festival Invasi\u00f3n en mayo de 2016. Entre sus t\u00edtulos m\u00e1s relevantes se encuentran La suerte de mi hermana (1995), Mi vida lenta (2001), Marseille (2004) y Atardecer (2007).<\/p>\n<p class=\"p2\"><b><\/b><\/p>\n<p class=\"p1\"><b>Anna Sofie Hartmann\u00a0<\/b>naci\u00f3 en 1984 en Nakskov, Dinamarca, estudi\u00f3 direcci\u00f3n en la Academia Alemana de Cine y Televisi\u00f3n de Berl\u00edn. Su tesis,\u00a0Limbo, tuvo su estreno en la edici\u00f3n 2014 del Festival Internacional de San Sebasti\u00e1n y fue invitada a varios festivales.\u00a0Jirafa\u00a0es su segundo largometraje.<\/p>\n<p>[\/et_pb_toggle][\/et_pb_column][\/et_pb_row][et_pb_row column_structure=\u00bb1_3,2_3&#8243; _builder_version=\u00bb4.7.0&#8243;][et_pb_column type=\u00bb1_3&#8243; _builder_version=\u00bb4.0.6&#8243;][et_pb_image src=\u00bbhttps:\/\/invasionberlin.com\/festival\/wp-content\/uploads\/2020\/10\/flotra-miniatura01.jpg\u00bb title_text=\u00bbflotra-miniatura01&#8243; _builder_version=\u00bb4.6.6&#8243; locked=\u00bboff\u00bb][\/et_pb_image][\/et_pb_column][et_pb_column type=\u00bb2_3&#8243; _builder_version=\u00bb4.0.6&#8243; custom_padding=\u00bb50px||||false|false\u00bb][et_pb_text _builder_version=\u00bb4.6.6&#8243; text_text_color=\u00bbrgba(255,255,255,0.7)\u00bb header_2_font=\u00bbMontserrat|700|||||||\u00bb header_3_font=\u00bbMontserrat|600|||||||\u00bb header_3_font_size=\u00bb18px\u00bb background_layout=\u00bbdark\u00bb]<\/p>\n<h2 class=\"x-feature-box-title\">Flora no es un canto a la vida<\/h2>\n<p>Iair Said, 2019, Arg, 65 Min, OmeU<\/p>\n<p>[\/et_pb_text][\/et_pb_column][\/et_pb_row][et_pb_row column_structure=\u00bb1_3,2_3&#8243; _builder_version=\u00bb4.7.0&#8243;][et_pb_column type=\u00bb1_3&#8243; _builder_version=\u00bb4.0.6&#8243;][et_pb_image src=\u00bbhttps:\/\/invasionberlin.com\/festival\/wp-content\/uploads\/2020\/10\/elsilencio-miniatura01.jpg\u00bb title_text=\u00bbelsilencio-miniatura01&#8243; _builder_version=\u00bb4.6.6&#8243; locked=\u00bboff\u00bb][\/et_pb_image][\/et_pb_column][et_pb_column type=\u00bb2_3&#8243; _builder_version=\u00bb4.0.6&#8243; custom_padding=\u00bb50px||||false|false\u00bb][et_pb_text _builder_version=\u00bb4.6.6&#8243; text_text_color=\u00bbrgba(255,255,255,0.7)\u00bb header_2_font=\u00bbMontserrat|700|||||||\u00bb header_3_font=\u00bbMontserrat|600|||||||\u00bb header_3_font_size=\u00bb18px\u00bb background_layout=\u00bbdark\u00bb]<\/p>\n<h2 class=\"x-feature-box-title\">El silencio es un cuerpo que cae<\/h2>\n<p>Agustina Comedi, 2017, Arg, 75 min, OmeU<\/p>\n<p>[\/et_pb_text][\/et_pb_column][\/et_pb_row][et_pb_row column_structure=\u00bb1_3,2_3&#8243; _builder_version=\u00bb4.7.0&#8243;][et_pb_column type=\u00bb1_3&#8243; _builder_version=\u00bb4.0.6&#8243;][et_pb_image src=\u00bbhttps:\/\/invasionberlin.com\/festival\/wp-content\/uploads\/2020\/10\/metodo-miniatura.jpg\u00bb title_text=\u00bbmetodo-miniatura\u00bb _builder_version=\u00bb4.6.6&#8243; locked=\u00bboff\u00bb][\/et_pb_image][\/et_pb_column][et_pb_column type=\u00bb2_3&#8243; _builder_version=\u00bb4.0.6&#8243; custom_padding=\u00bb50px||||false|false\u00bb][et_pb_text _builder_version=\u00bb4.6.6&#8243; text_text_color=\u00bbrgba(255,255,255,0.7)\u00bb header_2_font=\u00bbMontserrat|700|||||||\u00bb header_3_font=\u00bbMontserrat|600|||||||\u00bb header_3_font_size=\u00bb18px\u00bb background_layout=\u00bbdark\u00bb]<\/p>\n<h2 class=\"x-feature-box-title\">M\u00e9todo Livingston + Q&amp;A con Mat\u00edas Iaccario (DF)<\/h2>\n<p>Sof\u00eda Mora, 2019, Arg, 76 min, OmeU<\/p>\n<p>[\/et_pb_text][\/et_pb_column][\/et_pb_row][et_pb_row column_structure=\u00bb1_3,2_3&#8243; _builder_version=\u00bb4.7.0&#8243;][et_pb_column type=\u00bb1_3&#8243; _builder_version=\u00bb4.0.6&#8243;][et_pb_image src=\u00bbhttps:\/\/invasionberlin.com\/festival\/wp-content\/uploads\/2020\/10\/denuevootravez-miniatura01.jpg\u00bb title_text=\u00bbdenuevootravez-miniatura01&#8243; _builder_version=\u00bb4.6.6&#8243; locked=\u00bboff\u00bb][\/et_pb_image][\/et_pb_column][et_pb_column type=\u00bb2_3&#8243; _builder_version=\u00bb4.0.6&#8243; custom_padding=\u00bb50px||||false|false\u00bb][et_pb_text _builder_version=\u00bb4.6.6&#8243; text_text_color=\u00bbrgba(255,255,255,0.7)\u00bb header_2_font=\u00bbMontserrat|700|||||||\u00bb header_3_font=\u00bbMontserrat|600|||||||\u00bb header_3_font_size=\u00bb18px\u00bb background_layout=\u00bbdark\u00bb]<\/p>\n<h2 class=\"x-feature-box-title\">De nuevo otra vez<\/h2>\n<p>Romina Paula, 2019, Arg, 84 min, OmeU<\/p>\n<p>[\/et_pb_text][\/et_pb_column][\/et_pb_row][et_pb_row column_structure=\u00bb1_3,2_3&#8243; _builder_version=\u00bb4.7.0&#8243;][et_pb_column type=\u00bb1_3&#8243; _builder_version=\u00bb4.0.6&#8243;][et_pb_image src=\u00bbhttps:\/\/invasionberlin.com\/festival\/wp-content\/uploads\/2020\/10\/blueboy-miniatura01.jpg\u00bb title_text=\u00bbblueboy-miniatura01&#8243; _builder_version=\u00bb4.6.6&#8243; locked=\u00bboff\u00bb][\/et_pb_image][\/et_pb_column][et_pb_column type=\u00bb2_3&#8243; _builder_version=\u00bb4.0.6&#8243; custom_padding=\u00bb50px||||false|false\u00bb][et_pb_text _builder_version=\u00bb4.6.6&#8243; text_text_color=\u00bbrgba(255,255,255,0.7)\u00bb header_2_font=\u00bbMontserrat|700|||||||\u00bb header_3_font=\u00bbMontserrat|600|||||||\u00bb header_3_font_size=\u00bb18px\u00bb background_layout=\u00bbdark\u00bb]<\/p>\n<h2 class=\"x-feature-box-title\">Blue Boy<\/h2>\n<p>Manuel Abramovich, 2019, Arg, 19 min, OmeU<\/p>\n<p>[\/et_pb_text][\/et_pb_column][\/et_pb_row][et_pb_row column_structure=\u00bb1_3,2_3&#8243; _builder_version=\u00bb4.7.0&#8243;][et_pb_column type=\u00bb1_3&#8243; _builder_version=\u00bb4.0.6&#8243;][et_pb_image src=\u00bbhttps:\/\/invasionberlin.com\/festival\/wp-content\/uploads\/2020\/10\/luz-miniatura.jpg\u00bb title_text=\u00bbluz-miniatura\u00bb _builder_version=\u00bb4.6.6&#8243; locked=\u00bboff\u00bb][\/et_pb_image][\/et_pb_column][et_pb_column type=\u00bb2_3&#8243; _builder_version=\u00bb4.0.6&#8243; custom_padding=\u00bb50px||||false|false\u00bb][et_pb_text _builder_version=\u00bb4.6.6&#8243; text_text_color=\u00bbrgba(255,255,255,0.7)\u00bb header_2_font=\u00bbMontserrat|700|||||||\u00bb header_3_font=\u00bbMontserrat|600|||||||\u00bb header_3_font_size=\u00bb18px\u00bb background_layout=\u00bbdark\u00bb]<\/p>\n<h2 class=\"x-feature-box-title\">A\u00f1os Luz + Q&amp;A con Manuel Abramovich y Alan Pauls<\/h2>\n<p>Manuel Abramovich, 2017, Arg, 72 min, OmeU<\/p>\n<p>[\/et_pb_text][\/et_pb_column][\/et_pb_row][et_pb_row column_structure=\u00bb1_3,2_3&#8243; _builder_version=\u00bb4.7.0&#8243;][et_pb_column type=\u00bb1_3&#8243; _builder_version=\u00bb4.0.6&#8243;][et_pb_image src=\u00bbhttps:\/\/invasionberlin.com\/festival\/wp-content\/uploads\/2020\/10\/facultades-miniatura01.jpg\u00bb title_text=\u00bbfacultades-miniatura01&#8243; _builder_version=\u00bb4.6.6&#8243; locked=\u00bboff\u00bb][\/et_pb_image][\/et_pb_column][et_pb_column type=\u00bb2_3&#8243; _builder_version=\u00bb4.0.6&#8243; custom_padding=\u00bb50px||||false|false\u00bb][et_pb_text _builder_version=\u00bb4.6.6&#8243; text_text_color=\u00bbrgba(255,255,255,0.7)\u00bb header_2_font=\u00bbMontserrat|700|||||||\u00bb header_3_font=\u00bbMontserrat|600|||||||\u00bb header_3_font_size=\u00bb18px\u00bb background_layout=\u00bbdark\u00bb]<\/p>\n<h2 class=\"x-feature-box-title\">Las Facultades\u00a0+Q&amp;A con Elo\u00edsa Sol\u00e1as<\/h2>\n<p>Eloisa Sol\u00e1as, 2019, Arg, 82 min, OmeU<\/p>\n<p>[\/et_pb_text][\/et_pb_column][\/et_pb_row][et_pb_row column_structure=\u00bb1_3,2_3&#8243; _builder_version=\u00bb4.7.0&#8243;][et_pb_column type=\u00bb1_3&#8243; _builder_version=\u00bb4.0.6&#8243;][et_pb_image src=\u00bbhttps:\/\/invasionberlin.com\/festival\/wp-content\/uploads\/2020\/10\/parsi-miniatura01.jpg\u00bb title_text=\u00bbparsi-miniatura01&#8243; _builder_version=\u00bb4.6.6&#8243; locked=\u00bboff\u00bb][\/et_pb_image][\/et_pb_column][et_pb_column type=\u00bb2_3&#8243; _builder_version=\u00bb4.0.6&#8243; custom_padding=\u00bb50px||||false|false\u00bb][et_pb_text _builder_version=\u00bb4.6.6&#8243; text_text_color=\u00bbrgba(255,255,255,0.7)\u00bb header_2_font=\u00bbMontserrat|700|||||||\u00bb header_3_font=\u00bbMontserrat|600|||||||\u00bb header_3_font_size=\u00bb18px\u00bb background_layout=\u00bbdark\u00bb]<\/p>\n<h2 class=\"x-feature-box-title\">Parsi + Q&amp;A + Latinale Poetry performance c\/M. Blatt<\/h2>\n<p>E. Williams &amp; M. Blatt, 2018, Arg, 23 min, OmeU<\/p>\n<p>[\/et_pb_text][\/et_pb_column][\/et_pb_row][et_pb_row column_structure=\u00bb1_3,2_3&#8243; _builder_version=\u00bb4.7.0&#8243;][et_pb_column type=\u00bb1_3&#8243; _builder_version=\u00bb4.0.6&#8243;][et_pb_image src=\u00bbhttps:\/\/invasionberlin.com\/festival\/wp-content\/uploads\/2020\/10\/djchamigo-miniatura01.jpg\u00bb title_text=\u00bbdjchamigo-miniatura01&#8243; _builder_version=\u00bb4.6.6&#8243; locked=\u00bboff\u00bb][\/et_pb_image][\/et_pb_column][et_pb_column type=\u00bb2_3&#8243; _builder_version=\u00bb4.0.6&#8243; custom_padding=\u00bb50px||||false|false\u00bb][et_pb_text _builder_version=\u00bb4.6.6&#8243; text_text_color=\u00bbrgba(255,255,255,0.7)\u00bb header_2_font=\u00bbMontserrat|700|||||||\u00bb header_3_font=\u00bbMontserrat|600|||||||\u00bb header_3_font_size=\u00bb18px\u00bb background_layout=\u00bbdark\u00bb]<\/p>\n<h2 class=\"x-feature-box-title\">+ Fiesta de apertura c\/ Vino Arg. + Snacks &amp; DJ Chamigo<\/h2>\n<p>[\/et_pb_text][\/et_pb_column][\/et_pb_row][\/et_pb_section][et_pb_section fb_built=\u00bb1&#8243; admin_label=\u00bbFooter\u00bb _builder_version=\u00bb4.0.6&#8243; use_background_color_gradient=\u00bbon\u00bb background_color_gradient_start=\u00bb#000000&#8243; background_color_gradient_end=\u00bbrgba(0,0,0,0)\u00bb background_color_gradient_end_position=\u00bb50%\u00bb background_color_gradient_overlays_image=\u00bbon\u00bb background_image=\u00bbhttps:\/\/invasionberlin.com\/festival\/wp-content\/uploads\/2020\/10\/theater-01.jpg\u00bb custom_padding=\u00bb23px||32px|||\u00bb locked=\u00bboff\u00bb][et_pb_row _builder_version=\u00bb3.29.1&#8243; custom_padding=\u00bb19px|||||\u00bb][et_pb_column type=\u00bb4_4&#8243; _builder_version=\u00bb3.29.1&#8243;][et_pb_text _builder_version=\u00bb4.6.6&#8243; header_2_font=\u00bbMontserrat|300|||||||\u00bb header_2_font_size=\u00bb40px\u00bb header_2_line_height=\u00bb1.2em\u00bb header_3_font=\u00bbMontserrat|700||on|||||\u00bb header_3_text_color=\u00bb#f9002b\u00bb header_3_font_size=\u00bb16px\u00bb header_3_letter_spacing=\u00bb2px\u00bb header_3_line_height=\u00bb1.4em\u00bb header_4_font=\u00bbMontserrat||||||||\u00bb background_layout=\u00bbdark\u00bb header_2_font_size_tablet=\u00bb30px\u00bb header_2_font_size_phone=\u00bb20px\u00bb header_2_font_size_last_edited=\u00bbon|phone\u00bb header_3_font_size_tablet=\u00bb14px\u00bb header_3_font_size_phone=\u00bb\u00bb header_3_font_size_last_edited=\u00bbon|phone\u00bb locked=\u00bboff\u00bb]<\/p>\n<h4><b>Invasion Berlin es posible gracias al apoyo de<\/b><\/h4>\n<p>[\/et_pb_text][\/et_pb_column][\/et_pb_row][et_pb_row make_equal=\u00bbon\u00bb _builder_version=\u00bb4.6.6&#8243; background_color=\u00bb#ffffff\u00bb custom_padding=\u00bb16px||0px|||\u00bb border_radii=\u00bboff|20px|20px||\u00bb locked=\u00bboff\u00bb][et_pb_column type=\u00bb4_4&#8243; _builder_version=\u00bb3.27.3&#8243;][et_pb_image src=\u00bbhttps:\/\/invasionberlin.com\/festival\/wp-content\/uploads\/2020\/10\/logo-berlin.jpg\u00bb title_text=\u00bblogo-berlin\u00bb align=\u00bbcenter\u00bb _builder_version=\u00bb4.6.6&#8243; _module_preset=\u00bbdefault\u00bb background_enable_color=\u00bboff\u00bb width=\u00bb250px\u00bb][\/et_pb_image][\/et_pb_column][\/et_pb_row][et_pb_row make_equal=\u00bbon\u00bb _builder_version=\u00bb4.6.6&#8243; background_color=\u00bb#ffffff\u00bb module_alignment=\u00bbcenter\u00bb custom_padding=\u00bb16px||0px|||\u00bb border_radii=\u00bboff|||10px|10px\u00bb locked=\u00bboff\u00bb][et_pb_column type=\u00bb4_4&#8243; _builder_version=\u00bb4.6.6&#8243; custom_css_main_element=\u00bbmargin: auto;\t\u00ab][et_pb_text _builder_version=\u00bb4.6.6&#8243; _module_preset=\u00bbdefault\u00bb custom_margin=\u00bb|20px||20px|false|true\u00bb border_color_all=\u00bb#ffffff\u00bb custom_css_after__hover_enabled=\u00bboff|desktop\u00bb]<\/p>\n<table border=\"1\" cellpadding=\"10\" cellspacing=\"0\" style=\"border-color: #ffffff; margin-left: auto; margin-right: auto;\">\n<tbody>\n<tr>\n<td><img decoding=\"async\" src=\"https:\/\/invasionberlin.com\/festival\/wp-content\/uploads\/2020\/10\/embajada-argentina-1.jpg\" width=\"200\" \/><\/td>\n<td><img decoding=\"async\" src=\"https:\/\/invasionberlin.com\/festival\/wp-content\/uploads\/2020\/10\/logo-consulado-300x87.png\" width=\"320\" \/><\/td>\n<td><img loading=\"lazy\" decoding=\"async\" src=\"https:\/\/invasionberlin.com\/festival\/wp-content\/uploads\/2020\/10\/instituto-cervantes-berlin-2.jpg\" width=\"150\" height=\"180\" alt=\"\" \/><\/td>\n<td><img loading=\"lazy\" decoding=\"async\" src=\"https:\/\/invasionberlin.com\/festival\/wp-content\/uploads\/2020\/10\/logo-harald.jpg\" width=\"195\" height=\"96\" alt=\"\" \/><\/td>\n<td><img loading=\"lazy\" decoding=\"async\" src=\"https:\/\/invasionberlin.com\/festival\/wp-content\/uploads\/2020\/10\/gloria-berlin-restaurante-2.jpg\" width=\"150\" height=\"180\" alt=\"\" \/><\/td>\n<td><img loading=\"lazy\" decoding=\"async\" src=\"https:\/\/invasionberlin.com\/festival\/wp-content\/uploads\/2020\/10\/logo_wolf_kino-01-286x300.png\" width=\"119\" height=\"125\" alt=\"\" \/><\/td>\n<\/tr>\n<\/tbody>\n<\/table>\n<table border=\"0\" cellpadding=\"10\" cellspacing=\"0\" style=\"border-color: #ffffff; margin-left: auto; margin-right: auto;\">\n<tbody>\n<tr>\n<td><img loading=\"lazy\" decoding=\"async\" src=\"https:\/\/invasionberlin.com\/festival\/wp-content\/uploads\/2020\/10\/logo-latinale-300x300.png\" width=\"146\" height=\"146\" alt=\"\" class=\"wp-image-295 alignnone size-medium\" srcset=\"https:\/\/invasionberlin.com\/festival\/wp-content\/uploads\/2020\/10\/logo-latinale.png 300w, https:\/\/invasionberlin.com\/festival\/wp-content\/uploads\/2020\/10\/logo-latinale-150x150.png 150w, https:\/\/invasionberlin.com\/festival\/wp-content\/uploads\/2020\/10\/logo-latinale-100x100.png 100w\" sizes=\"(max-width: 146px) 100vw, 146px\" \/><\/td>\n<td><img loading=\"lazy\" decoding=\"async\" src=\"https:\/\/invasionberlin.com\/festival\/wp-content\/uploads\/2020\/10\/planemo-logo.png\" width=\"148\" height=\"74\" alt=\"\" class=\"wp-image-296 alignnone size-full\" \/><\/td>\n<td><img loading=\"lazy\" decoding=\"async\" src=\"https:\/\/invasionberlin.com\/festival\/wp-content\/uploads\/2020\/10\/Caligari_Logo-300x294.jpg\" width=\"93\" height=\"92\" alt=\"\" class=\"wp-image-290 alignnone size-medium\" \/><\/td>\n<td><img loading=\"lazy\" decoding=\"async\" src=\"https:\/\/invasionberlin.com\/festival\/wp-content\/uploads\/2020\/10\/Logo_Kulturamt_4c-300x202.jpeg\" width=\"147\" height=\"99\" alt=\"\" class=\"wp-image-293 alignnone size-medium\" \/><\/td>\n<td><img loading=\"lazy\" decoding=\"async\" src=\"https:\/\/invasionberlin.com\/festival\/wp-content\/uploads\/2020\/10\/logofilmmuseum-300x241.jpg\" width=\"96\" height=\"77\" alt=\"\" class=\"wp-image-294 alignnone size-medium\" \/><\/td>\n<td><img loading=\"lazy\" decoding=\"async\" src=\"https:\/\/invasionberlin.com\/festival\/wp-content\/uploads\/2020\/10\/kinemathek-s-web-300x59.png\" width=\"156\" height=\"31\" alt=\"\" class=\"wp-image-292 alignnone size-medium\" \/><\/td>\n<td><img loading=\"lazy\" decoding=\"async\" src=\"https:\/\/invasionberlin.com\/festival\/wp-content\/uploads\/2020\/10\/image.png\" width=\"110\" height=\"110\" alt=\"\" class=\"wp-image-291 alignnone size-full\" srcset=\"https:\/\/invasionberlin.com\/festival\/wp-content\/uploads\/2020\/10\/image.png 110w, https:\/\/invasionberlin.com\/festival\/wp-content\/uploads\/2020\/10\/image-100x100.png 100w\" sizes=\"(max-width: 110px) 100vw, 110px\" \/><\/td>\n<\/tr>\n<\/tbody>\n<\/table>\n<p>&nbsp;[\/et_pb_text][\/et_pb_column][\/et_pb_row][\/et_pb_section][et_pb_section fb_built=\u00bb1&#8243; custom_padding_last_edited=\u00bboff|phone\u00bb admin_label=\u00bbHeader\u00bb _builder_version=\u00bb4.6.6&#8243; use_background_color_gradient=\u00bbon\u00bb background_color_gradient_start=\u00bbrgba(0,0,0,0.5)\u00bb background_color_gradient_end=\u00bbrgba(0,0,0,0.64)\u00bb background_color_gradient_overlays_image=\u00bbon\u00bb background_image=\u00bbhttps:\/\/invasionberlin.com\/festival\/wp-content\/uploads\/2020\/10\/2019-fondo-titulo.jpg\u00bb parallax=\u00bbon\u00bb parallax_method=\u00bboff\u00bb custom_padding=\u00bb60px||60px||true|false\u00bb locked=\u00bboff\u00bb][\/et_pb_section]<\/p>\n","protected":false},"excerpt":{"rendered":"<p>Invasion Berlin 2019 Berlin &#8211; Buenos Aires &#8211; Frankfurt La selecci\u00f3n de este a\u00f1o incluye lo m\u00e1s arriesgado de la producci\u00f3n argentina de los dos \u00faltimos a\u00f1os. Cineastas que toman riesgos al ponerse al frente del cuadro como forma de atravesar la encrucijada de un momento hist\u00f3rico incierto de sus vidas, como Romina Paula en [&hellip;]<\/p>\n","protected":false},"author":1,"featured_media":0,"parent":0,"menu_order":0,"comment_status":"closed","ping_status":"closed","template":"","meta":{"_et_pb_use_builder":"on","_et_pb_old_content":"<!-- wp:woocommerce\/product-new \/-->\n\n<!-- wp:media-text {\"isStackedOnMobile\":false,\"className\":\"alignwide has-media-on-the-right\"} -->\n<div class=\"wp-block-media-text alignwide has-media-on-the-right\"><figure class=\"wp-block-media-text__media\"><\/figure><div class=\"wp-block-media-text__content\"><!-- wp:paragraph {\"placeholder\":\"Contenido\u2026\",\"fontSize\":\"large\"} -->\n<p class=\"has-large-font-size\"><\/p>\n<!-- \/wp:paragraph --><\/div><\/div>\n<!-- \/wp:media-text -->\n\n<!-- wp:media-text {\"isStackedOnMobile\":false,\"className\":\"alignwide\"} -->\n<div class=\"wp-block-media-text alignwide\"><figure class=\"wp-block-media-text__media\"><\/figure><div class=\"wp-block-media-text__content\"><!-- wp:paragraph {\"placeholder\":\"Contenido\u2026\",\"fontSize\":\"large\"} -->\n<p class=\"has-large-font-size\"><\/p>\n<!-- \/wp:paragraph --><\/div><\/div>\n<!-- \/wp:media-text -->\n\n<!-- wp:media-text {\"isStackedOnMobile\":false,\"className\":\"alignwide has-media-on-the-right\"} -->\n<div class=\"wp-block-media-text alignwide has-media-on-the-right\"><figure class=\"wp-block-media-text__media\"><\/figure><div class=\"wp-block-media-text__content\"><!-- wp:paragraph {\"placeholder\":\"Contenido\u2026\",\"fontSize\":\"large\"} -->\n<p class=\"has-large-font-size\"><\/p>\n<!-- \/wp:paragraph --><\/div><\/div>\n<!-- \/wp:media-text -->\n\n<!-- wp:woocommerce\/featured-product \/-->","_et_gb_content_width":"","footnotes":""},"class_list":["post-41","page","type-page","status-publish","hentry"],"_links":{"self":[{"href":"https:\/\/invasionberlin.com\/festival\/wp-json\/wp\/v2\/pages\/41","targetHints":{"allow":["GET"]}}],"collection":[{"href":"https:\/\/invasionberlin.com\/festival\/wp-json\/wp\/v2\/pages"}],"about":[{"href":"https:\/\/invasionberlin.com\/festival\/wp-json\/wp\/v2\/types\/page"}],"author":[{"embeddable":true,"href":"https:\/\/invasionberlin.com\/festival\/wp-json\/wp\/v2\/users\/1"}],"replies":[{"embeddable":true,"href":"https:\/\/invasionberlin.com\/festival\/wp-json\/wp\/v2\/comments?post=41"}],"version-history":[{"count":60,"href":"https:\/\/invasionberlin.com\/festival\/wp-json\/wp\/v2\/pages\/41\/revisions"}],"predecessor-version":[{"id":1738,"href":"https:\/\/invasionberlin.com\/festival\/wp-json\/wp\/v2\/pages\/41\/revisions\/1738"}],"wp:attachment":[{"href":"https:\/\/invasionberlin.com\/festival\/wp-json\/wp\/v2\/media?parent=41"}],"curies":[{"name":"wp","href":"https:\/\/api.w.org\/{rel}","templated":true}]}}