{"id":4782,"date":"2025-05-30T12:56:31","date_gmt":"2025-05-30T10:56:31","guid":{"rendered":"https:\/\/invasionberlin.com\/festival\/?page_id=4782"},"modified":"2025-07-15T14:47:47","modified_gmt":"2025-07-15T12:47:47","slug":"edicion-2024","status":"publish","type":"page","link":"https:\/\/invasionberlin.com\/festival\/edicion-2024\/","title":{"rendered":"Edici\u00f3n 2024"},"content":{"rendered":"<p>[et_pb_section fb_built=\u00bb1&#8243; admin_label=\u00bbCalls to Action\u00bb _builder_version=\u00bb4.21.0&#8243; background_color=\u00bb#000000&#8243; width=\u00bb100%\u00bb custom_padding=\u00bb0px||11px||false|false\u00bb global_colors_info=\u00bb{}\u00bb][et_pb_row _builder_version=\u00bb4.16&#8243; width=\u00bb90%\u00bb max_width=\u00bbnone\u00bb global_colors_info=\u00bb{}\u00bb][et_pb_column type=\u00bb4_4&#8243; _builder_version=\u00bb4.16&#8243; global_colors_info=\u00bb{}\u00bb][et_pb_text _builder_version=\u00bb4.21.0&#8243; text_text_color=\u00bbrgba(255,255,255,0.5)\u00bb text_font_size=\u00bb16px\u00bb text_line_height=\u00bb1.8em\u00bb header_2_font=\u00bbMontserrat|300|||||||\u00bb header_2_font_size=\u00bb70px\u00bb header_2_line_height=\u00bb1.2em\u00bb header_3_font=\u00bbMontserrat|700||on|||||\u00bb header_3_text_color=\u00bb#f9002b\u00bb header_3_font_size=\u00bb16px\u00bb header_3_letter_spacing=\u00bb2px\u00bb header_3_line_height=\u00bb1.4em\u00bb background_layout=\u00bbdark\u00bb header_2_font_size_tablet=\u00bb40px\u00bb header_2_font_size_phone=\u00bb30px\u00bb header_2_font_size_last_edited=\u00bbon|phone\u00bb header_3_font_size_tablet=\u00bb14px\u00bb header_3_font_size_phone=\u00bb\u00bb header_3_font_size_last_edited=\u00bbon|phone\u00bb text_text_align=\u00bbleft\u00bb locked=\u00bboff\u00bb global_colors_info=\u00bb{}\u00bb]<\/p>\n<h3>EDICI\u00d3N 2024<\/h3>\n<h2><strong>Programa<\/strong><\/h2>\n<div id=\"gtx-trans\" style=\"position: absolute; left: 41px; top: 42.625px;\">\n<div class=\"gtx-trans-icon\"><\/div>\n<\/div>\n<p>[\/et_pb_text][et_pb_text _builder_version=\u00bb4.21.0&#8243; _module_preset=\u00bbdefault\u00bb text_text_color=\u00bb#FFFFFF\u00bb text_font_size=\u00bb17px\u00bb header_text_color=\u00bb#ff7f7f\u00bb header_font_size=\u00bb25px\u00bb header_line_height=\u00bb1.4em\u00bb text_font_size_tablet=\u00bb17px\u00bb text_font_size_phone=\u00bb17px\u00bb text_font_size_last_edited=\u00bbon|phone\u00bb header_font_size_tablet=\u00bb25px\u00bb header_font_size_phone=\u00bb18px\u00bb header_font_size_last_edited=\u00bbon|desktop\u00bb global_colors_info=\u00bb{}\u00bb]<\/p>\n<h1><strong>\u00a1<\/strong><strong>INVASION vuelve este verano al cine al aire libre en el Humboldt Forum!<\/strong><\/h1>\n<ul>\n<li><strong>Viernes 30 de agosto 2024, 19:30hs<\/strong><\/li>\n<li><strong>PUAN + presentaci\u00f3n a cargo de Alan Pauls<\/strong><\/li>\n<li><strong><span style=\"color: #ff99cc;\"><a href=\"https:\/\/www.humboldtforum.org\/en\/programm\/termin\/film-video-en\/puan-133493\/\" style=\"color: #ff99cc;\">Entradas en venta<\/a><\/span> en la web del Humboldt Forum<\/strong><\/li>\n<\/ul>\n<p>[\/et_pb_text][\/et_pb_column][\/et_pb_row][et_pb_row use_custom_gutter=\u00bbon\u00bb gutter_width=\u00bb2&#8243; _builder_version=\u00bb4.21.0&#8243; width=\u00bb90%\u00bb width_tablet=\u00bb80%\u00bb width_phone=\u00bb\u00bb width_last_edited=\u00bbon|tablet\u00bb max_width=\u00bbnone\u00bb overflow-x=\u00bbhidden\u00bb overflow-y=\u00bbhidden\u00bb custom_padding=\u00bb5%||5%||true|false\u00bb locked=\u00bboff\u00bb global_colors_info=\u00bb{}\u00bb][et_pb_column type=\u00bb4_4&#8243; module_class=\u00bbpa-inline-buttons\u00bb _builder_version=\u00bb4.21.0&#8243; overflow-x=\u00bbhidden\u00bb overflow-y=\u00bbhidden\u00bb global_colors_info=\u00bb{}\u00bb][et_pb_image src=\u00bbhttps:\/\/invasionberlin.com\/festival\/wp-content\/uploads\/2024\/07\/POSTER-SIN-FECHA-scaled.jpg\u00bb alt=\u00bbArgentinisches Filmfestival 2024 | Puan\u00bb title_text=\u00bbArgentinisches Filmfestival 2024 | Puan\u00bb align=\u00bbcenter\u00bb _builder_version=\u00bb4.21.0&#8243; _module_preset=\u00bbdefault\u00bb width=\u00bb500px\u00bb module_alignment=\u00bbcenter\u00bb overflow-x=\u00bbhidden\u00bb overflow-y=\u00bbhidden\u00bb custom_margin=\u00bb0px|0px|0px|0px|false|false\u00bb custom_padding=\u00bb0px|0px|0px|0px|true|false\u00bb global_colors_info=\u00bb{}\u00bb][\/et_pb_image][et_pb_button button_url=\u00bb@ET-DC@eyJkeW5hbWljIjp0cnVlLCJjb250ZW50IjoicG9zdF9saW5rX3VybF9wb3N0Iiwic2V0dGluZ3MiOnsicG9zdF9pZCI6IjQ2NjMifX0=@\u00bb button_text=\u00bbFicha completa\u00bb _builder_version=\u00bb4.21.0&#8243; _dynamic_attributes=\u00bbbutton_url\u00bb custom_button=\u00bbon\u00bb button_text_size=\u00bb10px\u00bb button_text_color=\u00bb#ffffff\u00bb button_bg_color=\u00bbrgba(0,0,0,0)\u00bb button_border_width=\u00bb1px\u00bb button_border_color=\u00bb#f9002b\u00bb button_letter_spacing=\u00bb1px\u00bb button_font=\u00bbMontserrat|600||on|||||\u00bb button_use_icon=\u00bboff\u00bb custom_margin=\u00bb5px|10px|5px|10px|true|true\u00bb custom_padding=\u00bb8px|15px|8px|15px|true|true\u00bb custom_css_main_element=\u00bbwidth: 46%;||float: left;||margin: 2%;\u00bb locked=\u00bboff\u00bb global_colors_info=\u00bb{}\u00bb button_bg_color__hover=\u00bb#6e42ff\u00bb button_bg_color__hover_enabled=\u00bbon|hover\u00bb button_bg_enable_color__hover=\u00bbon\u00bb button_text_color__hover_enabled=\u00bbon|desktop\u00bb button_text_color__hover=\u00bb#ffffff\u00bb button_border_color__hover=\u00bbrgba(0,0,0,0)\u00bb button_border_color__hover_enabled=\u00bbon|desktop\u00bb][\/et_pb_button][et_pb_button button_url=\u00bbhttps:\/\/www.humboldtforum.org\/en\/programm\/termin\/film-video-en\/puan-133493\/\u00bb url_new_window=\u00bbon\u00bb button_text=\u00bbComprar entradas\u00bb disabled_on=\u00bboff|off|off\u00bb _builder_version=\u00bb4.21.0&#8243; custom_button=\u00bbon\u00bb button_text_size=\u00bb10px\u00bb button_text_color=\u00bb#ffffff\u00bb button_bg_color=\u00bbrgba(0,0,0,0)\u00bb button_border_width=\u00bb1px\u00bb button_border_color=\u00bb#f9002b\u00bb button_letter_spacing=\u00bb1px\u00bb button_font=\u00bbMontserrat|600||on|||||\u00bb button_use_icon=\u00bboff\u00bb custom_margin=\u00bb5px|10px|5px|10px|true|true\u00bb custom_padding=\u00bb8px|15px|8px|15px|true|true\u00bb custom_css_main_element=\u00bbwidth: 46%;||float: left;||margin: 2%;\u00bb locked=\u00bboff\u00bb global_colors_info=\u00bb{}\u00bb button_bg_color__hover=\u00bb#6e42ff\u00bb button_bg_color__hover_enabled=\u00bbon|hover\u00bb button_bg_enable_color__hover=\u00bbon\u00bb button_text_color__hover_enabled=\u00bbon|desktop\u00bb button_text_color__hover=\u00bb#ffffff\u00bb button_border_color__hover=\u00bbrgba(0,0,0,0)\u00bb button_border_color__hover_enabled=\u00bbon|desktop\u00bb][\/et_pb_button][\/et_pb_column][\/et_pb_row][\/et_pb_section][et_pb_section fb_built=\u00bb1&#8243; admin_label=\u00bbFooter\u00bb _builder_version=\u00bb4.16&#8243; background_color_gradient_direction=\u00bb90deg\u00bb background_image=\u00bbhttps:\/\/invasionberlin.com\/festival\/wp-content\/uploads\/2020\/10\/movie-01.jpg\u00bb custom_padding=\u00bb23px||32px|||\u00bb background_color_tablet=\u00bb#000000&#8243; background_last_edited=\u00bbon|phone\u00bb background_enable_color_tablet=\u00bbon\u00bb background_color_gradient_stops_tablet=\u00bb#2b87da 50%|#29c4a9 100%\u00bb background_color_gradient_stops_phone=\u00bb#2b87da 90%|#29c4a9 90%\u00bb background_color_gradient_start_position_tablet=\u00bb50%\u00bb background_color_gradient_start_position_phone=\u00bb90%\u00bb background_color_gradient_end_position_phone=\u00bb0%\u00bb background_enable_image_tablet=\u00bboff\u00bb locked=\u00bboff\u00bb global_colors_info=\u00bb{}\u00bb][et_pb_row _builder_version=\u00bb4.16&#8243; custom_padding=\u00bb19px|||||\u00bb global_colors_info=\u00bb{}\u00bb][et_pb_column type=\u00bb4_4&#8243; _builder_version=\u00bb4.16&#8243; global_colors_info=\u00bb{}\u00bb][et_pb_text _builder_version=\u00bb4.16&#8243; header_2_font=\u00bbMontserrat|300|||||||\u00bb header_2_font_size=\u00bb40px\u00bb header_2_line_height=\u00bb1.2em\u00bb header_3_font=\u00bbMontserrat|700||on|||||\u00bb header_3_text_color=\u00bb#f9002b\u00bb header_3_font_size=\u00bb16px\u00bb header_3_letter_spacing=\u00bb2px\u00bb header_3_line_height=\u00bb1.4em\u00bb header_4_font=\u00bbMontserrat||||||||\u00bb background_layout=\u00bbdark\u00bb header_2_font_size_tablet=\u00bb30px\u00bb header_2_font_size_phone=\u00bb20px\u00bb header_2_font_size_last_edited=\u00bbon|phone\u00bb header_3_font_size_tablet=\u00bb14px\u00bb header_3_font_size_phone=\u00bb\u00bb header_3_font_size_last_edited=\u00bbon|phone\u00bb locked=\u00bboff\u00bb global_colors_info=\u00bb{}\u00bb]<\/p>\n<h4><b>Invasion Berlin es posible gracias al apoyo de<\/b><\/h4>\n<p>[\/et_pb_text][\/et_pb_column][\/et_pb_row][et_pb_row column_structure=\u00bb1_2,1_2&#8243; make_equal=\u00bbon\u00bb _builder_version=\u00bb4.17.6&#8243; background_color=\u00bb#ffffff\u00bb module_alignment=\u00bbcenter\u00bb min_height=\u00bb40px\u00bb custom_margin_tablet=\u00bb\u00bb custom_margin_phone=\u00bb\u00bb custom_margin_last_edited=\u00bbon|phone\u00bb custom_padding=\u00bb0px|10px|0px|10px|true|false\u00bb border_radii=\u00bboff|10px|10px||\u00bb locked=\u00bboff\u00bb global_colors_info=\u00bb{}\u00bb custom_margin__hover_enabled=\u00bboff|desktop\u00bb][et_pb_column type=\u00bb1_2&#8243; _builder_version=\u00bb4.16&#8243; custom_css_main_element=\u00bbmargin: auto;\t\u00bb global_colors_info=\u00bb{}\u00bb][\/et_pb_column][et_pb_column type=\u00bb1_2&#8243; _builder_version=\u00bb4.16&#8243; custom_css_main_element=\u00bbmargin: auto;\t\u00bb global_colors_info=\u00bb{}\u00bb][\/et_pb_column][\/et_pb_row][et_pb_row column_structure=\u00bb1_3,1_3,1_3&#8243; make_equal=\u00bbon\u00bb _builder_version=\u00bb4.21.0&#8243; background_color=\u00bb#ffffff\u00bb module_alignment=\u00bbcenter\u00bb custom_padding=\u00bb0px|10px|30px|10px|false|true\u00bb locked=\u00bboff\u00bb global_colors_info=\u00bb{}\u00bb][et_pb_column type=\u00bb1_3&#8243; _builder_version=\u00bb4.16&#8243; custom_css_main_element=\u00bbmargin: auto;\t\u00bb global_colors_info=\u00bb{}\u00bb][et_pb_image src=\u00bbhttps:\/\/invasionberlin.com\/festival\/wp-content\/uploads\/2020\/10\/instituto-cervantes-berlin-2.jpg\u00bb title_text=\u00bbInstituto Cervantes\u00bb url=\u00bbhttps:\/\/berlin.cervantes.es\/de\/default.shtm\u00bb url_new_window=\u00bbon\u00bb align=\u00bbcenter\u00bb _builder_version=\u00bb4.21.0&#8243; _module_preset=\u00bbdefault\u00bb width=\u00bb120px\u00bb max_height=\u00bb140px\u00bb global_colors_info=\u00bb{}\u00bb][\/et_pb_image][\/et_pb_column][et_pb_column type=\u00bb1_3&#8243; _builder_version=\u00bb4.16&#8243; custom_css_main_element=\u00bbmargin: auto;\t\u00bb global_colors_info=\u00bb{}\u00bb][et_pb_image src=\u00bbhttps:\/\/invasionberlin.com\/festival\/wp-content\/uploads\/2020\/10\/logo-latinale.png\u00bb title_text=\u00bbLatinale\u00bb url=\u00bbhttps:\/\/www.latinale.org\/\u00bb url_new_window=\u00bbon\u00bb align=\u00bbcenter\u00bb _builder_version=\u00bb4.21.0&#8243; _module_preset=\u00bbdefault\u00bb width=\u00bb150px\u00bb global_colors_info=\u00bb{}\u00bb][\/et_pb_image][\/et_pb_column][et_pb_column type=\u00bb1_3&#8243; _builder_version=\u00bb4.16&#8243; custom_css_main_element=\u00bbmargin: auto;\t\u00bb global_colors_info=\u00bb{}\u00bb][et_pb_image src=\u00bbhttps:\/\/invasionberlin.com\/festival\/wp-content\/uploads\/2023\/05\/logo-HumboldtForum.png\u00bb title_text=\u00bbHumboldt Forum\u00bb url=\u00bbhttps:\/\/www.humboldtforum.org\/\u00bb url_new_window=\u00bbon\u00bb align=\u00bbcenter\u00bb _builder_version=\u00bb4.21.0&#8243; _module_preset=\u00bbdefault\u00bb width=\u00bb200px\u00bb global_colors_info=\u00bb{}\u00bb][\/et_pb_image][\/et_pb_column][\/et_pb_row][et_pb_row column_structure=\u00bb1_3,1_3,1_3&#8243; make_equal=\u00bbon\u00bb _builder_version=\u00bb4.21.0&#8243; background_color=\u00bb#ffffff\u00bb module_alignment=\u00bbcenter\u00bb custom_padding=\u00bb0px|10px|30px|10px|false|true\u00bb locked=\u00bboff\u00bb global_colors_info=\u00bb{}\u00bb][et_pb_column type=\u00bb1_3&#8243; _builder_version=\u00bb4.16&#8243; custom_css_main_element=\u00bbmargin: auto;\t\u00bb global_colors_info=\u00bb{}\u00bb][et_pb_image src=\u00bbhttps:\/\/invasionberlin.com\/festival\/wp-content\/uploads\/2024\/07\/dialectaschriftzug-vertikal.png\u00bb alt=\u00bb\u00dcbersetzungsb\u00fcro Dialecta\u00bb title_text=\u00bb\u00dcbersetzungsb\u00fcro Dialecta\u00bb url=\u00bbhttps:\/\/www.latinale.org\/\u00bb url_new_window=\u00bbon\u00bb align=\u00bbcenter\u00bb _builder_version=\u00bb4.21.0&#8243; _module_preset=\u00bbdefault\u00bb width=\u00bb28%\u00bb global_colors_info=\u00bb{}\u00bb][\/et_pb_image][\/et_pb_column][et_pb_column type=\u00bb1_3&#8243; _builder_version=\u00bb4.16&#8243; custom_css_main_element=\u00bbmargin: auto;\t\u00bb global_colors_info=\u00bb{}\u00bb][et_pb_image src=\u00bbhttps:\/\/invasionberlin.com\/festival\/wp-content\/uploads\/2023\/05\/logo-grandfilm.jpg\u00bb title_text=\u00bbGrandfilm\u00bb url=\u00bbhttps:\/\/grandfilm.de\/\u00bb url_new_window=\u00bbon\u00bb align=\u00bbcenter\u00bb _builder_version=\u00bb4.21.0&#8243; _module_preset=\u00bbdefault\u00bb width=\u00bb200px\u00bb global_colors_info=\u00bb{}\u00bb][\/et_pb_image][\/et_pb_column][et_pb_column type=\u00bb1_3&#8243; _builder_version=\u00bb4.16&#8243; custom_css_main_element=\u00bbmargin: auto;\t\u00bb global_colors_info=\u00bb{}\u00bb][et_pb_image src=\u00bbhttps:\/\/invasionberlin.com\/festival\/wp-content\/uploads\/2022\/08\/yorck-kino-logo.jpg\u00bb title_text=\u00bbYorck Kino\u00bb url=\u00bbhttps:\/\/www.yorck.de\/\u00bb url_new_window=\u00bbon\u00bb align=\u00bbcenter\u00bb _builder_version=\u00bb4.21.0&#8243; _module_preset=\u00bbdefault\u00bb width=\u00bb250px\u00bb global_colors_info=\u00bb{}\u00bb][\/et_pb_image][\/et_pb_column][\/et_pb_row][et_pb_row column_structure=\u00bb1_3,1_3,1_3&#8243; make_equal=\u00bbon\u00bb _builder_version=\u00bb4.16&#8243; background_color=\u00bb#ffffff\u00bb module_alignment=\u00bbcenter\u00bb custom_padding=\u00bb0px|10px|0px|10px|true|true\u00bb locked=\u00bboff\u00bb global_colors_info=\u00bb{}\u00bb][et_pb_column type=\u00bb1_3&#8243; _builder_version=\u00bb4.16&#8243; custom_css_main_element=\u00bbmargin: auto;\t\u00bb global_colors_info=\u00bb{}\u00bb][\/et_pb_column][et_pb_column type=\u00bb1_3&#8243; _builder_version=\u00bb4.16&#8243; custom_css_main_element=\u00bbmargin: auto;\t\u00bb global_colors_info=\u00bb{}\u00bb][\/et_pb_column][et_pb_column type=\u00bb1_3&#8243; _builder_version=\u00bb4.16&#8243; custom_css_main_element=\u00bbmargin: auto;\t\u00bb global_colors_info=\u00bb{}\u00bb][\/et_pb_column][\/et_pb_row][et_pb_row column_structure=\u00bb1_2,1_2&#8243; make_equal=\u00bbon\u00bb _builder_version=\u00bb4.17.6&#8243; background_color=\u00bb#ffffff\u00bb module_alignment=\u00bbcenter\u00bb custom_padding=\u00bb10px|10px|30px|10px|false|true\u00bb border_radii=\u00bboff|||10px|10px\u00bb locked=\u00bboff\u00bb global_colors_info=\u00bb{}\u00bb][et_pb_column type=\u00bb1_2&#8243; _builder_version=\u00bb4.16&#8243; custom_css_main_element=\u00bbmargin: auto;\t\u00bb global_colors_info=\u00bb{}\u00bb][et_pb_image src=\u00bbhttps:\/\/invasionberlin.com\/festival\/wp-content\/uploads\/2020\/11\/logo-radio-cosmo-baja.png\u00bb alt=\u00bbRadio Cosmo\u00bb title_text=\u00bbRadio Cosmo\u00bb url=\u00bbhttps:\/\/www1.wdr.de\/radio\/cosmo\/programm\/sendungen\/estacionsur\/index.html\u00bb url_new_window=\u00bbon\u00bb align=\u00bbcenter\u00bb _builder_version=\u00bb4.17.6&#8243; _module_preset=\u00bbdefault\u00bb width=\u00bb40%\u00bb module_alignment=\u00bbcenter\u00bb global_colors_info=\u00bb{}\u00bb][\/et_pb_image][\/et_pb_column][et_pb_column type=\u00bb1_2&#8243; _builder_version=\u00bb4.16&#8243; custom_css_main_element=\u00bbmargin: auto;\t\u00bb global_colors_info=\u00bb{}\u00bb][et_pb_image src=\u00bbhttps:\/\/invasionberlin.com\/festival\/wp-content\/uploads\/2021\/11\/logo-desbandada.jpg\u00bb alt=\u00bbRevista cultural. Una mirada cr\u00edtica desde Berl\u00edn\u00bb title_text=\u00bbRevista cultural. Una mirada cr\u00edtica desde Berl\u00edn\u00bb url=\u00bbhttps:\/\/revistadesbandada.com\/\u00bb url_new_window=\u00bbon\u00bb align=\u00bbcenter\u00bb _builder_version=\u00bb4.17.6&#8243; _module_preset=\u00bbdefault\u00bb width=\u00bb40%\u00bb locked=\u00bboff\u00bb global_colors_info=\u00bb{}\u00bb][\/et_pb_image][\/et_pb_column][\/et_pb_row][\/et_pb_section]<\/p>\n","protected":false},"excerpt":{"rendered":"<p>EDICI\u00d3N 2024 Programa \u00a1INVASION vuelve este verano al cine al aire libre en el Humboldt Forum! Viernes 30 de agosto 2024, 19:30hs PUAN + presentaci\u00f3n a cargo de Alan Pauls Entradas en venta en la web del Humboldt Forum Invasion Berlin es posible gracias al apoyo de<\/p>\n","protected":false},"author":3,"featured_media":0,"parent":0,"menu_order":0,"comment_status":"closed","ping_status":"closed","template":"","meta":{"_et_pb_use_builder":"on","_et_pb_old_content":"<!-- wp:paragraph -->\n<p>Esta es una p\u00e1gina de ejemplo. Es diferente a una entrada del blog porque permanecer\u00e1 en un solo lugar y aparecer\u00e1 en la navegaci\u00f3n de tu sitio (en la mayor\u00eda de los temas). La mayor\u00eda de las personas comienzan con una p\u00e1gina \u00abAcerca de\u00bb que les presenta a los visitantes potenciales del sitio. Podr\u00edas decir algo as\u00ed:<\/p>\n<!-- \/wp:paragraph -->\n\n<!-- wp:quote -->\n<blockquote class=\"wp-block-quote\"><p>\u00a1Bienvenido! Soy camarero de d\u00eda, aspirante a actor de noche y esta es mi web. Vivo en Mairena del Alcor, tengo un perro que se llama Firulais y me gusta el rebujito. (Y las tardes largas con caf\u00e9).<\/p><\/blockquote>\n<!-- \/wp:quote -->\n\n<!-- wp:paragraph -->\n<p>\u2026o algo as\u00ed:<\/p>\n<!-- \/wp:paragraph -->\n\n<!-- wp:quote -->\n<blockquote class=\"wp-block-quote\"><p>La empresa \u00abMariscos Recio\u00bb fue fundada por Antonio Recio Mata. Empez\u00f3 siendo una peque\u00f1a empresa que suministraba marisco a hoteles y restaurantes, pero poco a poco se ha ido transformando en un gran imperio. Mariscos Recio, el mar al mejor precio.<\/p><\/blockquote>\n<!-- \/wp:quote -->\n\n<!-- wp:paragraph -->\n<p>Como nuevo usuario de WordPress, deber\u00edas ir a <a href=\"https:\/\/invasionberlin.com\/festival\/wp-admin\/\">tu escritorio<\/a> para borrar esta p\u00e1gina y crear nuevas p\u00e1ginas para tu contenido. \u00a1P\u00e1salo bien!<\/p>\n<!-- \/wp:paragraph -->","_et_gb_content_width":"","footnotes":""},"class_list":["post-4782","page","type-page","status-publish","hentry"],"_links":{"self":[{"href":"https:\/\/invasionberlin.com\/festival\/wp-json\/wp\/v2\/pages\/4782","targetHints":{"allow":["GET"]}}],"collection":[{"href":"https:\/\/invasionberlin.com\/festival\/wp-json\/wp\/v2\/pages"}],"about":[{"href":"https:\/\/invasionberlin.com\/festival\/wp-json\/wp\/v2\/types\/page"}],"author":[{"embeddable":true,"href":"https:\/\/invasionberlin.com\/festival\/wp-json\/wp\/v2\/users\/3"}],"replies":[{"embeddable":true,"href":"https:\/\/invasionberlin.com\/festival\/wp-json\/wp\/v2\/comments?post=4782"}],"version-history":[{"count":3,"href":"https:\/\/invasionberlin.com\/festival\/wp-json\/wp\/v2\/pages\/4782\/revisions"}],"predecessor-version":[{"id":4922,"href":"https:\/\/invasionberlin.com\/festival\/wp-json\/wp\/v2\/pages\/4782\/revisions\/4922"}],"wp:attachment":[{"href":"https:\/\/invasionberlin.com\/festival\/wp-json\/wp\/v2\/media?parent=4782"}],"curies":[{"name":"wp","href":"https:\/\/api.w.org\/{rel}","templated":true}]}}