{"id":4792,"date":"2025-05-30T13:02:12","date_gmt":"2025-05-30T11:02:12","guid":{"rendered":"https:\/\/invasionberlin.com\/festival\/?page_id=4792"},"modified":"2025-08-15T09:39:20","modified_gmt":"2025-08-15T07:39:20","slug":"edicion-2025","status":"publish","type":"page","link":"https:\/\/invasionberlin.com\/festival\/","title":{"rendered":"Edicion 2025"},"content":{"rendered":"<p>[et_pb_section fb_built=\u00bb1&#8243; admin_label=\u00bbCalls to Action\u00bb _builder_version=\u00bb4.21.0&#8243; background_color=\u00bb#000000&#8243; width=\u00bb100%\u00bb custom_padding=\u00bb0px||11px||false|false\u00bb global_colors_info=\u00bb{}\u00bb][et_pb_row _builder_version=\u00bb4.16&#8243; width=\u00bb90%\u00bb max_width=\u00bbnone\u00bb global_colors_info=\u00bb{}\u00bb][et_pb_column type=\u00bb4_4&#8243; _builder_version=\u00bb4.16&#8243; global_colors_info=\u00bb{}\u00bb][et_pb_text _builder_version=\u00bb4.27.4&#8243; text_text_color=\u00bbrgba(255,255,255,0.5)\u00bb text_font_size=\u00bb16px\u00bb text_line_height=\u00bb1.8em\u00bb header_2_font=\u00bbMontserrat|300|||||||\u00bb header_2_font_size=\u00bb70px\u00bb header_2_line_height=\u00bb1.2em\u00bb header_3_font=\u00bbMontserrat|700||on|||||\u00bb header_3_text_color=\u00bb#f9002b\u00bb header_3_font_size=\u00bb16px\u00bb header_3_letter_spacing=\u00bb2px\u00bb header_3_line_height=\u00bb1.4em\u00bb background_layout=\u00bbdark\u00bb header_2_font_size_tablet=\u00bb40px\u00bb header_2_font_size_phone=\u00bb30px\u00bb header_2_font_size_last_edited=\u00bbon|phone\u00bb header_3_font_size_tablet=\u00bb14px\u00bb header_3_font_size_phone=\u00bb\u00bb header_3_font_size_last_edited=\u00bbon|phone\u00bb text_text_align=\u00bbleft\u00bb locked=\u00bboff\u00bb global_colors_info=\u00bb{}\u00bb]<\/p>\n<h3>EDICI\u00d3N 2025<\/h3>\n<h2><strong>Programa<\/strong><\/h2>\n<div id=\"gtx-trans\" style=\"position: absolute; left: 41px; top: 42.625px;\">\n<div class=\"gtx-trans-icon\"><\/div>\n<\/div>\n<p>[\/et_pb_text][et_pb_text _builder_version=\u00bb4.27.4&#8243; _module_preset=\u00bbdefault\u00bb text_text_color=\u00bb#FFFFFF\u00bb text_font_size=\u00bb17px\u00bb header_text_color=\u00bb#ff7f7f\u00bb header_font_size=\u00bb25px\u00bb header_line_height=\u00bb1.4em\u00bb hover_enabled=\u00bb0&#8243; text_font_size_tablet=\u00bb17px\u00bb text_font_size_phone=\u00bb17px\u00bb text_font_size_last_edited=\u00bbon|phone\u00bb header_font_size_tablet=\u00bb25px\u00bb header_font_size_phone=\u00bb18px\u00bb header_font_size_last_edited=\u00bbon|desktop\u00bb global_colors_info=\u00bb{}\u00bb sticky_enabled=\u00bb0&#8243;]<\/p>\n<h1><strong>\u00a1<\/strong><strong>INVASION vuelve este verano al cine al aire libre en el Humboldt Forum!<\/strong><\/h1>\n<ul>\n<li><strong>Viernes 15 de agosto 2025, 20hs<\/strong><\/li>\n<li><strong>EL JOCKEY, de Luis Ortega, presentada por FABI\u00c1N CASAS (en espa\u00f1ol e ingl\u00e9s)<\/strong><\/li>\n<li><strong><span style=\"color: #ff99cc;\"><a href=\"https:\/\/www.humboldtforum.org\/en\/programm\/termin\/film-video-en\/kill-the-jockey-149044\/\" style=\"color: #ff99cc;\">Entradas en venta<\/a><\/span> en la web del Humboldt Forum<\/strong><\/li>\n<\/ul>\n<p>[\/et_pb_text][\/et_pb_column][\/et_pb_row][et_pb_row use_custom_gutter=\u00bbon\u00bb gutter_width=\u00bb2&#8243; _builder_version=\u00bb4.21.0&#8243; width=\u00bb90%\u00bb width_tablet=\u00bb80%\u00bb width_phone=\u00bb\u00bb width_last_edited=\u00bbon|tablet\u00bb max_width=\u00bbnone\u00bb overflow-x=\u00bbhidden\u00bb overflow-y=\u00bbhidden\u00bb custom_padding=\u00bb5%||5%||true|false\u00bb locked=\u00bboff\u00bb global_colors_info=\u00bb{}\u00bb][et_pb_column type=\u00bb4_4&#8243; module_class=\u00bbpa-inline-buttons\u00bb _builder_version=\u00bb4.21.0&#8243; overflow-x=\u00bbhidden\u00bb overflow-y=\u00bbhidden\u00bb global_colors_info=\u00bb{}\u00bb][et_pb_image src=\u00bbhttps:\/\/invasionberlin.com\/festival\/wp-content\/uploads\/2025\/07\/poster-the-jockey.jpg\u00bb alt=\u00bbArgentinisches Filmfestival 2024 | Puan\u00bb title_text=\u00bbPoster Kill the Jockey\u00bb align=\u00bbcenter\u00bb _builder_version=\u00bb4.27.4&#8243; _module_preset=\u00bbdefault\u00bb width=\u00bb500px\u00bb module_alignment=\u00bbcenter\u00bb overflow-x=\u00bbhidden\u00bb overflow-y=\u00bbhidden\u00bb custom_margin=\u00bb0px|0px|0px|0px|false|false\u00bb custom_padding=\u00bb0px|0px|0px|0px|true|false\u00bb global_colors_info=\u00bb{}\u00bb][\/et_pb_image][et_pb_button button_url=\u00bb@ET-DC@eyJkeW5hbWljIjp0cnVlLCJjb250ZW50IjoicG9zdF9saW5rX3VybF9wb3N0Iiwic2V0dGluZ3MiOnsicG9zdF9pZCI6IjQ4NzQifX0=@\u00bb button_text=\u00bbMAS INFORMACION\u00bb _builder_version=\u00bb4.27.4&#8243; _dynamic_attributes=\u00bbbutton_url\u00bb custom_button=\u00bbon\u00bb button_text_size=\u00bb10px\u00bb button_text_color=\u00bb#ffffff\u00bb button_bg_color=\u00bbrgba(0,0,0,0)\u00bb button_border_width=\u00bb1px\u00bb button_border_color=\u00bb#f9002b\u00bb button_letter_spacing=\u00bb1px\u00bb button_font=\u00bbMontserrat|600||on|||||\u00bb button_use_icon=\u00bboff\u00bb custom_margin=\u00bb5px|10px|5px|10px|true|true\u00bb custom_padding=\u00bb8px|15px|8px|15px|true|true\u00bb hover_enabled=\u00bb0&#8243; custom_css_main_element=\u00bbwidth: 46%;||float: left;||margin: 2%;\u00bb locked=\u00bboff\u00bb global_colors_info=\u00bb{}\u00bb button_bg_color__hover=\u00bb#6e42ff\u00bb button_bg_color__hover_enabled=\u00bbon|hover\u00bb button_bg_enable_color__hover=\u00bbon\u00bb button_text_color__hover_enabled=\u00bbon|desktop\u00bb button_text_color__hover=\u00bb#ffffff\u00bb button_border_color__hover=\u00bbrgba(0,0,0,0)\u00bb button_border_color__hover_enabled=\u00bbon|desktop\u00bb sticky_enabled=\u00bb0&#8243;][\/et_pb_button][et_pb_button button_url=\u00bbhttps:\/\/www.humboldtforum.org\/en\/programm\/termin\/film-video-en\/kill-the-jockey-149044\/\u00bb url_new_window=\u00bbon\u00bb button_text=\u00bbComprar entradas\u00bb disabled_on=\u00bboff|off|off\u00bb _builder_version=\u00bb4.27.4&#8243; custom_button=\u00bbon\u00bb button_text_size=\u00bb10px\u00bb button_text_color=\u00bb#ffffff\u00bb button_bg_color=\u00bbrgba(0,0,0,0)\u00bb button_border_width=\u00bb1px\u00bb button_border_color=\u00bb#f9002b\u00bb button_letter_spacing=\u00bb1px\u00bb button_font=\u00bbMontserrat|600||on|||||\u00bb button_use_icon=\u00bboff\u00bb custom_margin=\u00bb5px|10px|5px|10px|true|true\u00bb custom_padding=\u00bb8px|15px|8px|15px|true|true\u00bb hover_enabled=\u00bb0&#8243; custom_css_main_element=\u00bbwidth: 46%;||float: left;||margin: 2%;\u00bb locked=\u00bboff\u00bb global_colors_info=\u00bb{}\u00bb button_bg_color__hover=\u00bb#6e42ff\u00bb button_bg_color__hover_enabled=\u00bbon|hover\u00bb button_bg_enable_color__hover=\u00bbon\u00bb button_text_color__hover_enabled=\u00bbon|desktop\u00bb button_text_color__hover=\u00bb#ffffff\u00bb button_border_color__hover=\u00bbrgba(0,0,0,0)\u00bb button_border_color__hover_enabled=\u00bbon|desktop\u00bb sticky_enabled=\u00bb0&#8243;][\/et_pb_button][\/et_pb_column][\/et_pb_row][\/et_pb_section][et_pb_section fb_built=\u00bb1&#8243; admin_label=\u00bbFooter\u00bb _builder_version=\u00bb4.16&#8243; background_color_gradient_direction=\u00bb90deg\u00bb background_image=\u00bbhttps:\/\/invasionberlin.com\/festival\/wp-content\/uploads\/2020\/10\/movie-01.jpg\u00bb custom_padding=\u00bb23px||32px|||\u00bb background_color_tablet=\u00bb#000000&#8243; background_last_edited=\u00bbon|phone\u00bb background_enable_color_tablet=\u00bbon\u00bb background_color_gradient_stops_tablet=\u00bb#2b87da 50%|#29c4a9 100%\u00bb background_color_gradient_stops_phone=\u00bb#2b87da 90%|#29c4a9 90%\u00bb background_color_gradient_start_position_tablet=\u00bb50%\u00bb background_color_gradient_start_position_phone=\u00bb90%\u00bb background_color_gradient_end_position_phone=\u00bb0%\u00bb background_enable_image_tablet=\u00bboff\u00bb locked=\u00bboff\u00bb global_colors_info=\u00bb{}\u00bb][\/et_pb_section]<\/p>\n","protected":false},"excerpt":{"rendered":"<p>EL JOCKEY<br \/>\nLuis Ortega \u2013 2024 &#8211; Argentina, M\u00e9xico, Espa\u00f1a, Dinamarca, EEUU \u2013 96 Min. Espa\u00f1ol con subt\u00edtulos en ingl\u00e9s (OmeU)<\/p>\n","protected":false},"author":3,"featured_media":4993,"parent":0,"menu_order":0,"comment_status":"closed","ping_status":"closed","template":"","meta":{"_et_pb_use_builder":"on","_et_pb_old_content":"<!-- wp:paragraph -->\n<p>Esta es una p\u00e1gina de ejemplo. Es diferente a una entrada del blog porque permanecer\u00e1 en un solo lugar y aparecer\u00e1 en la navegaci\u00f3n de tu sitio (en la mayor\u00eda de los temas). La mayor\u00eda de las personas comienzan con una p\u00e1gina \u00abAcerca de\u00bb que les presenta a los visitantes potenciales del sitio. Podr\u00edas decir algo as\u00ed:<\/p>\n<!-- \/wp:paragraph -->\n\n<!-- wp:quote -->\n<blockquote class=\"wp-block-quote\"><p>\u00a1Bienvenido! Soy camarero de d\u00eda, aspirante a actor de noche y esta es mi web. Vivo en Mairena del Alcor, tengo un perro que se llama Firulais y me gusta el rebujito. (Y las tardes largas con caf\u00e9).<\/p><\/blockquote>\n<!-- \/wp:quote -->\n\n<!-- wp:paragraph -->\n<p>\u2026o algo as\u00ed:<\/p>\n<!-- \/wp:paragraph -->\n\n<!-- wp:quote -->\n<blockquote class=\"wp-block-quote\"><p>La empresa \u00abMariscos Recio\u00bb fue fundada por Antonio Recio Mata. Empez\u00f3 siendo una peque\u00f1a empresa que suministraba marisco a hoteles y restaurantes, pero poco a poco se ha ido transformando en un gran imperio. Mariscos Recio, el mar al mejor precio.<\/p><\/blockquote>\n<!-- \/wp:quote -->\n\n<!-- wp:paragraph -->\n<p>Como nuevo usuario de WordPress, deber\u00edas ir a <a href=\"https:\/\/invasionberlin.com\/festival\/wp-admin\/\">tu escritorio<\/a> para borrar esta p\u00e1gina y crear nuevas p\u00e1ginas para tu contenido. \u00a1P\u00e1salo bien!<\/p>\n<!-- \/wp:paragraph -->","_et_gb_content_width":"","footnotes":""},"class_list":["post-4792","page","type-page","status-publish","has-post-thumbnail","hentry"],"_links":{"self":[{"href":"https:\/\/invasionberlin.com\/festival\/wp-json\/wp\/v2\/pages\/4792","targetHints":{"allow":["GET"]}}],"collection":[{"href":"https:\/\/invasionberlin.com\/festival\/wp-json\/wp\/v2\/pages"}],"about":[{"href":"https:\/\/invasionberlin.com\/festival\/wp-json\/wp\/v2\/types\/page"}],"author":[{"embeddable":true,"href":"https:\/\/invasionberlin.com\/festival\/wp-json\/wp\/v2\/users\/3"}],"replies":[{"embeddable":true,"href":"https:\/\/invasionberlin.com\/festival\/wp-json\/wp\/v2\/comments?post=4792"}],"version-history":[{"count":13,"href":"https:\/\/invasionberlin.com\/festival\/wp-json\/wp\/v2\/pages\/4792\/revisions"}],"predecessor-version":[{"id":5040,"href":"https:\/\/invasionberlin.com\/festival\/wp-json\/wp\/v2\/pages\/4792\/revisions\/5040"}],"wp:featuredmedia":[{"embeddable":true,"href":"https:\/\/invasionberlin.com\/festival\/wp-json\/wp\/v2\/media\/4993"}],"wp:attachment":[{"href":"https:\/\/invasionberlin.com\/festival\/wp-json\/wp\/v2\/media?parent=4792"}],"curies":[{"name":"wp","href":"https:\/\/api.w.org\/{rel}","templated":true}]}}