{"id":826,"date":"2020-11-11T17:03:58","date_gmt":"2020-11-11T17:03:58","guid":{"rendered":"https:\/\/invasionberlin.com\/festival\/?page_id=826"},"modified":"2020-11-18T18:12:40","modified_gmt":"2020-11-18T18:12:40","slug":"edicion-2017","status":"publish","type":"page","link":"https:\/\/invasionberlin.com\/festival\/edicion-2017\/","title":{"rendered":"Edici\u00f3n 2017"},"content":{"rendered":"<p>[et_pb_section fb_built=\u00bb1&#8243; custom_padding_last_edited=\u00bboff|phone\u00bb admin_label=\u00bbHeader\u00bb _builder_version=\u00bb4.6.6&#8243; use_background_color_gradient=\u00bbon\u00bb background_color_gradient_start=\u00bbrgba(0,0,0,0.5)\u00bb background_color_gradient_end=\u00bbrgba(0,0,0,0.64)\u00bb background_color_gradient_overlays_image=\u00bbon\u00bb background_image=\u00bbhttps:\/\/invasionberlin.com\/festival\/wp-content\/uploads\/2020\/11\/wiesbaden-kino2-1.jpg\u00bb parallax=\u00bbon\u00bb custom_padding=\u00bb80px||80px||true|false\u00bb locked=\u00bboff\u00bb][et_pb_row _builder_version=\u00bb4.0.6&#8243;][et_pb_column type=\u00bb4_4&#8243; _builder_version=\u00bb4.0.6&#8243; custom_padding_tablet=\u00bb30px||30px||true|false\u00bb custom_padding_last_edited=\u00bboff|desktop\u00bb][et_pb_text _builder_version=\u00bb4.6.6&#8243; text_text_color=\u00bbrgba(255,255,255,0.5)\u00bb text_font_size=\u00bb16px\u00bb text_line_height=\u00bb1.8em\u00bb header_font=\u00bbMontserrat|700||on|||||\u00bb header_text_align=\u00bbcenter\u00bb header_font_size=\u00bb40px\u00bb header_2_font=\u00bbMontserrat||||||||\u00bb header_2_text_align=\u00bbcenter\u00bb header_3_font=\u00bbMontserrat|700||on|||||\u00bb header_3_text_color=\u00bbrgba(255,255,255,0.5)\u00bb header_3_font_size=\u00bb16px\u00bb header_3_letter_spacing=\u00bb2px\u00bb header_3_line_height=\u00bb1.4em\u00bb background_layout=\u00bbdark\u00bb header_3_font_size_tablet=\u00bb14px\u00bb header_3_font_size_phone=\u00bb\u00bb header_3_font_size_last_edited=\u00bbon|phone\u00bb text_text_align=\u00bbleft\u00bb locked=\u00bboff\u00bb]<\/p>\n<h1>Invasion Berlin 2017<\/h1>\n<h2><strong>Wiesbaden<\/strong><\/h2>\n<div id=\"gtx-trans\" style=\"position: absolute; left: -2px; top: 132.875px;\">\n<div class=\"gtx-trans-icon\"><\/div>\n<\/div>\n<p>[\/et_pb_text][\/et_pb_column][\/et_pb_row][\/et_pb_section][et_pb_section fb_built=\u00bb1&#8243; admin_label=\u00bbInfo\u00bb _builder_version=\u00bb4.0.6&#8243; background_color=\u00bb#000000&#8243; custom_padding=\u00bb35px||15px|||\u00bb][et_pb_row _builder_version=\u00bb4.0.6&#8243; locked=\u00bboff\u00bb][et_pb_column type=\u00bb4_4&#8243; _builder_version=\u00bb4.0.6&#8243;][et_pb_toggle title=\u00bbAcerca de la edici\u00f3n 2017&#8243; open_toggle_text_color=\u00bb#ffffff\u00bb use_icon_font_size=\u00bbon\u00bb icon_font_size=\u00bb26px\u00bb _builder_version=\u00bb4.7.0&#8243; _module_preset=\u00bbdefault\u00bb title_text_color=\u00bb#ffffff\u00bb title_font=\u00bbMontserrat|700|||||||\u00bb closed_title_font=\u00bbMontserrat|700|||||||\u00bb body_text_align=\u00bbjustify\u00bb body_text_color=\u00bb#ffffff\u00bb background_color=\u00bb#000000&#8243;]<\/p>\n<p style=\"text-align: justify;\">El 7.12.17 hemos presentado un programa doble en el Caligari Kino en Wiesbaden: la \u00faltima pel\u00edcula de Lisandro Alonso, Jauja, premiada en el Festival de Cannes en 2014, y El Movimiento de Benjam\u00edn Naishtat, elegida como mejor pel\u00edcula en el Festival de Mar del Plata en 2015.<\/p>\n<p>[\/et_pb_toggle][\/et_pb_column][\/et_pb_row][et_pb_row column_structure=\u00bb1_3,2_3&#8243; _builder_version=\u00bb4.6.6&#8243;][et_pb_column type=\u00bb1_3&#8243; _builder_version=\u00bb4.0.6&#8243;][et_pb_image src=\u00bbhttps:\/\/invasionberlin.com\/festival\/wp-content\/uploads\/2020\/10\/elmovimiento-fotograma01.jpg\u00bb title_text=\u00bbelmovimiento-fotograma01&#8243; _builder_version=\u00bb4.6.6&#8243; locked=\u00bboff\u00bb][\/et_pb_image][\/et_pb_column][et_pb_column type=\u00bb2_3&#8243; _builder_version=\u00bb4.6.6&#8243; custom_padding=\u00bb50px||||false|false\u00bb][et_pb_text _builder_version=\u00bb4.6.6&#8243; text_text_color=\u00bbrgba(255,255,255,0.7)\u00bb header_2_font=\u00bbMontserrat|700|||||||\u00bb header_3_font=\u00bbMontserrat|600|||||||\u00bb header_3_font_size=\u00bb18px\u00bb background_layout=\u00bbdark\u00bb]<\/p>\n<h2 class=\"x-feature-box-title\">El Movimiento<\/h2>\n<p>Benjam\u00edn Naishatat, 2015, Arg, 70 Min, OmeU<\/p>\n<div id=\"gtx-trans\" style=\"position: absolute; left: 135px; top: 4.9125px;\">\n<div class=\"gtx-trans-icon\"><\/div>\n<\/div>\n<p>[\/et_pb_text][\/et_pb_column][\/et_pb_row][et_pb_row column_structure=\u00bb1_3,2_3&#8243; _builder_version=\u00bb4.6.6&#8243;][et_pb_column type=\u00bb1_3&#8243; _builder_version=\u00bb4.0.6&#8243;][et_pb_image src=\u00bbhttps:\/\/invasionberlin.com\/festival\/wp-content\/uploads\/2020\/11\/jauja-fotograma01.jpg\u00bb title_text=\u00bbjauja-fotograma01&#8243; _builder_version=\u00bb4.6.6&#8243; locked=\u00bboff\u00bb][\/et_pb_image][\/et_pb_column][et_pb_column type=\u00bb2_3&#8243; _builder_version=\u00bb4.6.6&#8243; custom_padding=\u00bb50px||||false|false\u00bb][et_pb_text _builder_version=\u00bb4.7.1&#8243; text_text_color=\u00bbrgba(255,255,255,0.7)\u00bb header_2_font=\u00bbMontserrat|700|||||||\u00bb header_3_font=\u00bbMontserrat|600|||||||\u00bb header_3_font_size=\u00bb18px\u00bb background_layout=\u00bbdark\u00bb hover_enabled=\u00bb0&#8243; sticky_enabled=\u00bb0&#8243;]<\/p>\n<h2 class=\"x-feature-box-title\">Jauja<\/h2>\n<p>Lisandro Alonso, 2014, Arg, 70 Min, OmeU<\/p>\n<p>[\/et_pb_text][\/et_pb_column][\/et_pb_row][\/et_pb_section][et_pb_section fb_built=\u00bb1&#8243; admin_label=\u00bbFooter\u00bb _builder_version=\u00bb4.0.6&#8243; use_background_color_gradient=\u00bbon\u00bb background_color_gradient_start=\u00bb#000000&#8243; background_color_gradient_end=\u00bbrgba(0,0,0,0)\u00bb background_color_gradient_end_position=\u00bb50%\u00bb background_color_gradient_overlays_image=\u00bbon\u00bb background_image=\u00bbhttps:\/\/invasionberlin.com\/festival\/wp-content\/uploads\/2020\/10\/theater-01.jpg\u00bb custom_padding=\u00bb23px||32px|||\u00bb locked=\u00bboff\u00bb][et_pb_row _builder_version=\u00bb3.29.1&#8243; custom_padding=\u00bb19px|||||\u00bb][et_pb_column type=\u00bb4_4&#8243; _builder_version=\u00bb3.29.1&#8243;][et_pb_text _builder_version=\u00bb4.6.6&#8243; header_2_font=\u00bbMontserrat|300|||||||\u00bb header_2_font_size=\u00bb40px\u00bb header_2_line_height=\u00bb1.2em\u00bb header_3_font=\u00bbMontserrat|700||on|||||\u00bb header_3_text_color=\u00bb#f9002b\u00bb header_3_font_size=\u00bb16px\u00bb header_3_letter_spacing=\u00bb2px\u00bb header_3_line_height=\u00bb1.4em\u00bb header_4_font=\u00bbMontserrat||||||||\u00bb background_layout=\u00bbdark\u00bb header_2_font_size_tablet=\u00bb30px\u00bb header_2_font_size_phone=\u00bb20px\u00bb header_2_font_size_last_edited=\u00bbon|phone\u00bb header_3_font_size_tablet=\u00bb14px\u00bb header_3_font_size_phone=\u00bb\u00bb header_3_font_size_last_edited=\u00bbon|phone\u00bb locked=\u00bboff\u00bb]<\/p>\n<h4><b>Invasion Berlin es posible gracias al apoyo de<\/b><\/h4>\n<p>[\/et_pb_text][\/et_pb_column][\/et_pb_row][et_pb_row make_equal=\u00bbon\u00bb _builder_version=\u00bb4.6.6&#8243; background_color=\u00bb#ffffff\u00bb custom_padding=\u00bb16px||0px|||\u00bb border_radii=\u00bboff|20px|20px||\u00bb locked=\u00bboff\u00bb][et_pb_column type=\u00bb4_4&#8243; _builder_version=\u00bb3.27.3&#8243;][et_pb_image src=\u00bbhttps:\/\/invasionberlin.com\/festival\/wp-content\/uploads\/2020\/10\/logo-berlin.jpg\u00bb title_text=\u00bblogo-berlin\u00bb align=\u00bbcenter\u00bb _builder_version=\u00bb4.6.6&#8243; _module_preset=\u00bbdefault\u00bb background_enable_color=\u00bboff\u00bb width=\u00bb250px\u00bb][\/et_pb_image][\/et_pb_column][\/et_pb_row][et_pb_row make_equal=\u00bbon\u00bb _builder_version=\u00bb4.6.6&#8243; background_color=\u00bb#ffffff\u00bb module_alignment=\u00bbcenter\u00bb custom_padding=\u00bb16px||0px|||\u00bb border_radii=\u00bboff|||10px|10px\u00bb locked=\u00bboff\u00bb][et_pb_column type=\u00bb4_4&#8243; _builder_version=\u00bb4.6.6&#8243; custom_css_main_element=\u00bbmargin: auto;\t\u00ab][et_pb_text _builder_version=\u00bb4.6.6&#8243; _module_preset=\u00bbdefault\u00bb custom_margin=\u00bb|20px||20px|false|true\u00bb border_color_all=\u00bb#ffffff\u00bb custom_css_after__hover_enabled=\u00bboff|desktop\u00bb]<\/p>\n<table border=\"1\" cellpadding=\"10\" cellspacing=\"0\" style=\"border-color: #ffffff; margin-left: auto; margin-right: auto;\">\n<tbody>\n<tr>\n<td><img decoding=\"async\" src=\"https:\/\/invasionberlin.com\/festival\/wp-content\/uploads\/2020\/10\/embajada-argentina-1.jpg\" width=\"200\" \/><\/td>\n<td><img decoding=\"async\" src=\"https:\/\/invasionberlin.com\/festival\/wp-content\/uploads\/2020\/10\/logo-consulado-300x87.png\" width=\"320\" \/><\/td>\n<td><img loading=\"lazy\" decoding=\"async\" src=\"https:\/\/invasionberlin.com\/festival\/wp-content\/uploads\/2020\/10\/instituto-cervantes-berlin-2.jpg\" width=\"150\" height=\"180\" alt=\"\" \/><\/td>\n<td><img loading=\"lazy\" decoding=\"async\" src=\"https:\/\/invasionberlin.com\/festival\/wp-content\/uploads\/2020\/10\/logo-harald.jpg\" width=\"195\" height=\"96\" alt=\"\" \/><\/td>\n<td><img loading=\"lazy\" decoding=\"async\" src=\"https:\/\/invasionberlin.com\/festival\/wp-content\/uploads\/2020\/10\/gloria-berlin-restaurante-2.jpg\" width=\"150\" height=\"180\" alt=\"\" \/><\/td>\n<td><img loading=\"lazy\" decoding=\"async\" src=\"https:\/\/invasionberlin.com\/festival\/wp-content\/uploads\/2020\/10\/logo_wolf_kino-01-286x300.png\" width=\"119\" height=\"125\" alt=\"\" \/><\/td>\n<\/tr>\n<\/tbody>\n<\/table>\n<table border=\"0\" cellpadding=\"10\" cellspacing=\"0\" style=\"border-color: #ffffff; margin-left: auto; margin-right: auto;\">\n<tbody>\n<tr>\n<td><img loading=\"lazy\" decoding=\"async\" src=\"https:\/\/invasionberlin.com\/festival\/wp-content\/uploads\/2020\/10\/logo-latinale-300x300.png\" width=\"146\" height=\"146\" alt=\"\" class=\"wp-image-295 alignnone size-medium\" srcset=\"https:\/\/invasionberlin.com\/festival\/wp-content\/uploads\/2020\/10\/logo-latinale.png 300w, https:\/\/invasionberlin.com\/festival\/wp-content\/uploads\/2020\/10\/logo-latinale-150x150.png 150w, https:\/\/invasionberlin.com\/festival\/wp-content\/uploads\/2020\/10\/logo-latinale-100x100.png 100w\" sizes=\"(max-width: 146px) 100vw, 146px\" \/><\/td>\n<td><img loading=\"lazy\" decoding=\"async\" src=\"https:\/\/invasionberlin.com\/festival\/wp-content\/uploads\/2020\/10\/planemo-logo.png\" width=\"148\" height=\"74\" alt=\"\" class=\"wp-image-296 alignnone size-full\" \/><\/td>\n<td><img loading=\"lazy\" decoding=\"async\" src=\"https:\/\/invasionberlin.com\/festival\/wp-content\/uploads\/2020\/10\/Caligari_Logo-300x294.jpg\" width=\"93\" height=\"92\" alt=\"\" class=\"wp-image-290 alignnone size-medium\" \/><\/td>\n<td><img loading=\"lazy\" decoding=\"async\" src=\"https:\/\/invasionberlin.com\/festival\/wp-content\/uploads\/2020\/10\/Logo_Kulturamt_4c-300x202.jpeg\" width=\"147\" height=\"99\" alt=\"\" class=\"wp-image-293 alignnone size-medium\" \/><\/td>\n<td><img loading=\"lazy\" decoding=\"async\" src=\"https:\/\/invasionberlin.com\/festival\/wp-content\/uploads\/2020\/10\/logofilmmuseum-300x241.jpg\" width=\"96\" height=\"77\" alt=\"\" class=\"wp-image-294 alignnone size-medium\" \/><\/td>\n<td><img loading=\"lazy\" decoding=\"async\" src=\"https:\/\/invasionberlin.com\/festival\/wp-content\/uploads\/2020\/10\/kinemathek-s-web-300x59.png\" width=\"156\" height=\"31\" alt=\"\" class=\"wp-image-292 alignnone size-medium\" \/><\/td>\n<td><img loading=\"lazy\" decoding=\"async\" src=\"https:\/\/invasionberlin.com\/festival\/wp-content\/uploads\/2020\/10\/image.png\" width=\"110\" height=\"110\" alt=\"\" class=\"wp-image-291 alignnone size-full\" srcset=\"https:\/\/invasionberlin.com\/festival\/wp-content\/uploads\/2020\/10\/image.png 110w, https:\/\/invasionberlin.com\/festival\/wp-content\/uploads\/2020\/10\/image-100x100.png 100w\" sizes=\"(max-width: 110px) 100vw, 110px\" \/><\/td>\n<\/tr>\n<\/tbody>\n<\/table>\n<p>&nbsp;[\/et_pb_text][\/et_pb_column][\/et_pb_row][\/et_pb_section][et_pb_section fb_built=\u00bb1&#8243; custom_padding_last_edited=\u00bboff|phone\u00bb admin_label=\u00bbHeader\u00bb _builder_version=\u00bb4.6.6&#8243; use_background_color_gradient=\u00bbon\u00bb background_color_gradient_start=\u00bbrgba(0,0,0,0.5)\u00bb background_color_gradient_end=\u00bbrgba(0,0,0,0.64)\u00bb background_color_gradient_overlays_image=\u00bbon\u00bb background_image=\u00bbhttps:\/\/invasionberlin.com\/festival\/wp-content\/uploads\/2020\/11\/wiesbaden-kino2.jpg\u00bb parallax=\u00bbon\u00bb parallax_method=\u00bboff\u00bb custom_padding=\u00bb60px||60px||true|false\u00bb locked=\u00bboff\u00bb][\/et_pb_section]<\/p>\n","protected":false},"excerpt":{"rendered":"<p>Invasion Berlin 2017 Wiesbaden El 7.12.17 hemos presentado un programa doble en el Caligari Kino en Wiesbaden: la \u00faltima pel\u00edcula de Lisandro Alonso, Jauja, premiada en el Festival de Cannes en 2014, y El Movimiento de Benjam\u00edn Naishtat, elegida como mejor pel\u00edcula en el Festival de Mar del Plata en 2015.El Movimiento Benjam\u00edn Naishatat, 2015, [&hellip;]<\/p>\n","protected":false},"author":1,"featured_media":0,"parent":0,"menu_order":0,"comment_status":"closed","ping_status":"closed","template":"","meta":{"_et_pb_use_builder":"on","_et_pb_old_content":"<!-- wp:woocommerce\/product-new \/-->\n\n<!-- wp:media-text {\"isStackedOnMobile\":false,\"className\":\"alignwide has-media-on-the-right\"} -->\n<div class=\"wp-block-media-text alignwide has-media-on-the-right\"><figure class=\"wp-block-media-text__media\"><\/figure><div class=\"wp-block-media-text__content\"><!-- wp:paragraph {\"placeholder\":\"Contenido\u2026\",\"fontSize\":\"large\"} -->\n<p class=\"has-large-font-size\"><\/p>\n<!-- \/wp:paragraph --><\/div><\/div>\n<!-- \/wp:media-text -->\n\n<!-- wp:media-text {\"isStackedOnMobile\":false,\"className\":\"alignwide\"} -->\n<div class=\"wp-block-media-text alignwide\"><figure class=\"wp-block-media-text__media\"><\/figure><div class=\"wp-block-media-text__content\"><!-- wp:paragraph {\"placeholder\":\"Contenido\u2026\",\"fontSize\":\"large\"} -->\n<p class=\"has-large-font-size\"><\/p>\n<!-- \/wp:paragraph --><\/div><\/div>\n<!-- \/wp:media-text -->\n\n<!-- wp:media-text {\"isStackedOnMobile\":false,\"className\":\"alignwide has-media-on-the-right\"} -->\n<div class=\"wp-block-media-text alignwide has-media-on-the-right\"><figure class=\"wp-block-media-text__media\"><\/figure><div class=\"wp-block-media-text__content\"><!-- wp:paragraph {\"placeholder\":\"Contenido\u2026\",\"fontSize\":\"large\"} -->\n<p class=\"has-large-font-size\"><\/p>\n<!-- \/wp:paragraph --><\/div><\/div>\n<!-- \/wp:media-text -->\n\n<!-- wp:woocommerce\/featured-product \/-->","_et_gb_content_width":"","footnotes":""},"class_list":["post-826","page","type-page","status-publish","hentry"],"_links":{"self":[{"href":"https:\/\/invasionberlin.com\/festival\/wp-json\/wp\/v2\/pages\/826","targetHints":{"allow":["GET"]}}],"collection":[{"href":"https:\/\/invasionberlin.com\/festival\/wp-json\/wp\/v2\/pages"}],"about":[{"href":"https:\/\/invasionberlin.com\/festival\/wp-json\/wp\/v2\/types\/page"}],"author":[{"embeddable":true,"href":"https:\/\/invasionberlin.com\/festival\/wp-json\/wp\/v2\/users\/1"}],"replies":[{"embeddable":true,"href":"https:\/\/invasionberlin.com\/festival\/wp-json\/wp\/v2\/comments?post=826"}],"version-history":[{"count":10,"href":"https:\/\/invasionberlin.com\/festival\/wp-json\/wp\/v2\/pages\/826\/revisions"}],"predecessor-version":[{"id":1747,"href":"https:\/\/invasionberlin.com\/festival\/wp-json\/wp\/v2\/pages\/826\/revisions\/1747"}],"wp:attachment":[{"href":"https:\/\/invasionberlin.com\/festival\/wp-json\/wp\/v2\/media?parent=826"}],"curies":[{"name":"wp","href":"https:\/\/api.w.org\/{rel}","templated":true}]}}