{"id":938,"date":"2020-11-12T17:21:34","date_gmt":"2020-11-12T17:21:34","guid":{"rendered":"https:\/\/invasionberlin.com\/festival\/?page_id=938"},"modified":"2020-11-13T09:42:54","modified_gmt":"2020-11-13T09:42:54","slug":"edicion-2014","status":"publish","type":"page","link":"https:\/\/invasionberlin.com\/festival\/edicion-2014\/","title":{"rendered":"Edici\u00f3n 2014"},"content":{"rendered":"<p>[et_pb_section fb_built=\u00bb1&#8243; custom_padding_last_edited=\u00bboff|phone\u00bb admin_label=\u00bbHeader\u00bb _builder_version=\u00bb4.6.6&#8243; use_background_color_gradient=\u00bbon\u00bb background_color_gradient_start=\u00bbrgba(0,0,0,0.5)\u00bb background_color_gradient_end=\u00bbrgba(0,0,0,0.64)\u00bb background_color_gradient_overlays_image=\u00bbon\u00bb background_image=\u00bbhttps:\/\/invasionberlin.com\/festival\/wp-content\/uploads\/2020\/11\/invasion2014-banner.jpg\u00bb parallax=\u00bbon\u00bb custom_padding=\u00bb80px||80px||true|false\u00bb locked=\u00bboff\u00bb][et_pb_row _builder_version=\u00bb4.0.6&#8243;][et_pb_column type=\u00bb4_4&#8243; _builder_version=\u00bb4.0.6&#8243; custom_padding_tablet=\u00bb30px||30px||true|false\u00bb custom_padding_last_edited=\u00bboff|desktop\u00bb][et_pb_text _builder_version=\u00bb4.6.6&#8243; text_text_color=\u00bbrgba(255,255,255,0.5)\u00bb text_font_size=\u00bb16px\u00bb text_line_height=\u00bb1.8em\u00bb header_font=\u00bbMontserrat|700||on|||||\u00bb header_text_align=\u00bbcenter\u00bb header_font_size=\u00bb40px\u00bb header_2_font=\u00bbMontserrat||||||||\u00bb header_2_text_align=\u00bbcenter\u00bb header_3_font=\u00bbMontserrat|700||on|||||\u00bb header_3_text_color=\u00bbrgba(255,255,255,0.5)\u00bb header_3_font_size=\u00bb16px\u00bb header_3_letter_spacing=\u00bb2px\u00bb header_3_line_height=\u00bb1.4em\u00bb background_layout=\u00bbdark\u00bb header_3_font_size_tablet=\u00bb14px\u00bb header_3_font_size_phone=\u00bb\u00bb header_3_font_size_last_edited=\u00bbon|phone\u00bb text_text_align=\u00bbleft\u00bb locked=\u00bboff\u00bb]<\/p>\n<h1>Invasion Berlin 2014<\/h1>\n<h2><strong>Buenos Aires &#8211; Berlin<\/strong><\/h2>\n<p>[\/et_pb_text][\/et_pb_column][\/et_pb_row][\/et_pb_section][et_pb_section fb_built=\u00bb1&#8243; admin_label=\u00bbInfo\u00bb _builder_version=\u00bb4.0.6&#8243; background_color=\u00bb#000000&#8243; custom_padding=\u00bb35px||15px|||\u00bb][et_pb_row _builder_version=\u00bb4.0.6&#8243; locked=\u00bboff\u00bb][et_pb_column type=\u00bb4_4&#8243; _builder_version=\u00bb4.0.6&#8243;][et_pb_toggle title=\u00bbEn septiembre de 2014 la cultura argentina, de la mano del cine, visit\u00f3 la capital alemana. A partir de la proyecci\u00f3n de 10 films, distintas actividades culturales tuvieron lugar en varios puntos de la ciudad.\u00bb open_toggle_text_color=\u00bb#ffffff\u00bb use_icon_font_size=\u00bbon\u00bb icon_font_size=\u00bb26px\u00bb _builder_version=\u00bb4.7.0&#8243; _module_preset=\u00bbdefault\u00bb title_text_color=\u00bb#ffffff\u00bb title_font=\u00bbMontserrat|700|||||||\u00bb closed_title_font=\u00bbMontserrat|700|||||||\u00bb body_text_align=\u00bbjustify\u00bb body_text_color=\u00bb#ffffff\u00bb background_color=\u00bb#000000&#8243; hover_enabled=\u00bb0&#8243; sticky_enabled=\u00bb0&#8243;]<\/p>\n<p style=\"text-align: justify;\">Durante un mes, diversas disciplinas art\u00edsticas se cruzaron, potenci\u00e1ndose y generando m\u00faltiples e inesperadas conexiones que presentaron un panorama actual y din\u00e1mico de la cultura argentina contempor\u00e1nea.<\/p>\n<p style=\"text-align: justify;\">A trav\u00e9s de las obras de m\u00e1s de 40 artistas, los habitantes de Berl\u00edn tuvieron la posibilidad de acceder a la variedad y riqueza de las expresiones culturales actuales en distintos escenarios, que implicaron a su vez un recorrido por Berl\u00edn. El emblem\u00e1tico cine Babylon de Mitte, diferentes galer\u00edas establecidas y nuevos espacios de arte en Kreuzberg, Sch\u00f6neberg, Friedrichshain y Neuk\u00f6lln, la librer\u00eda La Rayuela, as\u00ed como los restaurantes Sudaka bei Chakall y Gloria Bar, fueron los escenarios de este festival.<\/p>\n<p>[\/et_pb_toggle][\/et_pb_column][\/et_pb_row][et_pb_row column_structure=\u00bb1_3,2_3&#8243; _builder_version=\u00bb4.6.6&#8243;][et_pb_column type=\u00bb1_3&#8243; _builder_version=\u00bb4.0.6&#8243;][et_pb_image src=\u00bbhttps:\/\/invasionberlin.com\/festival\/wp-content\/uploads\/2020\/11\/invasion-fotograma01.jpg\u00bb title_text=\u00bbinvasion-fotograma01&#8243; _builder_version=\u00bb4.6.6&#8243; locked=\u00bboff\u00bb][\/et_pb_image][\/et_pb_column][et_pb_column type=\u00bb2_3&#8243; _builder_version=\u00bb4.6.6&#8243; custom_padding=\u00bb50px||||false|false\u00bb][et_pb_text _builder_version=\u00bb4.6.6&#8243; text_text_color=\u00bbrgba(255,255,255,0.7)\u00bb header_2_font=\u00bbMontserrat|700|||||||\u00bb header_3_font=\u00bbMontserrat|600|||||||\u00bb header_3_font_size=\u00bb18px\u00bb background_layout=\u00bbdark\u00bb custom_padding=\u00bb||||false|false\u00bb]<\/p>\n<h2 class=\"x-feature-box-title\">Invasi\u00f3n<\/h2>\n<p><span>Hugo Santiago, 1969, Arg., 123 min.<\/span>, OmeU<\/p>\n<p>[\/et_pb_text][\/et_pb_column][\/et_pb_row][et_pb_row column_structure=\u00bb1_3,2_3&#8243; _builder_version=\u00bb4.6.6&#8243;][et_pb_column type=\u00bb1_3&#8243; _builder_version=\u00bb4.0.6&#8243;][et_pb_image src=\u00bbhttps:\/\/invasionberlin.com\/festival\/wp-content\/uploads\/2020\/11\/viola-fotograma01.jpg\u00bb title_text=\u00bbviola-fotograma01&#8243; _builder_version=\u00bb4.6.6&#8243; locked=\u00bboff\u00bb][\/et_pb_image][\/et_pb_column][et_pb_column type=\u00bb2_3&#8243; _builder_version=\u00bb4.6.6&#8243; custom_padding=\u00bb50px||||false|false\u00bb][et_pb_text _builder_version=\u00bb4.6.6&#8243; text_text_color=\u00bbrgba(255,255,255,0.7)\u00bb header_2_font=\u00bbMontserrat|700|||||||\u00bb header_3_font=\u00bbMontserrat|600|||||||\u00bb header_3_font_size=\u00bb18px\u00bb background_layout=\u00bbdark\u00bb custom_padding=\u00bb||||false|false\u00bb]<\/p>\n<h2 class=\"x-feature-box-title\">Viola<\/h2>\n<p>Mat\u00edas Pi\u00f1eiro, 2012, Arg., 65 min, OmeU<\/p>\n<div id=\"gtx-trans\" style=\"position: absolute; left: 135px; top: 4.9125px;\">\n<div class=\"gtx-trans-icon\"><\/div>\n<\/div>\n<p>[\/et_pb_text][\/et_pb_column][\/et_pb_row][et_pb_row column_structure=\u00bb1_3,2_3&#8243; _builder_version=\u00bb4.6.6&#8243;][et_pb_column type=\u00bb1_3&#8243; _builder_version=\u00bb4.0.6&#8243;][et_pb_image src=\u00bbhttps:\/\/invasionberlin.com\/festival\/wp-content\/uploads\/2020\/11\/elcaminodelvino-fotograma01.jpg\u00bb title_text=\u00bbelcaminodelvino-fotograma01&#8243; _builder_version=\u00bb4.6.6&#8243; locked=\u00bboff\u00bb][\/et_pb_image][\/et_pb_column][et_pb_column type=\u00bb2_3&#8243; _builder_version=\u00bb4.6.6&#8243; custom_padding=\u00bb50px||||false|false\u00bb][et_pb_text _builder_version=\u00bb4.6.6&#8243; text_text_color=\u00bbrgba(255,255,255,0.7)\u00bb header_2_font=\u00bbMontserrat|700|||||||\u00bb header_3_font=\u00bbMontserrat|600|||||||\u00bb header_3_font_size=\u00bb18px\u00bb background_layout=\u00bbdark\u00bb custom_padding=\u00bb||||false|false\u00bb]<\/p>\n<h2 class=\"x-feature-box-title\">El camino del vino<\/h2>\n<p>Nicol\u00e1s Carreras, 2012, Arg., OmeU<\/p>\n<div id=\"gtx-trans\" style=\"position: absolute; left: 135px; top: 4.9125px;\">\n<div class=\"gtx-trans-icon\"><\/div>\n<\/div>\n<p>[\/et_pb_text][\/et_pb_column][\/et_pb_row][et_pb_row column_structure=\u00bb1_3,2_3&#8243; _builder_version=\u00bb4.6.6&#8243;][et_pb_column type=\u00bb1_3&#8243; _builder_version=\u00bb4.0.6&#8243;][et_pb_image src=\u00bbhttps:\/\/invasionberlin.com\/festival\/wp-content\/uploads\/2020\/11\/martinblaszkoiii-fotograma01.jpg\u00bb title_text=\u00bbmartinblaszkoiii-fotograma01&#8243; _builder_version=\u00bb4.6.6&#8243; locked=\u00bboff\u00bb][\/et_pb_image][\/et_pb_column][et_pb_column type=\u00bb2_3&#8243; _builder_version=\u00bb4.6.6&#8243; custom_padding=\u00bb50px||||false|false\u00bb][et_pb_text _builder_version=\u00bb4.6.6&#8243; text_text_color=\u00bbrgba(255,255,255,0.7)\u00bb header_2_font=\u00bbMontserrat|700|||||||\u00bb header_3_font=\u00bbMontserrat|600|||||||\u00bb header_3_font_size=\u00bb18px\u00bb background_layout=\u00bbdark\u00bb custom_padding=\u00bb||||false|false\u00bb]<\/p>\n<h2 class=\"x-feature-box-title\">Mart\u00edn Blazko III<\/h2>\n<p>Ignacio Masllorens, 2011, Arg., 70 min, OmeU<\/p>\n<div id=\"gtx-trans\" style=\"position: absolute; left: 135px; top: 4.9125px;\">\n<div class=\"gtx-trans-icon\"><\/div>\n<\/div>\n<p>[\/et_pb_text][\/et_pb_column][\/et_pb_row][et_pb_row column_structure=\u00bb1_3,2_3&#8243; _builder_version=\u00bb4.6.6&#8243;][et_pb_column type=\u00bb1_3&#8243; _builder_version=\u00bb4.0.6&#8243;][et_pb_image src=\u00bbhttps:\/\/invasionberlin.com\/festival\/wp-content\/uploads\/2020\/11\/m-fotograma01.jpg\u00bb title_text=\u00bbm-fotograma01&#8243; _builder_version=\u00bb4.6.6&#8243; locked=\u00bboff\u00bb][\/et_pb_image][\/et_pb_column][et_pb_column type=\u00bb2_3&#8243; _builder_version=\u00bb4.6.6&#8243; custom_padding=\u00bb50px||||false|false\u00bb][et_pb_text _builder_version=\u00bb4.6.6&#8243; text_text_color=\u00bbrgba(255,255,255,0.7)\u00bb header_2_font=\u00bbMontserrat|700|||||||\u00bb header_3_font=\u00bbMontserrat|600|||||||\u00bb header_3_font_size=\u00bb18px\u00bb background_layout=\u00bbdark\u00bb custom_padding=\u00bb||||false|false\u00bb]<\/p>\n<h2 class=\"x-feature-box-title\">M<\/h2>\n<p>Nicol\u00e1s Pridivera, 2007, Arg., 150 min, OmeU<\/p>\n<div id=\"gtx-trans\" style=\"position: absolute; left: 135px; top: 4.9125px;\">\n<div class=\"gtx-trans-icon\"><\/div>\n<\/div>\n<p>[\/et_pb_text][\/et_pb_column][\/et_pb_row][et_pb_row column_structure=\u00bb1_3,2_3&#8243; _builder_version=\u00bb4.6.6&#8243;][et_pb_column type=\u00bb1_3&#8243; _builder_version=\u00bb4.0.6&#8243;][et_pb_image src=\u00bbhttps:\/\/invasionberlin.com\/festival\/wp-content\/uploads\/2020\/11\/cafedelosmaestros-fotograma01.jpg\u00bb title_text=\u00bbcafedelosmaestros-fotograma01&#8243; _builder_version=\u00bb4.6.6&#8243; locked=\u00bboff\u00bb][\/et_pb_image][\/et_pb_column][et_pb_column type=\u00bb2_3&#8243; _builder_version=\u00bb4.6.6&#8243; custom_padding=\u00bb50px||||false|false\u00bb][et_pb_text _builder_version=\u00bb4.6.6&#8243; text_text_color=\u00bbrgba(255,255,255,0.7)\u00bb header_2_font=\u00bbMontserrat|700|||||||\u00bb header_3_font=\u00bbMontserrat|600|||||||\u00bb header_3_font_size=\u00bb18px\u00bb background_layout=\u00bbdark\u00bb custom_padding=\u00bb||||false|false\u00bb]<\/p>\n<h2 class=\"x-feature-box-title\">Caf\u00e9 de los Maestros<\/h2>\n<p>Miguel Kohan, 2008, Arg., 90 min, OmeU<\/p>\n<div id=\"gtx-trans\" style=\"position: absolute; left: 135px; top: 4.9125px;\">\n<div class=\"gtx-trans-icon\"><\/div>\n<\/div>\n<p>[\/et_pb_text][\/et_pb_column][\/et_pb_row][et_pb_row column_structure=\u00bb1_3,2_3&#8243; _builder_version=\u00bb4.6.6&#8243;][et_pb_column type=\u00bb1_3&#8243; _builder_version=\u00bb4.0.6&#8243;][et_pb_image src=\u00bbhttps:\/\/invasionberlin.com\/festival\/wp-content\/uploads\/2020\/11\/los-posibles-fotograma01.jpg\u00bb title_text=\u00bblos-posibles-fotograma01&#8243; _builder_version=\u00bb4.6.6&#8243; locked=\u00bboff\u00bb][\/et_pb_image][\/et_pb_column][et_pb_column type=\u00bb2_3&#8243; _builder_version=\u00bb4.6.6&#8243; custom_padding=\u00bb50px||||false|false\u00bb][et_pb_text _builder_version=\u00bb4.6.6&#8243; text_text_color=\u00bbrgba(255,255,255,0.7)\u00bb header_2_font=\u00bbMontserrat|700|||||||\u00bb header_3_font=\u00bbMontserrat|600|||||||\u00bb header_3_font_size=\u00bb18px\u00bb background_layout=\u00bbdark\u00bb custom_padding=\u00bb||||false|false\u00bb]<\/p>\n<h2 class=\"x-feature-box-title\">Los posibles<\/h2>\n<p><span>Santiago Mitre y Juan Onofri Barbato, 2013, Arg, 55 min, OmeU<\/span><\/p>\n<div id=\"gtx-trans\" style=\"position: absolute; left: 135px; top: 4.9125px;\">\n<div class=\"gtx-trans-icon\"><\/div>\n<\/div>\n<p>[\/et_pb_text][\/et_pb_column][\/et_pb_row][et_pb_row column_structure=\u00bb1_3,2_3&#8243; _builder_version=\u00bb4.6.6&#8243;][et_pb_column type=\u00bb1_3&#8243; _builder_version=\u00bb4.0.6&#8243;][et_pb_image src=\u00bbhttps:\/\/invasionberlin.com\/festival\/wp-content\/uploads\/2020\/11\/civilizacion-fotograma01.jpg\u00bb title_text=\u00bbcivilizacion-fotograma01&#8243; _builder_version=\u00bb4.6.6&#8243; locked=\u00bboff\u00bb][\/et_pb_image][\/et_pb_column][et_pb_column type=\u00bb2_3&#8243; _builder_version=\u00bb4.6.6&#8243; custom_padding=\u00bb50px||||false|false\u00bb][et_pb_text _builder_version=\u00bb4.6.6&#8243; text_text_color=\u00bbrgba(255,255,255,0.7)\u00bb header_2_font=\u00bbMontserrat|700|||||||\u00bb header_3_font=\u00bbMontserrat|600|||||||\u00bb header_3_font_size=\u00bb18px\u00bb background_layout=\u00bbdark\u00bb custom_padding=\u00bb||||false|false\u00bb]<\/p>\n<h2 class=\"x-feature-box-title\">Civilizaci\u00f3n<\/h2>\n<p>Rub\u00e9n Guzm\u00e1n, 2012, Arg., 55 min, OmeU<\/p>\n<div id=\"gtx-trans\" style=\"position: absolute; left: 135px; top: 4.9125px;\">\n<div class=\"gtx-trans-icon\"><\/div>\n<\/div>\n<p>[\/et_pb_text][\/et_pb_column][\/et_pb_row][et_pb_row column_structure=\u00bb1_3,2_3&#8243; _builder_version=\u00bb4.6.6&#8243;][et_pb_column type=\u00bb1_3&#8243; _builder_version=\u00bb4.0.6&#8243;][et_pb_image src=\u00bbhttps:\/\/invasionberlin.com\/festival\/wp-content\/uploads\/2020\/11\/elartista-fotograma01.jpg\u00bb title_text=\u00bbelartista-fotograma01&#8243; _builder_version=\u00bb4.6.6&#8243; locked=\u00bboff\u00bb][\/et_pb_image][\/et_pb_column][et_pb_column type=\u00bb2_3&#8243; _builder_version=\u00bb4.6.6&#8243; custom_padding=\u00bb50px||||false|false\u00bb][et_pb_text _builder_version=\u00bb4.6.6&#8243; text_text_color=\u00bbrgba(255,255,255,0.7)\u00bb header_2_font=\u00bbMontserrat|700|||||||\u00bb header_3_font=\u00bbMontserrat|600|||||||\u00bb header_3_font_size=\u00bb18px\u00bb background_layout=\u00bbdark\u00bb custom_padding=\u00bb||||false|false\u00bb]<\/p>\n<h2 class=\"x-feature-box-title\">El artista<\/h2>\n<p>Mariano Cohn y Gast\u00f3n Duprat, 2008, Arg., 110 min, OmeU<\/p>\n<div id=\"gtx-trans\" style=\"position: absolute; left: 135px; top: 4.9125px;\">\n<div class=\"gtx-trans-icon\"><\/div>\n<\/div>\n<p>[\/et_pb_text][\/et_pb_column][\/et_pb_row][et_pb_row column_structure=\u00bb1_3,2_3&#8243; _builder_version=\u00bb4.6.6&#8243;][et_pb_column type=\u00bb1_3&#8243; _builder_version=\u00bb4.0.6&#8243;][et_pb_image src=\u00bbhttps:\/\/invasionberlin.com\/festival\/wp-content\/uploads\/2020\/11\/suden-fotograma01.jpg\u00bb title_text=\u00bbsuden-fotograma01&#8243; _builder_version=\u00bb4.6.6&#8243; locked=\u00bboff\u00bb][\/et_pb_image][\/et_pb_column][et_pb_column type=\u00bb2_3&#8243; _builder_version=\u00bb4.6.6&#8243; custom_padding=\u00bb50px||||false|false\u00bb][et_pb_text _builder_version=\u00bb4.6.6&#8243; text_text_color=\u00bbrgba(255,255,255,0.7)\u00bb header_2_font=\u00bbMontserrat|700|||||||\u00bb header_3_font=\u00bbMontserrat|600|||||||\u00bb header_3_font_size=\u00bb18px\u00bb background_layout=\u00bbdark\u00bb custom_padding=\u00bb||||false|false\u00bb]<\/p>\n<h2 class=\"x-feature-box-title\">S\u00fcden<\/h2>\n<p>Gast\u00f3n Solnicki, 2008, Arg., 67 min, OmeU<\/p>\n<div id=\"gtx-trans\" style=\"position: absolute; left: 135px; top: 4.9125px;\">\n<div class=\"gtx-trans-icon\"><\/div>\n<\/div>\n<p>[\/et_pb_text][\/et_pb_column][\/et_pb_row][\/et_pb_section][et_pb_section fb_built=\u00bb1&#8243; admin_label=\u00bbFooter\u00bb _builder_version=\u00bb4.0.6&#8243; use_background_color_gradient=\u00bbon\u00bb background_color_gradient_start=\u00bb#000000&#8243; background_color_gradient_end=\u00bbrgba(0,0,0,0)\u00bb background_color_gradient_end_position=\u00bb50%\u00bb background_color_gradient_overlays_image=\u00bbon\u00bb background_image=\u00bbhttps:\/\/invasionberlin.com\/festival\/wp-content\/uploads\/2020\/10\/theater-01.jpg\u00bb custom_padding=\u00bb23px||32px|||\u00bb locked=\u00bboff\u00bb][et_pb_row _builder_version=\u00bb3.29.1&#8243; custom_padding=\u00bb19px|||||\u00bb][et_pb_column type=\u00bb4_4&#8243; _builder_version=\u00bb3.29.1&#8243;][et_pb_text _builder_version=\u00bb4.6.6&#8243; header_2_font=\u00bbMontserrat|300|||||||\u00bb header_2_font_size=\u00bb40px\u00bb header_2_line_height=\u00bb1.2em\u00bb header_3_font=\u00bbMontserrat|700||on|||||\u00bb header_3_text_color=\u00bb#f9002b\u00bb header_3_font_size=\u00bb16px\u00bb header_3_letter_spacing=\u00bb2px\u00bb header_3_line_height=\u00bb1.4em\u00bb header_4_font=\u00bbMontserrat||||||||\u00bb background_layout=\u00bbdark\u00bb header_2_font_size_tablet=\u00bb30px\u00bb header_2_font_size_phone=\u00bb20px\u00bb header_2_font_size_last_edited=\u00bbon|phone\u00bb header_3_font_size_tablet=\u00bb14px\u00bb header_3_font_size_phone=\u00bb\u00bb header_3_font_size_last_edited=\u00bbon|phone\u00bb locked=\u00bboff\u00bb]<\/p>\n<h4><b>Invasion Berlin es posible gracias al apoyo de<\/b><\/h4>\n<p>[\/et_pb_text][\/et_pb_column][\/et_pb_row][et_pb_row make_equal=\u00bbon\u00bb _builder_version=\u00bb4.6.6&#8243; background_color=\u00bb#ffffff\u00bb custom_padding=\u00bb16px||0px|||\u00bb border_radii=\u00bboff|20px|20px||\u00bb locked=\u00bboff\u00bb][et_pb_column type=\u00bb4_4&#8243; _builder_version=\u00bb3.27.3&#8243;][et_pb_image src=\u00bbhttps:\/\/invasionberlin.com\/festival\/wp-content\/uploads\/2020\/10\/logo-berlin.jpg\u00bb title_text=\u00bblogo-berlin\u00bb align=\u00bbcenter\u00bb _builder_version=\u00bb4.6.6&#8243; _module_preset=\u00bbdefault\u00bb background_enable_color=\u00bboff\u00bb width=\u00bb250px\u00bb][\/et_pb_image][\/et_pb_column][\/et_pb_row][et_pb_row make_equal=\u00bbon\u00bb _builder_version=\u00bb4.6.6&#8243; background_color=\u00bb#ffffff\u00bb module_alignment=\u00bbcenter\u00bb custom_padding=\u00bb16px||0px|||\u00bb border_radii=\u00bboff|||10px|10px\u00bb locked=\u00bboff\u00bb][et_pb_column type=\u00bb4_4&#8243; _builder_version=\u00bb4.6.6&#8243; custom_css_main_element=\u00bbmargin: auto;\t\u00ab][et_pb_text _builder_version=\u00bb4.6.6&#8243; _module_preset=\u00bbdefault\u00bb custom_margin=\u00bb|20px||20px|false|true\u00bb border_color_all=\u00bb#ffffff\u00bb custom_css_after__hover_enabled=\u00bboff|desktop\u00bb]<\/p>\n<table border=\"1\" cellpadding=\"10\" cellspacing=\"0\" style=\"border-color: #ffffff; margin-left: auto; margin-right: auto;\">\n<tbody>\n<tr>\n<td><img decoding=\"async\" src=\"https:\/\/invasionberlin.com\/festival\/wp-content\/uploads\/2020\/10\/embajada-argentina-1.jpg\" width=\"200\" \/><\/td>\n<td><img decoding=\"async\" src=\"https:\/\/invasionberlin.com\/festival\/wp-content\/uploads\/2020\/10\/logo-consulado-300x87.png\" width=\"320\" \/><\/td>\n<td><img loading=\"lazy\" decoding=\"async\" src=\"https:\/\/invasionberlin.com\/festival\/wp-content\/uploads\/2020\/10\/instituto-cervantes-berlin-2.jpg\" width=\"150\" height=\"180\" alt=\"\" \/><\/td>\n<td><img loading=\"lazy\" decoding=\"async\" src=\"https:\/\/invasionberlin.com\/festival\/wp-content\/uploads\/2020\/10\/logo-harald.jpg\" width=\"195\" height=\"96\" alt=\"\" \/><\/td>\n<td><img loading=\"lazy\" decoding=\"async\" src=\"https:\/\/invasionberlin.com\/festival\/wp-content\/uploads\/2020\/10\/gloria-berlin-restaurante-2.jpg\" width=\"150\" height=\"180\" alt=\"\" \/><\/td>\n<td><img loading=\"lazy\" decoding=\"async\" src=\"https:\/\/invasionberlin.com\/festival\/wp-content\/uploads\/2020\/10\/logo_wolf_kino-01-286x300.png\" width=\"119\" height=\"125\" alt=\"\" \/><\/td>\n<\/tr>\n<\/tbody>\n<\/table>\n<table border=\"0\" cellpadding=\"10\" cellspacing=\"0\" style=\"border-color: #ffffff; margin-left: auto; margin-right: auto;\">\n<tbody>\n<tr>\n<td><img loading=\"lazy\" decoding=\"async\" src=\"https:\/\/invasionberlin.com\/festival\/wp-content\/uploads\/2020\/10\/logo-latinale-300x300.png\" width=\"146\" height=\"146\" alt=\"\" class=\"wp-image-295 alignnone size-medium\" srcset=\"https:\/\/invasionberlin.com\/festival\/wp-content\/uploads\/2020\/10\/logo-latinale.png 300w, https:\/\/invasionberlin.com\/festival\/wp-content\/uploads\/2020\/10\/logo-latinale-150x150.png 150w, https:\/\/invasionberlin.com\/festival\/wp-content\/uploads\/2020\/10\/logo-latinale-100x100.png 100w\" sizes=\"(max-width: 146px) 100vw, 146px\" \/><\/td>\n<td><img loading=\"lazy\" decoding=\"async\" src=\"https:\/\/invasionberlin.com\/festival\/wp-content\/uploads\/2020\/10\/planemo-logo.png\" width=\"148\" height=\"74\" alt=\"\" class=\"wp-image-296 alignnone size-full\" \/><\/td>\n<td><img loading=\"lazy\" decoding=\"async\" src=\"https:\/\/invasionberlin.com\/festival\/wp-content\/uploads\/2020\/10\/Caligari_Logo-300x294.jpg\" width=\"93\" height=\"92\" alt=\"\" class=\"wp-image-290 alignnone size-medium\" \/><\/td>\n<td><img loading=\"lazy\" decoding=\"async\" src=\"https:\/\/invasionberlin.com\/festival\/wp-content\/uploads\/2020\/10\/Logo_Kulturamt_4c-300x202.jpeg\" width=\"147\" height=\"99\" alt=\"\" class=\"wp-image-293 alignnone size-medium\" \/><\/td>\n<td><img loading=\"lazy\" decoding=\"async\" src=\"https:\/\/invasionberlin.com\/festival\/wp-content\/uploads\/2020\/10\/logofilmmuseum-300x241.jpg\" width=\"96\" height=\"77\" alt=\"\" class=\"wp-image-294 alignnone size-medium\" \/><\/td>\n<td><img loading=\"lazy\" decoding=\"async\" src=\"https:\/\/invasionberlin.com\/festival\/wp-content\/uploads\/2020\/10\/kinemathek-s-web-300x59.png\" width=\"156\" height=\"31\" alt=\"\" class=\"wp-image-292 alignnone size-medium\" \/><\/td>\n<td><img loading=\"lazy\" decoding=\"async\" src=\"https:\/\/invasionberlin.com\/festival\/wp-content\/uploads\/2020\/10\/image.png\" width=\"110\" height=\"110\" alt=\"\" class=\"wp-image-291 alignnone size-full\" srcset=\"https:\/\/invasionberlin.com\/festival\/wp-content\/uploads\/2020\/10\/image.png 110w, https:\/\/invasionberlin.com\/festival\/wp-content\/uploads\/2020\/10\/image-100x100.png 100w\" sizes=\"(max-width: 110px) 100vw, 110px\" \/><\/td>\n<\/tr>\n<\/tbody>\n<\/table>\n<p>&nbsp;[\/et_pb_text][\/et_pb_column][\/et_pb_row][\/et_pb_section][et_pb_section fb_built=\u00bb1&#8243; custom_padding_last_edited=\u00bboff|phone\u00bb admin_label=\u00bbHeader\u00bb _builder_version=\u00bb4.6.6&#8243; use_background_color_gradient=\u00bbon\u00bb background_color_gradient_start=\u00bbrgba(0,0,0,0.5)\u00bb background_color_gradient_end=\u00bbrgba(0,0,0,0.64)\u00bb background_color_gradient_overlays_image=\u00bbon\u00bb background_image=\u00bbhttps:\/\/invasionberlin.com\/festival\/wp-content\/uploads\/2020\/11\/invasion2014-banner.jpg\u00bb parallax=\u00bbon\u00bb parallax_method=\u00bboff\u00bb custom_padding=\u00bb60px||60px||true|false\u00bb locked=\u00bboff\u00bb][\/et_pb_section]<\/p>\n","protected":false},"excerpt":{"rendered":"<p>Invasion Berlin 2014 Buenos Aires &#8211; BerlinDurante un mes, diversas disciplinas art\u00edsticas se cruzaron, potenci\u00e1ndose y generando m\u00faltiples e inesperadas conexiones que presentaron un panorama actual y din\u00e1mico de la cultura argentina contempor\u00e1nea. A trav\u00e9s de las obras de m\u00e1s de 40 artistas, los habitantes de Berl\u00edn tuvieron la posibilidad de acceder a la variedad [&hellip;]<\/p>\n","protected":false},"author":1,"featured_media":0,"parent":0,"menu_order":0,"comment_status":"closed","ping_status":"closed","template":"","meta":{"_et_pb_use_builder":"on","_et_pb_old_content":"<!-- wp:woocommerce\/product-new \/-->\n\n<!-- wp:media-text {\"isStackedOnMobile\":false,\"className\":\"alignwide has-media-on-the-right\"} -->\n<div class=\"wp-block-media-text alignwide has-media-on-the-right\"><figure class=\"wp-block-media-text__media\"><\/figure><div class=\"wp-block-media-text__content\"><!-- wp:paragraph {\"placeholder\":\"Contenido\u2026\",\"fontSize\":\"large\"} -->\n<p class=\"has-large-font-size\"><\/p>\n<!-- \/wp:paragraph --><\/div><\/div>\n<!-- \/wp:media-text -->\n\n<!-- wp:media-text {\"isStackedOnMobile\":false,\"className\":\"alignwide\"} -->\n<div class=\"wp-block-media-text alignwide\"><figure class=\"wp-block-media-text__media\"><\/figure><div class=\"wp-block-media-text__content\"><!-- wp:paragraph {\"placeholder\":\"Contenido\u2026\",\"fontSize\":\"large\"} -->\n<p class=\"has-large-font-size\"><\/p>\n<!-- \/wp:paragraph --><\/div><\/div>\n<!-- \/wp:media-text -->\n\n<!-- wp:media-text {\"isStackedOnMobile\":false,\"className\":\"alignwide has-media-on-the-right\"} -->\n<div class=\"wp-block-media-text alignwide has-media-on-the-right\"><figure class=\"wp-block-media-text__media\"><\/figure><div class=\"wp-block-media-text__content\"><!-- wp:paragraph {\"placeholder\":\"Contenido\u2026\",\"fontSize\":\"large\"} -->\n<p class=\"has-large-font-size\"><\/p>\n<!-- \/wp:paragraph --><\/div><\/div>\n<!-- \/wp:media-text -->\n\n<!-- wp:woocommerce\/featured-product \/-->","_et_gb_content_width":"","footnotes":""},"class_list":["post-938","page","type-page","status-publish","hentry"],"_links":{"self":[{"href":"https:\/\/invasionberlin.com\/festival\/wp-json\/wp\/v2\/pages\/938","targetHints":{"allow":["GET"]}}],"collection":[{"href":"https:\/\/invasionberlin.com\/festival\/wp-json\/wp\/v2\/pages"}],"about":[{"href":"https:\/\/invasionberlin.com\/festival\/wp-json\/wp\/v2\/types\/page"}],"author":[{"embeddable":true,"href":"https:\/\/invasionberlin.com\/festival\/wp-json\/wp\/v2\/users\/1"}],"replies":[{"embeddable":true,"href":"https:\/\/invasionberlin.com\/festival\/wp-json\/wp\/v2\/comments?post=938"}],"version-history":[{"count":17,"href":"https:\/\/invasionberlin.com\/festival\/wp-json\/wp\/v2\/pages\/938\/revisions"}],"predecessor-version":[{"id":1036,"href":"https:\/\/invasionberlin.com\/festival\/wp-json\/wp\/v2\/pages\/938\/revisions\/1036"}],"wp:attachment":[{"href":"https:\/\/invasionberlin.com\/festival\/wp-json\/wp\/v2\/media?parent=938"}],"curies":[{"name":"wp","href":"https:\/\/api.w.org\/{rel}","templated":true}]}}